{"id":13020,"date":"2026-01-29T08:51:26","date_gmt":"2026-01-29T08:51:26","guid":{"rendered":"https:\/\/vetatourism.com\/?post_type=product&#038;p=13020"},"modified":"2026-04-25T17:31:10","modified_gmt":"2026-04-25T17:31:10","slug":"kemer-pirate-boat-trip-red-dragon-with-lunch","status":"publish","type":"product","link":"https:\/\/vetatourism.com\/tours\/kemer-pirate-boat-trip-red-dragon-with-lunch","title":{"rendered":"Kemer Pirata Viaje En Barco Drag\u00f3n Rojo \u2014 Con Almuerzo"},"content":{"rendered":"<div data-start=\"1347\" data-end=\"1579\">Tu aventura comienza con un c\u00f3modo servicio de recogida de su hotel en Belek o de zonas cercanas, seguido por una transferencia a <strong data-start=\"1463\" data-end=\"1479\">Kemer Marina<\/strong>. Paso a bordo de un grande <strong data-start=\"1501\" data-end=\"1523\">con tem\u00e1tica pirata barco<\/strong>dise\u00f1ado para la diversi\u00f3n, la m\u00fasica y la inolvidable mar momentos.<\/div>\n<div data-start=\"1581\" data-end=\"1821\">Como los cruceros en barco a lo largo de la impresionante Kemer costa, el equipo mantiene la energ\u00eda de alta con m\u00fasica, baile y estilo pirata de entretenimiento. El tour incluye a su disposici\u00f3n varias paradas, donde podr\u00e1 refrescarse en las aguas color turquesa o relajarse en la cubierta.<\/div>\n<div data-start=\"1823\" data-end=\"2094\">Nadar cerca de las antiguas ruinas en <strong data-start=\"1854\" data-end=\"1870\">Phaselis Bay<\/strong>, para disfrutar de la tranquilidad de <strong data-start=\"1905\" data-end=\"1919\">El Cielo De La Bah\u00eda De<\/strong>y relajarse o tomar fotos en <strong data-start=\"1949\" data-end=\"1966\">Moonlight Bay<\/strong>. Usted tambi\u00e9n viajar\u00e1 el misterioso pasado <strong data-start=\"2009\" data-end=\"2024\">Cueva Del Pirata<\/strong>, que ofrece impresionantes formaciones rocosas y excelentes oportunidades de fotos.<\/div>\n<div data-start=\"2096\" data-end=\"2325\">Durante todo el recorrido, la comida y las bebidas est\u00e1n disponibles a bordo, dependiendo del paquete seleccionado. Con entretenimiento en vivo, hermosos paisajes y un mont\u00f3n de tiempo de nataci\u00f3n, este barco pirata tour promete un d\u00eda lleno de diversi\u00f3n y recuerdos.<\/div>\n<div data-start=\"2096\" data-end=\"2325\"><\/div>\n<div data-start=\"2096\" data-end=\"2325\"><\/div>\n<div style=\"max-width: 360px; margin: 0;\">\n<div style=\"position: relative; padding-top: 177.77%;\"><iframe style=\"position: absolute; top: 0; left: 0; width: 100%; height: 100%; border: 0;\" src=\"https:\/\/www.youtube.com\/embed\/6hknrEM8D68\" allowfullscreen=\"allowfullscreen\"><br \/>\n<\/iframe><\/div>\n<\/div>\n<hr \/>\n<p>&nbsp;<\/p>\n<div class=\"tour-content-what-included\">\n<h4 id=\"whats-included\">\u00bfQu\u00e9 est\u00e1 Incluido<\/h4>\n<ul style=\"column-count: 2;\">\n<li>Recogida de hoteles en Kemer y \u00e1reas circundantes<\/li>\n<li>Traslado al puerto deportivo de Kemer<\/li>\n<li>Embarque en el barco pirata<\/li>\n<li>Phaselis de la Bah\u00eda de nataci\u00f3n parada<\/li>\n<li>El cielo de la Bah\u00eda de nataci\u00f3n parada<\/li>\n<li>La luz de la luna de la Bah\u00eda de nataci\u00f3n parada<\/li>\n<li>Pirata, Cueva de turismo<\/li>\n<li>El entretenimiento, la nataci\u00f3n y el tiempo libre a bordo<\/li>\n<li>Volver a la marina y la transferencia de hotel<\/li>\n<\/ul>\n<\/div>\n<p>&nbsp;<\/p>\n<hr \/>\n<p>&nbsp;<\/p>\n<div class=\"tour-content-add-information\">\n<h4>Informaci\u00f3n Adicional<\/h4>\n<ul>\n<li>D\u00eda completo de barco pirata tour<\/li>\n<li>Familiar y adecuados para los ni\u00f1os<\/li>\n<li>M\u00fasica en vivo y entretenimiento a bordo<\/li>\n<li>La ruta puede variar dependiendo de las condiciones clim\u00e1ticas<\/li>\n<\/ul>\n<\/div>\n<hr \/>\n<p>&nbsp;<\/p>\n<div class=\"tour-content-cancell-policy\">\n<p><strong>Qu\u00e9 Llevar<\/strong><\/p>\n<ul style=\"column-count: 2;\">\n<li>Gafas de sol<img decoding=\"async\" class=\"emoji\" role=\"img\" draggable=\"false\" src=\"https:\/\/s.w.org\/images\/core\/emoji\/17.0.2\/svg\/1f576.svg\" alt=\"\ud83d\udd76\ufe0f\" \/><\/li>\n<li>Protector solar y sombrero<img decoding=\"async\" class=\"emoji\" role=\"img\" draggable=\"false\" src=\"https:\/\/s.w.org\/images\/core\/emoji\/17.0.2\/svg\/1f9e2.svg\" alt=\"\ud83e\udde2\" \/><\/li>\n<li>Trajes de ba\u00f1o y toalla <img decoding=\"async\" class=\"emoji\" role=\"img\" draggable=\"false\" src=\"https:\/\/s.w.org\/images\/core\/emoji\/17.0.2\/svg\/1fa71.svg\" alt=\"\ud83e\ude71\" \/><\/li>\n<li>C\u00e1mara o smartphone \ud83d\udcf1<\/li>\n<li>Dinero en efectivo para gastos personales <img decoding=\"async\" class=\"emoji\" role=\"img\" draggable=\"false\" src=\"https:\/\/s.w.org\/images\/core\/emoji\/17.0.2\/svg\/1f4b3.svg\" alt=\"\ud83d\udcb3\" \/><\/li>\n<\/ul>\n<\/div>","protected":false},"excerpt":{"rendered":"<p>Unirse a un barco pirata tour de Belek, a Kemer. Nadar en las cristalinas bah\u00edas, disfrutar de la m\u00fasica, el entretenimiento y una divertida aventura en el mar con las transferencias del hotel.<\/p>","protected":false},"featured_media":16564,"comment_status":"open","ping_status":"closed","template":"","meta":[],"product_brand":[],"product_cat":[],"product_tag":[],"class_list":{"0":"post-13020","1":"product","2":"type-product","3":"status-publish","4":"has-post-thumbnail","6":"tour_phys-tours","7":"pa_activity-pirate-boat-tours","8":"pa_destination-kemer","10":"first","11":"instock","12":"shipping-taxable","13":"purchasable","14":"product-type-tour_phys"},"_links":{"self":[{"href":"https:\/\/vetatourism.com\/es\/wp-json\/wp\/v2\/product\/13020","targetHints":{"allow":["GET"]}}],"collection":[{"href":"https:\/\/vetatourism.com\/es\/wp-json\/wp\/v2\/product"}],"about":[{"href":"https:\/\/vetatourism.com\/es\/wp-json\/wp\/v2\/types\/product"}],"replies":[{"embeddable":true,"href":"https:\/\/vetatourism.com\/es\/wp-json\/wp\/v2\/comments?post=13020"}],"wp:featuredmedia":[{"embeddable":true,"href":"https:\/\/vetatourism.com\/es\/wp-json\/wp\/v2\/media\/16564"}],"wp:attachment":[{"href":"https:\/\/vetatourism.com\/es\/wp-json\/wp\/v2\/media?parent=13020"}],"wp:term":[{"taxonomy":"product_brand","embeddable":true,"href":"https:\/\/vetatourism.com\/es\/wp-json\/wp\/v2\/product_brand?post=13020"},{"taxonomy":"product_cat","embeddable":true,"href":"https:\/\/vetatourism.com\/es\/wp-json\/wp\/v2\/product_cat?post=13020"},{"taxonomy":"product_tag","embeddable":true,"href":"https:\/\/vetatourism.com\/es\/wp-json\/wp\/v2\/product_tag?post=13020"}],"curies":[{"name":"wp","href":"https:\/\/api.w.org\/{rel}","templated":true}]}}