{"id":12995,"date":"2026-01-29T07:11:52","date_gmt":"2026-01-29T07:11:52","guid":{"rendered":"https:\/\/vetatourism.com\/?post_type=product&#038;p=12995"},"modified":"2026-04-09T08:04:15","modified_gmt":"2026-04-09T08:04:15","slug":"green-canyon-boat-trip-from-belek-nature-relaxation","status":"publish","type":"product","link":"https:\/\/vetatourism.com\/tours\/green-canyon-boat-trip-from-belek-nature-relaxation","title":{"rendered":"Green Canyon Viaje en Barco desde Belek \u2013 la Naturaleza, la Relajaci\u00f3n"},"content":{"rendered":"<p>Su d\u00eda comienza con un c\u00f3modo servicio de recogida de su hotel en Belek o de zonas cercanas, seguido por un viaje esc\u00e9nico a trav\u00e9s de las Monta\u00f1as de Tauro hacia el Ca\u00f1\u00f3n Verde.<\/p>\n<p>A su llegada, a bordo de un barco confortable y el inicio de un relajante crucero por las aguas verde esmeralda, rodeada de acantilados y exuberantes paisajes forestales. La ruta pasa a trav\u00e9s de la Peque\u00f1a y Gran Ca\u00f1\u00f3n, con piscina de saltos en calma, aguas cristalinas.<\/p>\n<p>M\u00e1s tarde, podr\u00e1 disfrutar de un delicioso almuerzo en un restaurante junto al lago, donde usted puede relajarse completamente y disfrutar del silencio de la naturaleza. Este tour ofrece el equilibrio perfecto entre la relajaci\u00f3n y el paisaje, antes de regresar a su hotel sinti\u00e9ndose renovado y recargado.<\/p>\n<p>&nbsp;<\/p>\n<hr \/>\n<p>&nbsp;<\/p>\n<div class=\"tour-content-what-included\">\n<h4 id=\"whats-included\">\u00bfQu\u00e9 est\u00e1 Incluido<\/h4>\n<ul style=\"column-count: 2;\">\n<li>Recogida de hoteles en Belek y \u00e1reas circundantes<\/li>\n<li>Viaje esc\u00e9nico a trav\u00e9s de las Monta\u00f1as de Tauro<\/li>\n<li>Crucero en barco por Green Canyon<\/li>\n<li>La nataci\u00f3n se detiene<\/li>\n<li>Almuerzo en un restaurante junto al lago<\/li>\n<li>Crucero volver<\/li>\n<li>Traslado de regreso al hotel<\/li>\n<\/ul>\n<\/div>\n<hr \/>\n<p>&nbsp;<\/p>\n<div class=\"tour-content-add-information\">\n<h4>Informaci\u00f3n Adicional<\/h4>\n<ul>\n<li>D\u00eda completo de excursi\u00f3n en barco (aprox. De 9 a 10 horas)<\/li>\n<li>La escasa actividad f\u00edsica (crucero en barco y nadar)<\/li>\n<li>Salidas diarias desde Kemer<\/li>\n<li>La sombra de los asientos y ba\u00f1os disponibles en el barco<\/li>\n<li>Chalecos salvavidas provistos<\/li>\n<li>Los ni\u00f1os menores de 5 a\u00f1os viajan gratis no tienen un asiento de autob\u00fas; si el autob\u00fas est\u00e1 lleno, se sientan en el regazo de un adulto o un asiento puede ser reservado por separado<\/li>\n<\/ul>\n<\/div>\n<hr \/>\n<p>&nbsp;<\/p>\n<div class=\"tour-content-cancell-policy\">\n<p><strong>Qu\u00e9 Llevar<\/strong><\/p>\n<ul style=\"column-count: 2;\">\n<li>Gafas de sol<img decoding=\"async\" class=\"emoji\" role=\"img\" draggable=\"false\" src=\"https:\/\/s.w.org\/images\/core\/emoji\/17.0.2\/svg\/1f576.svg\" alt=\"\ud83d\udd76\ufe0f\" \/><\/li>\n<li>Protector solar y sombrero<img decoding=\"async\" class=\"emoji\" role=\"img\" draggable=\"false\" src=\"https:\/\/s.w.org\/images\/core\/emoji\/17.0.2\/svg\/1f9e2.svg\" alt=\"\ud83e\udde2\" \/><\/li>\n<li>Trajes de ba\u00f1o y toalla <img decoding=\"async\" class=\"emoji\" role=\"img\" draggable=\"false\" src=\"https:\/\/s.w.org\/images\/core\/emoji\/17.0.2\/svg\/1fa71.svg\" alt=\"\ud83e\ude71\" \/><\/li>\n<li>C\u00e1mara o smartphone \ud83d\udcf1<\/li>\n<li>Dinero en efectivo para gastos personales <img decoding=\"async\" class=\"emoji\" role=\"img\" draggable=\"false\" src=\"https:\/\/s.w.org\/images\/core\/emoji\/17.0.2\/svg\/1f4b3.svg\" alt=\"\ud83d\udcb3\" \/><\/li>\n<\/ul>\n<\/div>","protected":false},"excerpt":{"rendered":"<p>Unirse a un Green Canyon tour en barco de Belek, con aguas de color esmeralda, la nataci\u00f3n se detiene y un lago almuerzo. Un tranquilo d\u00eda completo de experiencia en la naturaleza.<\/p>","protected":false},"featured_media":12997,"comment_status":"open","ping_status":"closed","template":"","meta":[],"product_brand":[],"product_cat":[],"product_tag":[],"class_list":{"0":"post-12995","1":"product","2":"type-product","3":"status-publish","4":"has-post-thumbnail","6":"tour_phys-tours","7":"pa_destination-belek","9":"first","10":"instock","11":"shipping-taxable","12":"purchasable","13":"product-type-tour_phys"},"_links":{"self":[{"href":"https:\/\/vetatourism.com\/es\/wp-json\/wp\/v2\/product\/12995","targetHints":{"allow":["GET"]}}],"collection":[{"href":"https:\/\/vetatourism.com\/es\/wp-json\/wp\/v2\/product"}],"about":[{"href":"https:\/\/vetatourism.com\/es\/wp-json\/wp\/v2\/types\/product"}],"replies":[{"embeddable":true,"href":"https:\/\/vetatourism.com\/es\/wp-json\/wp\/v2\/comments?post=12995"}],"wp:featuredmedia":[{"embeddable":true,"href":"https:\/\/vetatourism.com\/es\/wp-json\/wp\/v2\/media\/12997"}],"wp:attachment":[{"href":"https:\/\/vetatourism.com\/es\/wp-json\/wp\/v2\/media?parent=12995"}],"wp:term":[{"taxonomy":"product_brand","embeddable":true,"href":"https:\/\/vetatourism.com\/es\/wp-json\/wp\/v2\/product_brand?post=12995"},{"taxonomy":"product_cat","embeddable":true,"href":"https:\/\/vetatourism.com\/es\/wp-json\/wp\/v2\/product_cat?post=12995"},{"taxonomy":"product_tag","embeddable":true,"href":"https:\/\/vetatourism.com\/es\/wp-json\/wp\/v2\/product_tag?post=12995"}],"curies":[{"name":"wp","href":"https:\/\/api.w.org\/{rel}","templated":true}]}}