{"id":10214,"date":"2024-08-13T02:55:52","date_gmt":"2024-08-13T02:55:52","guid":{"rendered":"https:\/\/travelwp.physcode.com\/main-demo\/?post_type=product&#038;p=10214"},"modified":"2026-02-28T12:11:05","modified_gmt":"2026-02-28T12:11:05","slug":"cappadocia-2-day-tour-from-kemer","status":"publish","type":"product","link":"https:\/\/vetatourism.com\/tours\/cappadocia-2-day-tour-from-kemer","title":{"rendered":"Capadocia 2-Tour de un D\u00eda desde kemer"},"content":{"rendered":"<p>Descubrir los m\u00e1gicos paisajes de la Capadocia durante una inolvidable de dos d\u00edas de aventura que combina de maravillas naturales, historia antigua y aut\u00e9ntica de las experiencias culturales.<\/p>\n<p>Su viaje comienza con un temprano por la ma\u00f1ana recojo de su hotel en Side o de regiones cercanas. Viajar c\u00f3modamente a trav\u00e9s del coraz\u00f3n de Anatolia, mientras que goza de vistas panor\u00e1micas a la monta\u00f1a y turco tradicional paisaje rural.<\/p>\n<p>Famoso por sus chimeneas de hadas, cavernas y surrealista de los valles formados por la actividad volc\u00e1nica hace miles de a\u00f1os, Capadocia ofrece uno de los paisajes m\u00e1s singulares en el mundo. Explorar ciudades subterr\u00e1neas, una vez utilizados como refugios ocultos por las primeras civilizaciones y admirar los impresionantes miradores con vistas de G\u00f6reme, el Valle.<\/p>\n<p>Disfrute de un delicioso almuerzo en un restaurante local antes de continuar su descubrimiento a trav\u00e9s de la historia de la cueva de las iglesias, los valles y los tradicionales talleres de artesan\u00eda.<\/p>\n<p>Pasar la noche en Capadocia y la experiencia de su atm\u00f3sfera pac\u00edfica. Opcional de las actividades de la noche como una Noche de turqu\u00eda Mostrar o tradicional cena est\u00e1n disponibles.<\/p>\n<p>Despertar temprano en el segundo d\u00eda de la inolvidable experiencia de ver o unirse a un vuelo en globo aerost\u00e1tico al amanecer (opcional y depende de las condiciones clim\u00e1ticas), uno de los m\u00e1s emblem\u00e1ticos momentos en Turqu\u00eda.<\/p>\n<p>Despu\u00e9s del desayuno, continuar la exploraci\u00f3n de la regi\u00f3n antes de regresar c\u00f3modamente a su hotel con recuerdos inolvidables.<\/p>\n<p>&nbsp;<\/p>\n<hr \/>\n<p>&nbsp;<\/p>\n<div class=\"tour-content-what-included\">\n<h4 id=\"whats-included\">\u00bfQu\u00e9 est\u00e1 Incluido<\/h4>\n<ul style=\"column-count: 2;\">\n<li>Recogida en el Hotel y drop-off<\/li>\n<li>Transporte con aire acondicionado<\/li>\n<li>Gu\u00eda profesional<\/li>\n<li>1 Noche de alojamiento en Capadocia<\/li>\n<li>El desayuno y la Cena en el hotel<\/li>\n<li>Almuerzo durante el tour<\/li>\n<li>Visita a los valles y los puntos de vista panor\u00e1mica<\/li>\n<li>Visita a la ciudad subterr\u00e1nea<\/li>\n<li>Seguro completo<\/li>\n<\/ul>\n<\/div>\n<p>&nbsp;<\/p>\n<hr \/>\n<p>&nbsp;<\/p>\n<div class=\"tour-content-add-information\">\n<h4>Informaci\u00f3n Adicional<\/h4>\n<ul>\n<li>Vuelo en globo aerost\u00e1tico es opcional y depende de las condiciones clim\u00e1ticas<\/li>\n<li>Calzado c\u00f3modo para caminar, se recomienda<\/li>\n<li>Hora de recogida puede variar dependiendo de la ubicaci\u00f3n del hotel<\/li>\n<li>Tiendas y paradas de descanso durante el viaje<\/li>\n<li>Habitaci\u00f3n individual alojamiento puede requerir un cargo adicional<\/li>\n<\/ul>\n<\/div>\n<hr \/>\n<p>&nbsp;<\/p>\n<div class=\"tour-content-cancell-policy\">\n<p><strong>Qu\u00e9 Llevar<\/strong><\/p>\n<ul style=\"column-count: 2;\">\n<li>Gafas de sol \ud83d\udd76\ufe0f<\/li>\n<li>Sombrero \ud83e\udde2<\/li>\n<li>Zapatos c\u00f3modos \ud83d\udc5f<\/li>\n<li>C\u00e1mara \ud83d\udcf7<\/li>\n<li>Chaqueta ligera \ud83e\udde5<\/li>\n<li>Dinero para gastos personales \ud83d\udcb3<\/li>\n<\/ul>\n<\/div>","protected":false},"excerpt":{"rendered":"<p>Descubrir los m\u00e1gicos paisajes de la Capadocia durante una inolvidable de dos d\u00edas de aventura que combina de maravillas naturales, historia antigua y aut\u00e9ntica de las experiencias culturales.<br \/>\nYour journey begins with an early morning pickup from your <\/p>","protected":false},"featured_media":16221,"comment_status":"open","ping_status":"closed","template":"","meta":[],"product_brand":[],"product_cat":[],"product_tag":[],"class_list":{"0":"post-10214","1":"product","2":"type-product","3":"status-publish","4":"has-post-thumbnail","6":"tour_phys-tours","7":"pa_destination-kemer","9":"first","10":"instock","11":"shipping-taxable","12":"purchasable","13":"product-type-tour_phys"},"_links":{"self":[{"href":"https:\/\/vetatourism.com\/es\/wp-json\/wp\/v2\/product\/10214","targetHints":{"allow":["GET"]}}],"collection":[{"href":"https:\/\/vetatourism.com\/es\/wp-json\/wp\/v2\/product"}],"about":[{"href":"https:\/\/vetatourism.com\/es\/wp-json\/wp\/v2\/types\/product"}],"replies":[{"embeddable":true,"href":"https:\/\/vetatourism.com\/es\/wp-json\/wp\/v2\/comments?post=10214"}],"wp:featuredmedia":[{"embeddable":true,"href":"https:\/\/vetatourism.com\/es\/wp-json\/wp\/v2\/media\/16221"}],"wp:attachment":[{"href":"https:\/\/vetatourism.com\/es\/wp-json\/wp\/v2\/media?parent=10214"}],"wp:term":[{"taxonomy":"product_brand","embeddable":true,"href":"https:\/\/vetatourism.com\/es\/wp-json\/wp\/v2\/product_brand?post=10214"},{"taxonomy":"product_cat","embeddable":true,"href":"https:\/\/vetatourism.com\/es\/wp-json\/wp\/v2\/product_cat?post=10214"},{"taxonomy":"product_tag","embeddable":true,"href":"https:\/\/vetatourism.com\/es\/wp-json\/wp\/v2\/product_tag?post=10214"}],"curies":[{"name":"wp","href":"https:\/\/api.w.org\/{rel}","templated":true}]}}