{"id":16275,"date":"2026-02-27T07:03:06","date_gmt":"2026-02-27T07:03:06","guid":{"rendered":"https:\/\/vetatourism.com\/?post_type=product&#038;p=16275"},"modified":"2026-04-25T19:13:08","modified_gmt":"2026-04-25T19:13:08","slug":"blue-cave-bay-of-kotor-yacht-tour","status":"publish","type":"product","link":"https:\/\/vetatourism.com\/tours\/blue-cave-bay-of-kotor-yacht-tour","title":{"rendered":"Blue Cave &amp; Bucht von Kotor, Yacht-Tour"},"content":{"rendered":"<p>Entdecken Sie Montenegro ber\u00fchmtesten K\u00fcsten-Sch\u00e4tze w\u00e4hrend eines unvergesslichen <strong>Blue Cave &amp; - Bucht von Kotor-Yacht Erlebnis<\/strong> \u2014 eine perfekte Kombination aus Abenteuer, Entspannung und atemberaubende Adria Landschaft.<\/p>\n<p>Fahrt \u00fcber das kristallklare Wasser an Bord eines <strong>modernen Luxus-yacht<\/strong> beim erkunden Sie versteckte H\u00f6hlen, dramatischen Klippen, die historischen Wahrzeichen und spektakul\u00e4rer Panoramablick \u00fcber die Bucht von Kotor.<\/p>\n<p>Schwimmen im inneren der ber\u00fchmten <strong>Blaue Grotte<\/strong>,, wo Sonnenlicht reflektiert durch die Meer, das Magische, leuchtend Blaue Farben. Entspannen Sie an Bord, nehmen Sie beeindruckende Fotos, oder genie\u00dfen Sie aufregende Klippe springt in unber\u00fchrten Gew\u00e4ssern.<\/p>\n<ul>\n<li>\ud83d\udd35 <strong>Blaue Grotte<\/strong> \u2013 Schwimmen im inneren Montenegros in der ber\u00fchmten H\u00f6hle gef\u00fcllt mit leuchtenden blauen Licht Reflexionen.<\/li>\n<li>\ud83d\udea4 <strong>Luxus Yacht Cruise<\/strong> \u2013 Genie\u00dfen Sie eine komfortable und reibungslose Fahrt \u00fcber die kristallklare Adria Gew\u00e4sser.<\/li>\n<li>\ud83c\udfde\ufe0f <strong>Bucht von Kotor<\/strong> \u2013 Kreuzfahrt durch eine der Mittelmeer-die sch\u00f6nsten K\u00fcsten-Landschaften.<\/li>\n<li>\ud83d\udcf8 <strong>Foto-Stopps<\/strong> \u2013 Erfassen Sie eine spektakul\u00e4re Aussicht auf die Klippen, H\u00f6hlen, K\u00fcsten-und historischen Sehensw\u00fcrdigkeiten.<\/li>\n<li>\ud83d\udc2c <strong>Dolphin Sichtungen<\/strong> \u2013 Gl\u00fcck k\u00f6nnen die G\u00e4ste Ort die Delfine schwimmen neben dem yacht.<\/li>\n<\/ul>\n<p>Diese yacht Erfahrung ist ideal f\u00fcr Paare, Familien und Reisende zu erkunden Montenegros K\u00fcste in einer einzigartigen und unvergesslichen Art und Weise.<\/p>\n<p>&nbsp;<\/p>\n<hr \/>\n<p>&nbsp;<\/p>\n<div class=\"tour-content-what-included\">\n<h4 id=\"whats-included\">Was ist Enthalten<\/h4>\n<ul style=\"column-count: 2;\">\n<li>Professionelle Kapit\u00e4n und die erfahrene crew<\/li>\n<li>Komfortable Luxus-yacht-Kreuzfahrt<\/li>\n<li>Mehrsprachiger audio-guide<\/li>\n<li>Besuchen Sie und schwimmen halt an der Blauen Grotte<\/li>\n<li>Schwimmwesten und Sicherheitsausr\u00fcstung<\/li>\n<li>Kreuzfahrt durch die Bucht von Kotor<\/li>\n<li>Foto-und Panorama-sightseeing-Stopps<\/li>\n<li>Kraftstoff-Kosten-und Hafengeb\u00fchren enthalten<\/li>\n<\/ul>\n<p>&nbsp;<\/p>\n<\/div>\n<p>&nbsp;<\/p>\n<hr \/>\n<p>&nbsp;<\/p>\n<div class=\"tour-content-add-information\">\n<h4>Weitere Informationen<\/h4>\n<ul>\n<li>Komfortable moderne yacht mit schattigen und offenen Bereichen<\/li>\n<li>Schwimmen h\u00e4lt abh\u00e4ngig vom Wetter und Seegang<\/li>\n<li>Mehrsprachiger audio-guide an Bord<\/li>\n<li>Geeignet f\u00fcr Familien und alle Altersgruppen<\/li>\n<\/ul>\n<p>&nbsp;<\/p>\n<\/div>\n<hr \/>\n<p>&nbsp;<\/p>\n<div class=\"tour-content-cancell-policy\">\n<p><strong>Was Sie Mitbringen<\/strong><\/p>\n<ul style=\"column-count: 2;\">\n<li>Badebekleidung und Handtuch \ud83e\ude71<\/li>\n<li>Sonnencreme &amp; Sonnenbrille \ud83d\udd76\ufe0f<\/li>\n<li>Hut oder cap \ud83e\udde2<\/li>\n<li>Wasserdichte Telefon Fall \ud83d\udcf1<\/li>\n<li>Bequeme Kleidung<\/li>\n<li>Einige Geld f\u00fcr extras \ud83d\udcb3<\/li>\n<\/ul>\n<\/div>","protected":false},"excerpt":{"rendered":"<p>Entdecken Sie Montenegro ber\u00fchmtesten K\u00fcsten-Sch\u00e4tze w\u00e4hrend eine unvergessliche Blaue H\u00f6hlen &amp; - Bucht von Kotor-Yacht-Erfahrung \u2014 eine perfekte Kombination aus Abenteuer, Entspannung und atemberaubende Adria Landschaft.<br \/>\nCruise across <\/p>","protected":false},"featured_media":16168,"comment_status":"open","ping_status":"closed","template":"","meta":[],"product_brand":[],"product_cat":[],"product_tag":[197],"class_list":{"0":"post-16275","1":"product","2":"type-product","3":"status-publish","4":"has-post-thumbnail","6":"product_tag--most-booked","7":"pa_destination-montenegro","9":"first","10":"instock","11":"shipping-taxable","12":"purchasable","13":"product-type-tour_phys"},"_links":{"self":[{"href":"https:\/\/vetatourism.com\/de\/wp-json\/wp\/v2\/product\/16275","targetHints":{"allow":["GET"]}}],"collection":[{"href":"https:\/\/vetatourism.com\/de\/wp-json\/wp\/v2\/product"}],"about":[{"href":"https:\/\/vetatourism.com\/de\/wp-json\/wp\/v2\/types\/product"}],"replies":[{"embeddable":true,"href":"https:\/\/vetatourism.com\/de\/wp-json\/wp\/v2\/comments?post=16275"}],"wp:featuredmedia":[{"embeddable":true,"href":"https:\/\/vetatourism.com\/de\/wp-json\/wp\/v2\/media\/16168"}],"wp:attachment":[{"href":"https:\/\/vetatourism.com\/de\/wp-json\/wp\/v2\/media?parent=16275"}],"wp:term":[{"taxonomy":"product_brand","embeddable":true,"href":"https:\/\/vetatourism.com\/de\/wp-json\/wp\/v2\/product_brand?post=16275"},{"taxonomy":"product_cat","embeddable":true,"href":"https:\/\/vetatourism.com\/de\/wp-json\/wp\/v2\/product_cat?post=16275"},{"taxonomy":"product_tag","embeddable":true,"href":"https:\/\/vetatourism.com\/de\/wp-json\/wp\/v2\/product_tag?post=16275"}],"curies":[{"name":"wp","href":"https:\/\/api.w.org\/{rel}","templated":true}]}}