{"id":16141,"date":"2026-02-24T13:11:00","date_gmt":"2026-02-24T13:11:00","guid":{"rendered":"https:\/\/vetatourism.com\/?post_type=product&#038;p=16141"},"modified":"2026-04-18T16:00:06","modified_gmt":"2026-04-18T16:00:06","slug":"tivat-kotor-boka-bay-ganztagige-gefuhrte-luxus-kreuzfahrt-mit-badestopp","status":"publish","type":"product","link":"https:\/\/vetatourism.com\/tours\/tivat-kotor-boka-bay-full-day-luxury-guided-cruise-with-swim-stop","title":{"rendered":"Tivat \/ Kotor: Boka Bay ganzt\u00e4gige Gef\u00fchrte Luxus-Kreuzfahrt mit Badestopp"},"content":{"rendered":"<p>Flucht in die zeitlose Sch\u00f6nheit von Montenegro mit auf eine unvergessliche <strong>Boka Bay-T\u00e4gige Kreuzfahrt<\/strong> \u2014 eine perfekte Mischung aus Entspannung, Entdeckung, und der atemberaubenden Adria Landschaft.<\/p>\n<p>Abfahrt von <strong>Tivat oder Kotor<\/strong>diese premium-gef\u00fchrte Boots-Erfahrung bringt Sie durch die herrlichen <strong>UNESCO-Weltnaturerbe der Bucht von Kotor<\/strong>oft als eine der sch\u00f6nsten Buchten der Welt. Umgeben von dramatischen Bergen und mittelalterlichen K\u00fcstenst\u00e4dte, die Sie erkunden fjord\u00e4hnliche Landschaften, die nur vom Meer aus erreichbar.<\/p>\n<p>Entspannen Sie an Bord eines komfortablen, modernen Boot, w\u00e4hrend Ihr professioneller guide Aktien faszinierende Geschichten \u00fcber Montenegro maritimen Traditionen, historische D\u00f6rfer und kulturelle Sehensw\u00fcrdigkeiten, die Form dieser au\u00dfergew\u00f6hnlichen region.<\/p>\n<ul>\n<li>\ud83c\udf04 <strong>Bucht von Kotor<\/strong> \u2013 Erkunden Sie die UNESCO-gesch\u00fctzte Bucht vom Meer und bewundern Sie die spektakul\u00e4re Bergkulisse.<\/li>\n<li>\ud83d\udea4 <strong>Abfahrt aus Tivat oder Kotor<\/strong> \u2013 Easy-access-Ansatzpunkte f\u00fcr eine reibungslose und angenehme Reise.<\/li>\n<li>\ud83c\udf0a <strong>Adria Swim Stop<\/strong> \u2013 Genie\u00dfen Sie erfrischendes Baden im kristallklaren, t\u00fcrkisfarbenen Wasser.<\/li>\n<li>\ud83c\udfd8\ufe0f <strong>K\u00fcstenorte<\/strong> \u2013 Entdecken Sie malerische historische St\u00e4dte und versteckte Buchten entlang der K\u00fcste.<\/li>\n<li>\ud83d\udcf8 <strong>Panoramablick<\/strong> \u2013 Atemberaubende Landschaft und die perfekte Fotografie-M\u00f6glichkeiten w\u00e4hrend der Kreuzfahrt.<\/li>\n<\/ul>\n<p>Diese entspannende volle-Tag-Kreuzfahrt ist ideal f\u00fcr Paare, Familien und Reisende, die Erfahrung Montenegros K\u00fcsten-Sch\u00f6nheit in einem komfortablen und unvergesslichen Art und Weise.<\/p>\n<p>&nbsp;<\/p>\n<hr \/>\n<p>&nbsp;<\/p>\n<div class=\"tour-content-what-included\">\n<h4 id=\"whats-included\">Was ist Enthalten<\/h4>\n<ul style=\"column-count: 2;\">\n<li>Lizenzierte professionelle Kapit\u00e4n und die erfahrene crew<\/li>\n<li>Expert English-speaking guide (mehrsprachig Optionen verf\u00fcgbar)<\/li>\n<li>Komfortable ganzt\u00e4gige Bootsfahrt durch Boka Bay<\/li>\n<li>Sorgf\u00e4ltig ausgew\u00e4hlte schwimmen stoppen<\/li>\n<li>Schwimmwesten und Sicherheitsausr\u00fcstung<\/li>\n<li>Kraftstoff-Kosten-und Hafengeb\u00fchren enthalten<\/li>\n<li>Panorama-sightseeing-Erlebnis<\/li>\n<\/ul>\n<p>&nbsp;<\/p>\n<\/div>\n<p>&nbsp;<\/p>\n<hr \/>\n<p>&nbsp;<\/p>\n<div class=\"tour-content-add-information\">\n<h4>Weitere Informationen<\/h4>\n<ul>\n<li>Abfahrt aus Tivat oder Kotor, je nach Verf\u00fcgbarkeit<\/li>\n<li>Full-day cruise experience<\/li>\n<li>Schwimmen h\u00e4lt abh\u00e4ngig vom Wetter und Seegang<\/li>\n<li>Geeignet f\u00fcr Familien und alle Altersgruppen<\/li>\n<\/ul>\n<p>&nbsp;<\/p>\n<\/div>\n<hr \/>\n<p>&nbsp;<\/p>\n<div class=\"tour-content-cancell-policy\">\n<p><strong>Was Sie Mitbringen<\/strong><\/p>\n<ul style=\"column-count: 2;\">\n<li>Sonnencreme &amp; Sonnenbrille \ud83d\udd76\ufe0f<\/li>\n<li>Badebekleidung und Handtuch \ud83e\ude71<\/li>\n<li>Hut oder cap \ud83e\udde2<\/li>\n<li>Kamera oder Handy \ud83d\udcf1<\/li>\n<li>Bequeme Kleidung<\/li>\n<li>Einige Geld f\u00fcr extras \ud83d\udcb3<\/li>\n<\/ul>\n<\/div>","protected":false},"excerpt":{"rendered":"<p>Flucht in die zeitlose Sch\u00f6nheit von Montenegro mit auf eine unvergessliche Boka Bay-t\u00e4gige Kreuzfahrt \u2014 eine perfekte Mischung aus Entspannung, Entdeckung, und der atemberaubenden Adria Landschaft.<br \/>\nDeparting from Tivat or Kotor, <\/p>","protected":false},"featured_media":16153,"comment_status":"open","ping_status":"closed","template":"","meta":[],"product_brand":[],"product_cat":[],"product_tag":[],"class_list":{"0":"post-16141","1":"product","2":"type-product","3":"status-publish","4":"has-post-thumbnail","6":"pa_destination-montenegro","8":"first","9":"instock","10":"shipping-taxable","11":"purchasable","12":"product-type-tour_phys"},"_links":{"self":[{"href":"https:\/\/vetatourism.com\/de\/wp-json\/wp\/v2\/product\/16141","targetHints":{"allow":["GET"]}}],"collection":[{"href":"https:\/\/vetatourism.com\/de\/wp-json\/wp\/v2\/product"}],"about":[{"href":"https:\/\/vetatourism.com\/de\/wp-json\/wp\/v2\/types\/product"}],"replies":[{"embeddable":true,"href":"https:\/\/vetatourism.com\/de\/wp-json\/wp\/v2\/comments?post=16141"}],"wp:featuredmedia":[{"embeddable":true,"href":"https:\/\/vetatourism.com\/de\/wp-json\/wp\/v2\/media\/16153"}],"wp:attachment":[{"href":"https:\/\/vetatourism.com\/de\/wp-json\/wp\/v2\/media?parent=16141"}],"wp:term":[{"taxonomy":"product_brand","embeddable":true,"href":"https:\/\/vetatourism.com\/de\/wp-json\/wp\/v2\/product_brand?post=16141"},{"taxonomy":"product_cat","embeddable":true,"href":"https:\/\/vetatourism.com\/de\/wp-json\/wp\/v2\/product_cat?post=16141"},{"taxonomy":"product_tag","embeddable":true,"href":"https:\/\/vetatourism.com\/de\/wp-json\/wp\/v2\/product_tag?post=16141"}],"curies":[{"name":"wp","href":"https:\/\/api.w.org\/{rel}","templated":true}]}}