{"id":16134,"date":"2026-02-24T12:48:20","date_gmt":"2026-02-24T12:48:20","guid":{"rendered":"https:\/\/vetatourism.com\/?post_type=product&#038;p=16134"},"modified":"2026-03-05T06:19:16","modified_gmt":"2026-03-05T06:19:16","slug":"tara-river-rafting-abenteuer-montenegro","status":"publish","type":"product","link":"https:\/\/vetatourism.com\/tours\/tara-river-rafting-adventure-montenegro","title":{"rendered":"Tara River Rafting-Abenteuer \u2014 Montenegro"},"content":{"rendered":"<p>Begeben Sie sich auf ein unvergessliches Abenteuer durch das Herz von Montenegro-die unber\u00fchrte wildnis mit einem aufregenden <strong>Tara River Rafting-Erfahrung<\/strong> \u2014 eine perfekte Mischung aus Adrenalin, atemberaubende Natur und authentische Entdeckung der Natur.<\/p>\n<p>Ihre Reise findet auf dem legend\u00e4ren Fluss Tara, flie\u00dfen durch <strong>Europas tiefste Schlucht<\/strong> und eines der weltweit spektakul\u00e4rsten Landschaften. Bekannt als die <strong>\"Tr\u00e4ne Europas\"<\/strong> f\u00fcr seine au\u00dfergew\u00f6hnlichen Wasser-Reinheit, die der Fluss Tara bietet Kristall-klaren, t\u00fcrkisfarbenen Wasser, umgeben von dramatischen Klippen, \u00fcppigen W\u00e4ldern, Wasserf\u00e4llen und versteckten Str\u00e4nden.<\/p>\n<p>Gef\u00fchrt von erfahrenen, professionellen Skipper, der Sie navigieren spannende Stromschnellen, gemischt mit ruhigen malerischen Abschnitten \u2014 und dieses Abenteuer-perfekt f\u00fcr Anf\u00e4nger und erfahrene Forscher.<\/p>\n<ul>\n<li>\ud83c\udfde\ufe0f <strong>Tara-Schlucht<\/strong> \u2013 Raft through Europe ' s deepest canyon und entdecken Sie Montenegro atemberaubendsten Naturwunder.<\/li>\n<li>\ud83c\udf3f <strong>UNESCO-Gesch\u00fctzte Natur<\/strong> \u2013 Entdecken Sie eine gut erhaltene Nat\u00fcrliche Umgebung, gef\u00fcllt mit W\u00e4ldern, Klippen und Wasserf\u00e4lle.<\/li>\n<li>\ud83d\udca7 <strong>Crystal Waters<\/strong> \u2013 Erleben Sie das pure turquoise river, bekannt als die \"Tr\u00e4ne Europas\".<\/li>\n<li>\ud83d\udea3 <strong>Spannende Stromschnellen<\/strong> \u2013 Genie\u00dfen Sie die perfekte balance zwischen spannenden Stromschnellen und entspannen scenic rafting.<\/li>\n<li>\ud83d\udcf8 <strong>Schwimmen &amp; Foto-Stopps<\/strong> \u2013 Machen Sie Pausen, in unber\u00fchrter Natur schwimmen und unvergessliche Fotos.<\/li>\n<\/ul>\n<p>Dieses rafting-Abenteuer ist perfekt f\u00fcr Familien, Paare und Nervenkitzel erleben m\u00f6chten Montenegro-wilde Sch\u00f6nheit auf einzigartige und unvergessliche Art und Weise.<\/p>\n<p>&nbsp;<\/p>\n<hr \/>\n<p>&nbsp;<\/p>\n<div class=\"tour-content-what-included\">\n<h4 id=\"whats-included\">Was ist Enthalten<\/h4>\n<ul style=\"column-count: 2;\">\n<li>Professionelle lizenzierte rafting-guide und Sicherheitseinweisung<\/li>\n<li>Komplette rafting-Ausr\u00fcstung (Helm, Neoprenanzug, Schwimmweste, Paddel)<\/li>\n<li>Moderne rafting-Boot -<\/li>\n<li>Sicherheit Ausr\u00fcstung und Versicherung<\/li>\n<li>Scenic rafting Erlebnis durch die Tara-Schlucht<\/li>\n<li>Schwimmen und Foto-Stopps<\/li>\n<li>Lokalen Steuern und Fluss Genehmigungen enthalten<\/li>\n<li>Optionale Pakete k\u00f6nnen auch \u00fcbertragen oder zu den Mahlzeiten<\/li>\n<\/ul>\n<p>&nbsp;<\/p>\n<\/div>\n<p>&nbsp;<\/p>\n<hr \/>\n<p>&nbsp;<\/p>\n<div class=\"tour-content-add-information\">\n<h4>Weitere Informationen<\/h4>\n<ul>\n<li>Geeignet f\u00fcr Anf\u00e4nger und erfahrene Rafter<\/li>\n<li>Professionelle guides sorgen f\u00fcr einen sicheren und angenehmen Erlebnis<\/li>\n<li>Route und rafting-Bedingungen variieren je nach Wetter und Wasserstand<\/li>\n<li>Familienfreundliche Aktivit\u00e4t<\/li>\n<\/ul>\n<p>&nbsp;<\/p>\n<\/div>\n<hr \/>\n<p>&nbsp;<\/p>\n<div class=\"tour-content-cancell-policy\">\n<p><strong>Was Sie Mitbringen<\/strong><\/p>\n<ul style=\"column-count: 2;\">\n<li>Badebekleidung und Handtuch \ud83e\ude71<\/li>\n<li>Bequeme Kleidung und Schuhe<\/li>\n<li>Sonnencreme &amp; Sonnenbrille \ud83d\udd76\ufe0f<\/li>\n<li>Wasserdichte Telefon Fall \ud83d\udcf1<\/li>\n<li>Extra trockene Kleidung<\/li>\n<li>Einige Geld f\u00fcr extras \ud83d\udcb3<\/li>\n<\/ul>\n<\/div>","protected":false},"excerpt":{"rendered":"<p>Embark on an unforgettable adventure through the heart of Montenegro\u2019s untouched wilderness with an exciting Tara River Rafting Experience \u2014 a perfect mix of adrenaline, breathtaking scenery, and authentic nature <\/p>","protected":false},"featured_media":16135,"comment_status":"open","ping_status":"closed","template":"","meta":[],"product_brand":[],"product_cat":[],"product_tag":[],"class_list":{"0":"post-16134","1":"product","2":"type-product","3":"status-publish","4":"has-post-thumbnail","6":"pa_destination-montenegro","8":"first","9":"instock","10":"shipping-taxable","11":"purchasable","12":"product-type-tour_phys"},"_links":{"self":[{"href":"https:\/\/vetatourism.com\/de\/wp-json\/wp\/v2\/product\/16134","targetHints":{"allow":["GET"]}}],"collection":[{"href":"https:\/\/vetatourism.com\/de\/wp-json\/wp\/v2\/product"}],"about":[{"href":"https:\/\/vetatourism.com\/de\/wp-json\/wp\/v2\/types\/product"}],"replies":[{"embeddable":true,"href":"https:\/\/vetatourism.com\/de\/wp-json\/wp\/v2\/comments?post=16134"}],"wp:featuredmedia":[{"embeddable":true,"href":"https:\/\/vetatourism.com\/de\/wp-json\/wp\/v2\/media\/16135"}],"wp:attachment":[{"href":"https:\/\/vetatourism.com\/de\/wp-json\/wp\/v2\/media?parent=16134"}],"wp:term":[{"taxonomy":"product_brand","embeddable":true,"href":"https:\/\/vetatourism.com\/de\/wp-json\/wp\/v2\/product_brand?post=16134"},{"taxonomy":"product_cat","embeddable":true,"href":"https:\/\/vetatourism.com\/de\/wp-json\/wp\/v2\/product_cat?post=16134"},{"taxonomy":"product_tag","embeddable":true,"href":"https:\/\/vetatourism.com\/de\/wp-json\/wp\/v2\/product_tag?post=16134"}],"curies":[{"name":"wp","href":"https:\/\/api.w.org\/{rel}","templated":true}]}}