{"id":14171,"date":"2026-02-01T08:52:26","date_gmt":"2026-02-01T08:52:26","guid":{"rendered":"https:\/\/vetatourism.com\/?post_type=product&#038;p=14171"},"modified":"2026-02-24T12:12:47","modified_gmt":"2026-02-24T12:12:47","slug":"piratenbootfahrt-gonster-ab-antalya-all-inclusive","status":"publish","type":"product","link":"https:\/\/vetatourism.com\/tours\/pirate-boat-trip-gonster-from-antalya-all-inclusive","title":{"rendered":"Piraten Bootstour Gonster Von Antalya \u2013 All Inclusive"},"content":{"rendered":"<p class=\"\" data-start=\"882\" data-end=\"1040\">Machen Sie sich bereit f\u00fcr einen unvergesslichen Tag auf dem Meer mit der <strong data-start=\"937\" data-end=\"965\">Gonster<\/strong> <strong data-start=\"937\" data-end=\"965\">Piraten Boot Tour<\/strong> \u2014 der perfekte mix aus Spannung, Natur und entspannte Mittelmeer-vibes.<\/p>\n<p class=\"\" data-start=\"1042\" data-end=\"1335\">Ihre Reise beginnt in Kemer Marina, wo werden Sie an Bord der Gonster, ein Piraten-Stil Boot voller Charakter. Wie fahren Sie entlang der wundersch\u00f6nen K\u00fcste, die Besatzung sorgt f\u00fcr eine lebendige Atmosph\u00e4re mit Musik, Tanz und themed-entertainment \u2014 perfekt f\u00fcr Familien, Freunde und Abenteuer-Suchende!<\/p>\n<p class=\"\" data-start=\"1337\" data-end=\"1408\">Besuchen Sie drei spektakul\u00e4re Buchten, ideal zum schwimmen und entspannen:<\/p>\n<ul>\n<li data-start=\"1410\" data-end=\"1559\">\ud83c\udfdb\ufe0f <strong data-start=\"1414\" data-end=\"1430\">Phaselis Bay<\/strong> \u2013 Schwimmen in der N\u00e4he der antiken Ruinen der Lykischen Stadt Phaselis. Ein Ort, wo Geschichte trifft Natur in einer ruhigen und friedlichen Umgebung.<\/li>\n<li data-start=\"1561\" data-end=\"1673\">\ud83c\udfdd\ufe0f <strong data-start=\"1565\" data-end=\"1579\">Heaven Bay<\/strong> \u2013 Ein verstecktes Juwel umgeben von \u00fcppiger Natur und kristallklares Wasser \u2014 ideal f\u00fcr einen ruhigen, landschaftlich reizvolle schwimmen.<\/li>\n<li data-start=\"1675\" data-end=\"1791\">\ud83c\udf0a <strong data-start=\"1678\" data-end=\"1695\">Moonlight Bay<\/strong> \u2013 Einem beliebten und malerischen halt in der N\u00e4he von Kemer, wo Sie sich entspannen k\u00f6nnen, nehmen Sie Fotos oder genie\u00dfen Sie das Meer.<\/li>\n<li data-start=\"1793\" data-end=\"1936\">\ud83e\udd9c <strong data-start=\"1796\" data-end=\"1811\">Piraten-H\u00f6hle<\/strong> \u2013 Cruise Vergangenheit dieser geheimnisvollen H\u00f6hle gef\u00fcllt mit Piraten-Legenden und unglaubliche Felsformationen \u2014 vergessen Sie nicht Ihre Kamera!<\/li>\n<\/ul>\n<p class=\"\" data-start=\"1938\" data-end=\"2123\">W\u00e4hrend der Kreuzfahrt genie\u00dfen Sie ein k\u00f6stliches Mittagessen an Bord serviert, mit <strong data-start=\"2009\" data-end=\"2033\">alkoholfreie Getr\u00e4nke inklusive<\/strong> den ganzen Tag. Es gibt viel Platz zum Sonnenbaden, tanzen, oder einfach nur die Aussicht genie\u00dfen.<\/p>\n<p class=\"\" data-start=\"2125\" data-end=\"2273\">Perfekt f\u00fcr Familien mit Kindern, Paare oder alle, die gerne Spa\u00df auf dem Wasser \u2014 die Piraten Boot Gonster bietet einen Tag voller unvergesslicher Erinnerungen!<\/p>\n<p>&nbsp;<\/p>\n<hr \/>\n<p>&nbsp;<\/p>\n<div class=\"tour-content-what-included\">\n<h4 id=\"whats-included\">Was ist Enthalten<\/h4>\n<ul style=\"column-count: 2;\">\n<li>Ganzt\u00e4gige Piratentour mit Musik und Live-Unterhaltung<\/li>\n<li>Die Dauer der Tour betr\u00e4gt etwa 5-6 Stunden.<\/li>\n<li>Mittagessen und alkoholfreie Getr\u00e4nke sind inbegriffen und werden an Bord serviert<\/li>\n<li>Das Boot bietet sowohl schattige Sitzbereiche als auch offene Sonnendecks<\/li>\n<li>Familienfreundliche Tour, geeignet f\u00fcr Kinder und Erwachsene<\/li>\n<li>Route und schwimmen h\u00e4lt kann sich \u00e4ndern, je nach See-und Wetterbedingungen<\/li>\n<li>Kinder, die kostenlos teilnehmen, haben keinen eigenen Sitzplatz im Transferbus; wenn der Bus voll ist, m\u00fcssen sie auf dem Scho\u00df einer Aufsichtsperson sitzen oder es muss ein eigener Sitzplatz gebucht werden<\/li>\n<\/ul>\n<p>&nbsp;<\/p>\n<\/div>\n<p>&nbsp;<\/p>\n<hr \/>\n<p>&nbsp;<\/p>\n<div class=\"tour-content-add-information\">\n<h4>Weitere Informationen<\/h4>\n<ul>\n<li>Dauer der Tour: 5-6 Stunden<\/li>\n<li>Das Boot hat sowohl Schatten und Liegewiese<\/li>\n<li>Kinder besuchen die frei haben keinen separaten Sitzplatz im bus. Wenn der bus voll ist, m\u00fcssen Sie sitzen auf einem Erziehungsberechtigten den Scho\u00df, oder auf einem separaten Sitzplatz gekauft werden sollten bei der Buchung.<\/li>\n<\/ul>\n<p>&nbsp;<\/p>\n<\/div>\n<hr \/>\n<p>&nbsp;<\/p>\n<div class=\"tour-content-cancell-policy\">\n<p><strong>Was Sie Mitbringen<\/strong><\/p>\n<ul style=\"column-count: 2;\">\n<li>Sonnencreme &amp; Sonnenbrille <img decoding=\"async\" class=\"emoji\" role=\"img\" draggable=\"false\" src=\"https:\/\/s.w.org\/images\/core\/emoji\/17.0.2\/svg\/1f576.svg\" alt=\"\ud83d\udd76\ufe0f\" \/><\/li>\n<li>Hut oder M\u00fctze <img decoding=\"async\" class=\"emoji\" role=\"img\" draggable=\"false\" src=\"https:\/\/s.w.org\/images\/core\/emoji\/17.0.2\/svg\/1f9e2.svg\" alt=\"\ud83e\udde2\" \/><\/li>\n<li>Badebekleidung und Handtuch <img decoding=\"async\" class=\"emoji\" role=\"img\" draggable=\"false\" src=\"https:\/\/s.w.org\/images\/core\/emoji\/17.0.2\/svg\/1fa71.svg\" alt=\"\ud83e\ude71\" \/><\/li>\n<li>Wasserdichte Telefon Fall oder Kamera \ud83d\udcf1<\/li>\n<li>Einige Geld f\u00fcr souvenirs und extras <img decoding=\"async\" class=\"emoji\" role=\"img\" draggable=\"false\" src=\"https:\/\/s.w.org\/images\/core\/emoji\/17.0.2\/svg\/1f4b3.svg\" alt=\"\ud83d\udcb3\" \/><\/li>\n<\/ul>\n<\/div>","protected":false},"excerpt":{"rendered":"<p>Machen Sie sich bereit f\u00fcr einen unvergesslichen Tag auf dem Meer mit der Gonster Piraten-Boot-Tour \u2014 die perfekte Mischung aus Spannung, Natur und entspannte Mittelmeer-vibes.<br \/>\nIhre Reise beginnt bei <\/p>","protected":false},"featured_media":14172,"comment_status":"open","ping_status":"closed","template":"","meta":[],"product_brand":[],"product_cat":[15],"product_tag":[],"class_list":{"0":"post-14171","1":"product","2":"type-product","3":"status-publish","4":"has-post-thumbnail","6":"tour_phys-tours","7":"product_cat-non-classe","8":"pa_activity-pirate-boat-tours","9":"pa_destination-antalya","11":"first","12":"instock","13":"shipping-taxable","14":"purchasable","15":"product-type-tour_phys"},"_links":{"self":[{"href":"https:\/\/vetatourism.com\/de\/wp-json\/wp\/v2\/product\/14171","targetHints":{"allow":["GET"]}}],"collection":[{"href":"https:\/\/vetatourism.com\/de\/wp-json\/wp\/v2\/product"}],"about":[{"href":"https:\/\/vetatourism.com\/de\/wp-json\/wp\/v2\/types\/product"}],"replies":[{"embeddable":true,"href":"https:\/\/vetatourism.com\/de\/wp-json\/wp\/v2\/comments?post=14171"}],"wp:featuredmedia":[{"embeddable":true,"href":"https:\/\/vetatourism.com\/de\/wp-json\/wp\/v2\/media\/14172"}],"wp:attachment":[{"href":"https:\/\/vetatourism.com\/de\/wp-json\/wp\/v2\/media?parent=14171"}],"wp:term":[{"taxonomy":"product_brand","embeddable":true,"href":"https:\/\/vetatourism.com\/de\/wp-json\/wp\/v2\/product_brand?post=14171"},{"taxonomy":"product_cat","embeddable":true,"href":"https:\/\/vetatourism.com\/de\/wp-json\/wp\/v2\/product_cat?post=14171"},{"taxonomy":"product_tag","embeddable":true,"href":"https:\/\/vetatourism.com\/de\/wp-json\/wp\/v2\/product_tag?post=14171"}],"curies":[{"name":"wp","href":"https:\/\/api.w.org\/{rel}","templated":true}]}}