{"id":14160,"date":"2026-02-01T08:47:15","date_gmt":"2026-02-01T08:47:15","guid":{"rendered":"https:\/\/vetatourism.com\/?post_type=product&#038;p=14160"},"modified":"2026-04-08T17:48:38","modified_gmt":"2026-04-08T17:48:38","slug":"pirate-boat-trip-red-dragon-from-antalya-with-lunch","status":"publish","type":"product","link":"https:\/\/vetatourism.com\/tours\/pirate-boat-trip-red-dragon-from-antalya-with-lunch","title":{"rendered":"Piraten Bootstour Red Dragon Von Antalya Mit Mittagessen"},"content":{"rendered":"<p class=\"\" data-start=\"259\" data-end=\"526\">Segeln Sie in einen perfekten Tag mit dem <strong data-start=\"292\" data-end=\"321\">Kemer pirate Boat Tour<\/strong>, wo das glitzernde blaue Meer auf Entspannung, Spa\u00df und Naturwunder trifft. Ob Sie auf dem ger\u00e4umigen Deck ein Sonnenbad nehmen, in kristallklarem Wasser schwimmen oder versteckte Buchten erkunden - diese Tour bietet alles.<\/p>\n<p class=\"\" data-start=\"528\" data-end=\"757\">Ihre Reise beginnt bei <strong data-start=\"551\" data-end=\"567\">Kemer Marina<\/strong>, where you\u2019ll board a pirate boat equipped for comfort and style. The boat will cruise along the scenic coastline, stopping at <strong data-start=\"700\" data-end=\"727\">drei atemberaubende Buchten<\/strong> zum Schwimmen und Erforschen:<\/p>\n<ul>\n<li data-start=\"761\" data-end=\"943\">\ud83c\udfdb\ufe0f <strong data-start=\"765\" data-end=\"781\">Phaselis Bay<\/strong>: Schwimmen Sie in der N\u00e4he der antiken Ruinen der lykischen Stadt Phaselis. Dieser einzigartige Ort verbindet Geschichte und Natur, umgeben von Pinienb\u00e4umen und ruhigem, klarem Wasser.<\/li>\n<li data-start=\"946\" data-end=\"1081\"><strong>\ud83c\udfdd\ufe0f Bucht des Himmels<\/strong>: Ein abgelegenes Paradies, das f\u00fcr sein tiefblaues Meer und seine unber\u00fchrte Sch\u00f6nheit bekannt ist - perfekt f\u00fcr einen erholsamen Badetag.<\/li>\n<li data-start=\"1084\" data-end=\"1229\">\ud83c\udf0a <strong data-start=\"1087\" data-end=\"1119\">Moonlight Bay<\/strong>: Ein beliebter Ort in der N\u00e4he von Kemer mit einer entspannten Atmosph\u00e4re, ideal zum Schwimmen, Sonnenbaden und Fotografieren.<\/li>\n<li data-start=\"1232\" data-end=\"1420\">\ud83c\udff4\u200d\u2620\ufe0f <strong data-start=\"1238\" data-end=\"1271\">Piraten-H\u00f6hle<\/strong>: Fahren Sie an dieser geheimnisvollen Meeresh\u00f6hle vorbei, in der noch immer Piratenlegenden widerhallen. Ein gro\u00dfartiges Fotomotiv mit dramatischen Felsformationen und tiefblauem Wasser.<\/li>\n<\/ul>\n<p class=\"\" data-start=\"1422\" data-end=\"1692\">W\u00e4hrend Sie die Landschaft genie\u00dfen, sorgt die Crew mit Musik und optionaler leichter Unterhaltung f\u00fcr gute Laune. Es wird Zeit sein, zu genie\u00dfen <strong data-start=\"1564\" data-end=\"1581\">Mittagessen an Bord<\/strong> (je nach Paket) sowie zahlreiche M\u00f6glichkeiten zum Entspannen, Sonnenbaden oder einfach nur zum Genie\u00dfen der Aussicht.<\/p>\n<p class=\"\" data-start=\"1694\" data-end=\"1818\">Perfect for couples, groups, families, or solo travelers \u2014 this pirate boat is one of the most enjoyable day tours.<\/p>\n<p>&nbsp;<\/p>\n<hr \/>\n<p>&nbsp;<\/p>\n<div class=\"tour-content-what-included\">\n<h4 id=\"whats-included\">Was ist Enthalten<\/h4>\n<ul style=\"column-count: 2;\">\n<li>Full-day pirate boat tour departing from Kemer Marina<\/li>\n<li>Ger\u00e4umiger und moderner Katamaran mit Schatten- und Liegefl\u00e4chen<\/li>\n<li>Mehrere Badestopps in klaren, t\u00fcrkisfarbenen Buchten<\/li>\n<li>Entspannende Atmosph\u00e4re mit Unterhaltungsmusik an Bord<\/li>\n<li>Route und schwimmen h\u00e4lt kann sich \u00e4ndern, je nach See-und Wetterbedingungen<\/li>\n<li>Geeignet f\u00fcr Paare, Familien, Gruppen und Alleinreisende<\/li>\n<\/ul>\n<p>&nbsp;<\/p>\n<\/div>\n<hr \/>\n<div class=\"tour-content-add-information\">\n<h4>Weitere Informationen<\/h4>\n<ul>\n<li>Dauer der Tour: 5-6 Stunden<\/li>\n<li>the pirate boat has both shaded and sunbathing areas<\/li>\n<li>Kinder besuchen die frei haben keinen separaten Sitzplatz im bus. Wenn der bus voll ist, m\u00fcssen Sie sitzen auf einem Erziehungsberechtigten den Scho\u00df, oder auf einem separaten Sitzplatz gekauft werden sollten bei der Buchung.<\/li>\n<\/ul>\n<p>&nbsp;<\/p>\n<\/div>\n<hr \/>\n<p>&nbsp;<\/p>\n<div class=\"tour-content-cancell-policy\">\n<p><strong>Was Sie Mitbringen<\/strong><\/p>\n<ul style=\"column-count: 2;\">\n<li>Sonnencreme &amp; Sonnenbrille <img decoding=\"async\" class=\"emoji\" role=\"img\" draggable=\"false\" src=\"https:\/\/s.w.org\/images\/core\/emoji\/17.0.2\/svg\/1f576.svg\" alt=\"\ud83d\udd76\ufe0f\" \/><\/li>\n<li>Hut oder M\u00fctze <img decoding=\"async\" class=\"emoji\" role=\"img\" draggable=\"false\" src=\"https:\/\/s.w.org\/images\/core\/emoji\/17.0.2\/svg\/1f9e2.svg\" alt=\"\ud83e\udde2\" \/><\/li>\n<li>Badebekleidung und Handtuch <img decoding=\"async\" class=\"emoji\" role=\"img\" draggable=\"false\" src=\"https:\/\/s.w.org\/images\/core\/emoji\/17.0.2\/svg\/1fa71.svg\" alt=\"\ud83e\ude71\" \/><\/li>\n<li>Wasserdichte Telefon Fall oder Kamera \ud83d\udcf1<\/li>\n<li>Einige Geld f\u00fcr souvenirs und extras <img decoding=\"async\" class=\"emoji\" role=\"img\" draggable=\"false\" src=\"https:\/\/s.w.org\/images\/core\/emoji\/17.0.2\/svg\/1f4b3.svg\" alt=\"\ud83d\udcb3\" \/><\/li>\n<\/ul>\n<\/div>","protected":false},"excerpt":{"rendered":"<p>Sail into a perfect day with the Kemer pirate Boat Tour, where the sparkling blue sea meets relaxation, fun, and natural wonders. Whether you\u2019re sunbathing on the spacious deck, swimming <\/p>","protected":false},"featured_media":16565,"comment_status":"open","ping_status":"closed","template":"","meta":[],"product_brand":[],"product_cat":[],"product_tag":[],"class_list":{"0":"post-14160","1":"product","2":"type-product","3":"status-publish","4":"has-post-thumbnail","6":"tour_phys-tours","7":"pa_activity-pirate-boat-tours","8":"pa_destination-antalya","10":"first","11":"instock","12":"shipping-taxable","13":"purchasable","14":"product-type-tour_phys"},"_links":{"self":[{"href":"https:\/\/vetatourism.com\/de\/wp-json\/wp\/v2\/product\/14160","targetHints":{"allow":["GET"]}}],"collection":[{"href":"https:\/\/vetatourism.com\/de\/wp-json\/wp\/v2\/product"}],"about":[{"href":"https:\/\/vetatourism.com\/de\/wp-json\/wp\/v2\/types\/product"}],"replies":[{"embeddable":true,"href":"https:\/\/vetatourism.com\/de\/wp-json\/wp\/v2\/comments?post=14160"}],"wp:featuredmedia":[{"embeddable":true,"href":"https:\/\/vetatourism.com\/de\/wp-json\/wp\/v2\/media\/16565"}],"wp:attachment":[{"href":"https:\/\/vetatourism.com\/de\/wp-json\/wp\/v2\/media?parent=14160"}],"wp:term":[{"taxonomy":"product_brand","embeddable":true,"href":"https:\/\/vetatourism.com\/de\/wp-json\/wp\/v2\/product_brand?post=14160"},{"taxonomy":"product_cat","embeddable":true,"href":"https:\/\/vetatourism.com\/de\/wp-json\/wp\/v2\/product_cat?post=14160"},{"taxonomy":"product_tag","embeddable":true,"href":"https:\/\/vetatourism.com\/de\/wp-json\/wp\/v2\/product_tag?post=14160"}],"curies":[{"name":"wp","href":"https:\/\/api.w.org\/{rel}","templated":true}]}}