{"id":14138,"date":"2026-02-01T07:42:08","date_gmt":"2026-02-01T07:42:08","guid":{"rendered":"https:\/\/vetatourism.com\/?post_type=product&#038;p=14138"},"modified":"2026-02-27T06:12:09","modified_gmt":"2026-02-27T06:12:09","slug":"antalya-city-tour-from-kemer-old-town-waterfalls","status":"publish","type":"product","link":"https:\/\/vetatourism.com\/tours\/antalya-city-tour-from-kemer-old-town-waterfalls","title":{"rendered":"Antalya Stadt Tour Von Kemer \u2013 Altstadt &amp; Wasserf\u00e4lle"},"content":{"rendered":"<p data-start=\"328\" data-end=\"697\">Entdecken Sie die sehr beste von <strong data-start=\"354\" data-end=\"395\"><span class=\"hover:entity-accent entity-underline inline cursor-pointer align-baseline\"><span class=\"whitespace-normal\">Antalya<\/span><\/span><\/strong> auf dieser unvergesslichen ganzt\u00e4gigen gef\u00fchrten tour, die perfekt vereinen sich Geschichte, Natur, Erholung und Entspannung. Von den alten Stra\u00dfen und Wasserf\u00e4lle, eine malerische Bootsfahrt entlang der Mittelmeerk\u00fcste, diese Erfahrung soll Ihnen zeigen, Antalya ' s die meisten ikonischen Sehensw\u00fcrdigkeiten \u2014 alles in einem perfekt geplanten Tag.<\/p>\n<p data-start=\"699\" data-end=\"1136\">Ihre Reise beginnt mit einer komfortablen, klimatisierten Abholung im hotel, bevor es in das Herz der Stadt. Schlendern Sie durch <strong data-start=\"826\" data-end=\"867\"><span class=\"hover:entity-accent entity-underline inline cursor-pointer align-baseline\"><span class=\"whitespace-normal\">Kalei\u00e7i<\/span><\/span><\/strong>Antalya ' s Altstadt, wo r\u00f6mische, byzantinische und osmanische Geschichte lebendig werden. Spaziergang vorbei an Sehensw\u00fcrdigkeiten wie dem Hadrianstor, das Yivli-Minarett und der Clock Tower, und genie\u00dfen Sie freie Zeit zum erkunden Sie die lokalen Gesch\u00e4fte, Museen oder gem\u00fctliche caf\u00e9s versteckt entlang der gepflasterten Stra\u00dfen.<\/p>\n<p data-start=\"1138\" data-end=\"1398\">Als N\u00e4chstes entspannen Sie auf einer malerischen 1-st\u00fcndigen Bootsfahrt vom historischen Alten Hafen. Kreuzfahrt entlang der dramatischen K\u00fcste und bewundern Sie die atemberaubende Aussicht auf Klippen, t\u00fcrkisfarbenes Wasser, und das Mittelmeer \u2014 ein perfekter moment, um sich zu entspannen und zu erfassen unvergessliche Fotos.<\/p>\n<p>&nbsp;<\/p>\n<hr \/>\n<p>&nbsp;<\/p>\n<div class=\"tour-content-what-included\">\n<h4 id=\"whats-included\">Was ist Enthalten<\/h4>\n<ul style=\"column-count: 2;\">\n<li>Hotel Abholung in klimatisierten Fahrzeug<\/li>\n<li>Erkunden Sie die Altstadt (Kalei\u00e7i) und historische Sehensw\u00fcrdigkeiten<\/li>\n<li>1-st\u00fcndige sightseeing-Bootsfahrt vom Alten Hafen<\/li>\n<li>Traditionelles T\u00fcrkisches Mittagessen in einem lokalen restaurant<\/li>\n<li>Besuchen Oberen &amp; Unteren D\u00fcden-Wasserf\u00e4llen<\/li>\n<li>Stoppen Sie am lokalen Silberschmied Werkstatt<\/li>\n<li>Transfer zur\u00fcck zum hotel<\/li>\n<\/ul>\n<\/div>\n<p>&nbsp;<\/p>\n<hr \/>\n<p>&nbsp;<\/p>\n<div class=\"tour-content-add-information\">\n<h4>Weitere Informationen<\/h4>\n<ul>\n<li>Sightseeing Bootstour: Wir haben eine Stunde Sightseeing-Bootstour ab Antalya Altstadt Hafen.<\/li>\n<li>Die Route kann variieren je nach Menge Ebenen und Wetter f\u00fcr die beste Erfahrung.<\/li>\n<li>Nicht f\u00fcr Rollstuhlfahrer geeignet.<\/li>\n<li>Kinder (free tickets) wird keine separate Sitze im bus. Wenn Sie einen Sitz erforderlich ist, ein Kind, das ticket muss gekauft werden.<\/li>\n<\/ul>\n<p>&nbsp;<\/p>\n<\/div>\n<hr \/>\n<p>&nbsp;<\/p>\n<div class=\"tour-content-cancell-policy\">\n<p><strong>Was Sie Mitbringen<\/strong><\/p>\n<ul style=\"column-count: 2;\">\n<li>Bequeme Schuhe \ud83d\udc5f<\/li>\n<li>Sonnenbrille &amp; Sonnenhut \ud83d\udd76\ufe0f<\/li>\n<li>Sonnencreme \ud83e\uddf4<\/li>\n<li>Bequeme Kleidung \ud83d\udc55<\/li>\n<li>Bargeld f\u00fcr optionale extras <img decoding=\"async\" class=\"emoji\" role=\"img\" draggable=\"false\" src=\"https:\/\/s.w.org\/images\/core\/emoji\/17.0.2\/svg\/1f4b3.svg\" alt=\"\ud83d\udcb3\" \/><\/li>\n<\/ul>\n<\/div>","protected":false},"excerpt":{"rendered":"<p>Discover the very best of Antalya on this unforgettable full-day guided tour that perfectly blends history, nature, and relaxation. From ancient streets and cascading waterfalls to a scenic boat trip <\/p>","protected":false},"featured_media":15814,"comment_status":"open","ping_status":"closed","template":"","meta":[],"product_brand":[],"product_cat":[15],"product_tag":[],"class_list":{"0":"post-14138","1":"product","2":"type-product","3":"status-publish","4":"has-post-thumbnail","6":"tour_phys-tours","7":"product_cat-non-classe","8":"pa_destination-kemer","10":"first","11":"instock","12":"shipping-taxable","13":"purchasable","14":"product-type-tour_phys"},"_links":{"self":[{"href":"https:\/\/vetatourism.com\/de\/wp-json\/wp\/v2\/product\/14138","targetHints":{"allow":["GET"]}}],"collection":[{"href":"https:\/\/vetatourism.com\/de\/wp-json\/wp\/v2\/product"}],"about":[{"href":"https:\/\/vetatourism.com\/de\/wp-json\/wp\/v2\/types\/product"}],"replies":[{"embeddable":true,"href":"https:\/\/vetatourism.com\/de\/wp-json\/wp\/v2\/comments?post=14138"}],"wp:featuredmedia":[{"embeddable":true,"href":"https:\/\/vetatourism.com\/de\/wp-json\/wp\/v2\/media\/15814"}],"wp:attachment":[{"href":"https:\/\/vetatourism.com\/de\/wp-json\/wp\/v2\/media?parent=14138"}],"wp:term":[{"taxonomy":"product_brand","embeddable":true,"href":"https:\/\/vetatourism.com\/de\/wp-json\/wp\/v2\/product_brand?post=14138"},{"taxonomy":"product_cat","embeddable":true,"href":"https:\/\/vetatourism.com\/de\/wp-json\/wp\/v2\/product_cat?post=14138"},{"taxonomy":"product_tag","embeddable":true,"href":"https:\/\/vetatourism.com\/de\/wp-json\/wp\/v2\/product_tag?post=14138"}],"curies":[{"name":"wp","href":"https:\/\/api.w.org\/{rel}","templated":true}]}}