{"id":14137,"date":"2026-02-01T07:26:10","date_gmt":"2026-02-01T07:26:10","guid":{"rendered":"https:\/\/vetatourism.com\/?post_type=product&#038;p=14137"},"modified":"2026-02-27T06:12:20","modified_gmt":"2026-02-27T06:12:20","slug":"suluada-island-sunset-boat-trip-from-antalya-with-dinner","status":"publish","type":"product","link":"https:\/\/vetatourism.com\/tours\/suluada-island-sunset-boat-trip-from-antalya-with-dinner","title":{"rendered":"Suluada Insel Sonnenuntergang Bootsfahrt von Antalya mit Abendessen"},"content":{"rendered":"<p>Beginnt Ihre Reise mit einem komfortablen transfer von Antalya nach Adrasan. Von Adrasan, setzen wir die Segel in Suluada, die oft als die Malediven des Mittelmeers durch seinen wei\u00dfen Sand und das t\u00fcrkisfarbene Wasser.<\/p>\n<p>Den ganzen Tag werden Sie:<\/p>\n<ul>\n<li>Schwimmen Sie in unber\u00fchrten Buchten<\/li>\n<li>Genie\u00dfen Sie die Ruhe und die Meer<\/li>\n<li>Erfassen atemberaubende Aussicht auf den Sonnenuntergang<\/li>\n<li>\"Als die Sonne \u00fcber dem t\u00fcrkisblauen Meer, genie\u00dfen Sie ein romantisches Abendessen an Bord, umgeben von den magischen Farben der mediterranen twilight\".<br \/>\nDiese tour ist perfekt f\u00fcr Naturliebhaber, Paare und Fotografie-Enthusiasten.<\/li>\n<\/ul>\n<p>&nbsp;<\/p>\n<hr \/>\n<p>&nbsp;<\/p>\n<div class=\"tour-content-what-included\">\n<h4 id=\"whats-included\">Was ist Enthalten<\/h4>\n<ul style=\"column-count: 2;\">\n<li>Sunset boat tour mit transfer von Antalya nach Adrasan<\/li>\n<li>Kreuzfahrt nach Suluada mit schwimmen h\u00e4lt in klaren Buchten<\/li>\n<li>Romantisches Abendessen an Bord serviert bei Sonnenuntergang<\/li>\n<li>Ruhige und friedliche Atmosph\u00e4re w\u00e4hrend der gesamten tour<\/li>\n<li>Route und das timing kann sich \u00e4ndern, je nach See-und Wetterbedingungen<\/li>\n<\/ul>\n<\/div>\n<p>&nbsp;<\/p>\n<hr \/>\n<p>&nbsp;<\/p>\n<div class=\"tour-content-add-information\">\n<h4>Weitere Informationen<\/h4>\n<ul>\n<li>Dies ist eine sunset-Bootsfahrt mit round-trip-transfer von Antalya nach Adrasan<\/li>\n<li>Schwimmen h\u00e4lt unterliegen der Wasser-und Wetterbedingungen<\/li>\n<li>Das Abendessen wird an Bord serviert w\u00e4hrend des Sonnenuntergangs, bietet eine romantische und entspannende Erfahrung<\/li>\n<li>Ideal f\u00fcr Paare, Naturliebhaber und Fotografie-Enthusiasten<\/li>\n<li>Route, timing und Dauer variieren je nach Wasser-und Wetterbedingungen<\/li>\n<\/ul>\n<p>&nbsp;<\/p>\n<hr \/>\n<p>&nbsp;<\/p>\n<div class=\"tour-content-cancell-policy\">\n<p><strong>Was Sie Mitbringen<\/strong><\/p>\n<ul style=\"column-count: 2;\">\n<li>Badeanzug &amp; Handtuch<img decoding=\"async\" class=\"emoji\" role=\"img\" draggable=\"false\" src=\"https:\/\/s.w.org\/images\/core\/emoji\/17.0.2\/svg\/1fa71.svg\" alt=\"\ud83e\ude71\" \/><\/li>\n<li>Sonnenbrille &amp; Sonnencreme \ud83d\udd76\ufe0f<\/li>\n<li>Geld f\u00fcr pers\u00f6nliche Ausgaben\u00a0<img decoding=\"async\" class=\"emoji\" role=\"img\" draggable=\"false\" src=\"https:\/\/s.w.org\/images\/core\/emoji\/17.0.2\/svg\/1f4b3.svg\" alt=\"\ud83d\udcb3\" \/><\/li>\n<\/ul>\n<\/div>\n<\/div>","protected":false},"excerpt":{"rendered":"<p>Your journey begins with a comfortable transfer from Antalya to Adrasan. From Adrasan, we set sail to Suluada, often called the Maldives of the Mediterranean due to its white sands <\/p>","protected":false},"featured_media":14129,"comment_status":"open","ping_status":"closed","template":"","meta":[],"product_brand":[],"product_cat":[15],"product_tag":[],"class_list":{"0":"post-14137","1":"product","2":"type-product","3":"status-publish","4":"has-post-thumbnail","6":"tour_phys-tours","7":"product_cat-non-classe","8":"pa_destination-kemer","10":"first","11":"instock","12":"shipping-taxable","13":"purchasable","14":"product-type-tour_phys"},"_links":{"self":[{"href":"https:\/\/vetatourism.com\/de\/wp-json\/wp\/v2\/product\/14137","targetHints":{"allow":["GET"]}}],"collection":[{"href":"https:\/\/vetatourism.com\/de\/wp-json\/wp\/v2\/product"}],"about":[{"href":"https:\/\/vetatourism.com\/de\/wp-json\/wp\/v2\/types\/product"}],"replies":[{"embeddable":true,"href":"https:\/\/vetatourism.com\/de\/wp-json\/wp\/v2\/comments?post=14137"}],"wp:featuredmedia":[{"embeddable":true,"href":"https:\/\/vetatourism.com\/de\/wp-json\/wp\/v2\/media\/14129"}],"wp:attachment":[{"href":"https:\/\/vetatourism.com\/de\/wp-json\/wp\/v2\/media?parent=14137"}],"wp:term":[{"taxonomy":"product_brand","embeddable":true,"href":"https:\/\/vetatourism.com\/de\/wp-json\/wp\/v2\/product_brand?post=14137"},{"taxonomy":"product_cat","embeddable":true,"href":"https:\/\/vetatourism.com\/de\/wp-json\/wp\/v2\/product_cat?post=14137"},{"taxonomy":"product_tag","embeddable":true,"href":"https:\/\/vetatourism.com\/de\/wp-json\/wp\/v2\/product_tag?post=14137"}],"curies":[{"name":"wp","href":"https:\/\/api.w.org\/{rel}","templated":true}]}}