{"id":14128,"date":"2026-02-01T07:19:26","date_gmt":"2026-02-01T07:19:26","guid":{"rendered":"https:\/\/vetatourism.com\/?post_type=product&#038;p=14128"},"modified":"2026-02-27T06:12:44","modified_gmt":"2026-02-27T06:12:44","slug":"kemer-suluada-island-sunset-boat-trip-tour-with-dinner","status":"publish","type":"product","link":"https:\/\/vetatourism.com\/tours\/kemer-suluada-island-sunset-boat-trip-tour-with-dinner","title":{"rendered":"Kemer: Suluada Island Sunset Boat Trip Tour mit Abendessen"},"content":{"rendered":"<p>Ihre Reise beginnt mit einer <strong>bequemer Transfer von Kemer nach Adrasan<\/strong>. Von Adrasan aus setzen wir die Segel nach <strong>Suluada<\/strong>, oft genannt <em>die Malediven des Mittelmeers<\/em> wegen des wei\u00dfen Sandes und des t\u00fcrkisfarbenen Wassers.<\/p>\n<p>Den ganzen Tag werden Sie:<\/p>\n<ul>\n<li>Schwimmen Sie in unber\u00fchrten Buchten<\/li>\n<li>Genie\u00dfen Sie die Ruhe und die Meer<\/li>\n<li>Erfassen atemberaubende Aussicht auf den Sonnenuntergang<\/li>\n<li>\"Als die Sonne \u00fcber dem t\u00fcrkisblauen Meer, genie\u00dfen Sie ein romantisches Abendessen an Bord, umgeben von den magischen Farben der mediterranen twilight\".<\/li>\n<li>Diese Tour ist ideal f\u00fcr <strong>Naturliebhaber, Paare und Fotografiebegeisterte<\/strong>.<\/li>\n<\/ul>\n<div class=\"tour-content-add-information\">\n<p>&nbsp;<\/p>\n<hr \/>\n<p>&nbsp;<\/p>\n<div class=\"tour-content-what-included\">\n<h4 id=\"whats-included\">Was ist Enthalten<\/h4>\n<ul style=\"column-count: 2;\">\n<li>Bootsfahrt bei Sonnenuntergang mit Transfer von Kemer nach Adrasan<\/li>\n<li>Kreuzfahrt nach Suluada mit Badestopps in ruhigen Buchten<\/li>\n<li>Romantisches Abendessen bei Sonnenuntergang an Bord<\/li>\n<li>Ruhige und entspannende Atmosph\u00e4re, ideal f\u00fcr Paare<\/li>\n<li>Route und Zeitplan k\u00f6nnen je nach See- und Wetterbedingungen variieren.<\/li>\n<\/ul>\n<\/div>\n<p>&nbsp;<\/p>\n<\/div>\n<hr \/>\n<p>&nbsp;<\/p>\n<div class=\"tour-content-add-information\">\n<h4>Weitere Informationen<\/h4>\n<ul>\n<li>Dies ist eine Bootstour zum Sonnenuntergang mit Transfer von Kemer nach Adrasan inklusive<\/li>\n<li>Badestopps sind wetter- und seegangsabh\u00e4ngig<\/li>\n<li>Das Abendessen wird bei Sonnenuntergang an Bord serviert, was eine romantische Atmosph\u00e4re schafft.<\/li>\n<li>Die Tour ist ideal f\u00fcr Paare, Naturliebhaber und Fotografiebegeisterte<\/li>\n<li>Route und Zeitplan k\u00f6nnen je nach See- und Wetterbedingungen variieren.<\/li>\n<\/ul>\n<p>&nbsp;<\/p>\n<\/div>\n<hr \/>\n<p>&nbsp;<\/p>\n<div class=\"tour-content-cancell-policy\">\n<p><strong>Was Sie Mitbringen<\/strong><\/p>\n<ul style=\"column-count: 2;\">\n<li>Badeanzug &amp; Handtuch<img decoding=\"async\" class=\"emoji\" role=\"img\" draggable=\"false\" src=\"https:\/\/s.w.org\/images\/core\/emoji\/17.0.2\/svg\/1fa71.svg\" alt=\"\ud83e\ude71\" \/><\/li>\n<li>Sonnenbrille &amp; Sonnencreme \ud83d\udd76\ufe0f<\/li>\n<li>Geld f\u00fcr pers\u00f6nliche Ausgaben\u00a0<img decoding=\"async\" class=\"emoji\" role=\"img\" draggable=\"false\" src=\"https:\/\/s.w.org\/images\/core\/emoji\/17.0.2\/svg\/1f4b3.svg\" alt=\"\ud83d\udcb3\" \/><\/li>\n<\/ul>\n<\/div>","protected":false},"excerpt":{"rendered":"<p>Your journey begins with a comfortable transfer from Kemer to Adrasan. From Adrasan, we set sail to Suluada, often called the Maldives of the Mediterranean due to its white sands <\/p>","protected":false},"featured_media":14129,"comment_status":"open","ping_status":"closed","template":"","meta":[],"product_brand":[],"product_cat":[],"product_tag":[],"class_list":{"0":"post-14128","1":"product","2":"type-product","3":"status-publish","4":"has-post-thumbnail","6":"tour_phys-tours","7":"pa_destination-kemer","9":"first","10":"instock","11":"shipping-taxable","12":"purchasable","13":"product-type-tour_phys"},"_links":{"self":[{"href":"https:\/\/vetatourism.com\/de\/wp-json\/wp\/v2\/product\/14128","targetHints":{"allow":["GET"]}}],"collection":[{"href":"https:\/\/vetatourism.com\/de\/wp-json\/wp\/v2\/product"}],"about":[{"href":"https:\/\/vetatourism.com\/de\/wp-json\/wp\/v2\/types\/product"}],"replies":[{"embeddable":true,"href":"https:\/\/vetatourism.com\/de\/wp-json\/wp\/v2\/comments?post=14128"}],"wp:featuredmedia":[{"embeddable":true,"href":"https:\/\/vetatourism.com\/de\/wp-json\/wp\/v2\/media\/14129"}],"wp:attachment":[{"href":"https:\/\/vetatourism.com\/de\/wp-json\/wp\/v2\/media?parent=14128"}],"wp:term":[{"taxonomy":"product_brand","embeddable":true,"href":"https:\/\/vetatourism.com\/de\/wp-json\/wp\/v2\/product_brand?post=14128"},{"taxonomy":"product_cat","embeddable":true,"href":"https:\/\/vetatourism.com\/de\/wp-json\/wp\/v2\/product_cat?post=14128"},{"taxonomy":"product_tag","embeddable":true,"href":"https:\/\/vetatourism.com\/de\/wp-json\/wp\/v2\/product_tag?post=14128"}],"curies":[{"name":"wp","href":"https:\/\/api.w.org\/{rel}","templated":true}]}}