{"id":14119,"date":"2026-02-01T07:14:28","date_gmt":"2026-02-01T07:14:28","guid":{"rendered":"https:\/\/vetatourism.com\/?post_type=product&#038;p=14119"},"modified":"2026-04-08T19:41:44","modified_gmt":"2026-04-08T19:41:44","slug":"olympos-teleferik-cable-car-to-tahtali-mountain-2365m-from-kemer","status":"publish","type":"product","link":"https:\/\/vetatourism.com\/tours\/olympos-teleferik-cable-car-to-tahtali-mountain-2365m-from-kemer","title":{"rendered":"Olympos Teleferik Seilbahn zum Berg Tahtal\u0131 (2365m) von Kemer"},"content":{"rendered":"<p>Machen Sie sich bereit f\u00fcr eine atemberaubende Berg-Abenteuer mit dem Tahtal\u0131 Seilbahn-Tour. Nach der Abholung von Ihrem hotel, genie\u00dfen Sie eine komfortable Fahrt durch die malerische Beyda\u011flar\u0131 National Park. Bei der Ankunft an der unteren station der Seilbahn, an Bord eines modernen Kabine f\u00fcr ein 10-12-min\u00fctigen Aufstieg zum Gipfel.<\/p>\n<p>Wie man sich 2,365 Meter, bestaunen Sie die spektakul\u00e4re Aussicht auf die mit Pinien bewachsenen Berge und das t\u00fcrkisfarbene K\u00fcste unter. An der Spitze, haben Sie eine Stunde freie Zeit, um die frische Bergluft genie\u00dfen, besuchen Sie die Aussichtsplattformen, nehmen Fotos, durchsuchen, souvenir-shops, oder entspannen Sie sich auf dem Gipfel caf\u00e9.<\/p>\n<p>Nach Ihrer Zeit an der Spitze, steigen Sie mit der Seilbahn und R\u00fcckfahrt zu Ihrem hotel unvergessliche Erinnerungen und atemberaubende Bilder von oben in den Wolken.<\/p>\n<div class=\"tour-content-what-included\"><\/div>\n<hr \/>\n<p>&nbsp;<\/p>\n<div class=\"tour-content-what-included\">\n<h4 id=\"whats-included\">Was ist Enthalten<\/h4>\n<ul style=\"column-count: 2;\">\n<li>Cable car tour with hotel pickup from Kemer hotels<\/li>\n<li>Landschaftlich reizvolle Fahrt durch Beyda\u011flar\u0131 National Park<\/li>\n<li>Etwa 10-12 Minuten Fahrt mit der Seilbahn auf den Gipfel<\/li>\n<li>Etwa 1 Stunde freie Zeit auf dem Gipfel<\/li>\n<li>Wetter am Gipfel k\u00f6nnte K\u00fchler sein als auf Meeresh\u00f6he<\/li>\n<li>Children 3-11 do have a separate seat on the transfer bus<\/li>\n<\/ul>\n<\/div>\n<p>&nbsp;<\/p>\n<hr \/>\n<p>&nbsp;<\/p>\n<div class=\"tour-content-add-information\">\n<h4>Weitere Informationen<\/h4>\n<ul>\n<li style=\"list-style-type: none;\">\n<ul>\n<li>Babies 0-2 are for free<\/li>\n<li>Children 3-11 are extra and will\u00a0 have a separate seat on the bus. If the bus is full.<\/li>\n<\/ul>\n<\/li>\n<\/ul>\n<p>&nbsp;<\/p>\n<\/div>\n<hr \/>\n<p>&nbsp;<\/p>\n<div class=\"tour-content-cancell-policy\">\n<p><strong>Was Sie Mitbringen<\/strong><\/p>\n<ul style=\"column-count: 2;\">\n<li>Jacke oder Pullover (es werden K\u00fchler an der Oberseite) \ud83e\udde5<\/li>\n<li>Bequeme Schuhe \ud83d\udc5f<\/li>\n<li>Kamera oder smartphone \ud83d\udcf1<\/li>\n<li>Sonnenbrille \ud83d\udd76\ufe0f<\/li>\n<\/ul>\n<\/div>","protected":false},"excerpt":{"rendered":"<p>Get ready for a stunning mountain adventure with the Tahtal\u0131 Mountain Cable Car Tour. After pickup from your hotel, enjoy a comfortable drive through the scenic Beyda\u011flar\u0131 National Park. Upon <\/p>","protected":false},"featured_media":14120,"comment_status":"open","ping_status":"closed","template":"","meta":[],"product_brand":[],"product_cat":[],"product_tag":[],"class_list":{"0":"post-14119","1":"product","2":"type-product","3":"status-publish","4":"has-post-thumbnail","6":"tour_phys-tours","7":"pa_destination-kemer","9":"first","10":"instock","11":"shipping-taxable","12":"purchasable","13":"product-type-tour_phys"},"_links":{"self":[{"href":"https:\/\/vetatourism.com\/de\/wp-json\/wp\/v2\/product\/14119","targetHints":{"allow":["GET"]}}],"collection":[{"href":"https:\/\/vetatourism.com\/de\/wp-json\/wp\/v2\/product"}],"about":[{"href":"https:\/\/vetatourism.com\/de\/wp-json\/wp\/v2\/types\/product"}],"replies":[{"embeddable":true,"href":"https:\/\/vetatourism.com\/de\/wp-json\/wp\/v2\/comments?post=14119"}],"wp:featuredmedia":[{"embeddable":true,"href":"https:\/\/vetatourism.com\/de\/wp-json\/wp\/v2\/media\/14120"}],"wp:attachment":[{"href":"https:\/\/vetatourism.com\/de\/wp-json\/wp\/v2\/media?parent=14119"}],"wp:term":[{"taxonomy":"product_brand","embeddable":true,"href":"https:\/\/vetatourism.com\/de\/wp-json\/wp\/v2\/product_brand?post=14119"},{"taxonomy":"product_cat","embeddable":true,"href":"https:\/\/vetatourism.com\/de\/wp-json\/wp\/v2\/product_cat?post=14119"},{"taxonomy":"product_tag","embeddable":true,"href":"https:\/\/vetatourism.com\/de\/wp-json\/wp\/v2\/product_tag?post=14119"}],"curies":[{"name":"wp","href":"https:\/\/api.w.org\/{rel}","templated":true}]}}