{"id":14109,"date":"2026-02-01T06:58:39","date_gmt":"2026-02-01T06:58:39","guid":{"rendered":"https:\/\/vetatourism.com\/?post_type=product&#038;p=14109"},"modified":"2026-03-09T05:46:01","modified_gmt":"2026-03-09T05:46:01","slug":"olympos-teleferik-sunset-tour-with-dinner-at-2365m-from-antalya","status":"publish","type":"product","link":"https:\/\/vetatourism.com\/tours\/olympos-teleferik-sunset-tour-with-dinner-at-2365m-from-antalya","title":{"rendered":"Olympos Teleferik Sunset Tour mit einem Abendessen in 2365m von Antalya"},"content":{"rendered":"<p>Entdecken Sie den Zauber des Sonnenuntergangs auf dem Tahtal\u0131 Sonnenuntergang Kabel-Auto-Tour von Kemer. Ihre Reise beginnt mit einer Abholung im hotel und Fahrt zur unteren station der Seilbahn auf 726 Meter. Von dort aus genie\u00dfen Sie einen malerischen 12-min\u00fctige Fahrt auf einer der weltweit l\u00e4ngsten Seilbahn Linien auf den Gipfel des Tahtal\u0131-Gebirge auf 2,365 Meter.<\/p>\n<p>An der Spitze, nehmen Sie die atemberaubende Aussicht auf die Mediterranean K\u00fcste und die umliegenden Berge. Als die Sonne beginnt zu setzen, der Himmel f\u00fcllt sich mit lebendigen Farben\u2014schaffen ein wirklich unvergesslicher moment. Entspannen Sie in der frischen Bergluft, snap, sch\u00f6ne Fotos, und genie\u00dfen Sie die friedliche Atmosph\u00e4re.<\/p>\n<p>Genie\u00dfen Sie ein leckeres Abendessen mit live-Musik auf dem Gipfel caf\u00e9. Nach dem Sonnenuntergang und Essen, Abstieg mit der Seilbahn und R\u00fcckfahrt zu Ihrem hotel mit magischen Erinnerungen an diesem ruhigen Abend \u00fcber den Wolken.<\/p>\n<div class=\"tour-content-what-included\"><\/div>\n<hr \/>\n<p>&nbsp;<\/p>\n<div class=\"tour-content-what-included\">\n<h4 id=\"whats-included\">Was ist Enthalten<\/h4>\n<ul style=\"column-count: 2;\">\n<li>Sonnenuntergang Seilbahn-tour mit Abholung im hotel von Kemer<\/li>\n<li>Scenic 12-minute cable car ride to Tahtal\u0131 Mountain summit<\/li>\n<li>Dinner with live music included at the summit caf\u00e9<\/li>\n<li>Cooler temperatures are common at the top, especially after sunset<\/li>\n<li>Weather conditions may affect visibility and timing<\/li>\n<li>Kinder besuchen f\u00fcr freies tun nicht haben eine separate Sitz auf dem transfer-bus<\/li>\n<\/ul>\n<\/div>\n<p>&nbsp;<\/p>\n<hr \/>\n<p>&nbsp;<\/p>\n<div class=\"tour-content-add-information\">\n<h4>Weitere Informationen<\/h4>\n<ul>\n<li>Kinder besuchen die frei haben keinen separaten Sitzplatz im bus. Wenn der bus voll ist, m\u00fcssen Sie sitzen auf einem Erziehungsberechtigten den Scho\u00df, oder auf einem separaten Sitzplatz gekauft werden sollten bei der Buchung.<\/li>\n<\/ul>\n<p>&nbsp;<\/p>\n<\/div>\n<hr \/>\n<p>&nbsp;<\/p>\n<div class=\"tour-content-cancell-policy\">\n<p><strong>Was Sie Mitbringen<\/strong><\/p>\n<ul style=\"column-count: 2;\">\n<li>Leichte Jacke (es kann k\u00fchl an der Spitze) \ud83e\udde5<\/li>\n<li>Bequeme Schuhe \ud83d\udc5f<\/li>\n<li>Kamera oder smartphone \ud83d\udcf1<\/li>\n<\/ul>\n<\/div>","protected":false},"excerpt":{"rendered":"<p>Discover the magic of sunset on the Tahtal\u0131 Sunset Cable Car Tour from Kemer. Your journey begins with a hotel pickup and a drive to the lower cable car station <\/p>","protected":false},"featured_media":14110,"comment_status":"open","ping_status":"closed","template":"","meta":[],"product_brand":[],"product_cat":[15],"product_tag":[],"class_list":{"0":"post-14109","1":"product","2":"type-product","3":"status-publish","4":"has-post-thumbnail","6":"product_cat-non-classe","7":"pa_destination-antalya","9":"first","10":"instock","11":"shipping-taxable","12":"purchasable","13":"product-type-tour_phys"},"_links":{"self":[{"href":"https:\/\/vetatourism.com\/de\/wp-json\/wp\/v2\/product\/14109","targetHints":{"allow":["GET"]}}],"collection":[{"href":"https:\/\/vetatourism.com\/de\/wp-json\/wp\/v2\/product"}],"about":[{"href":"https:\/\/vetatourism.com\/de\/wp-json\/wp\/v2\/types\/product"}],"replies":[{"embeddable":true,"href":"https:\/\/vetatourism.com\/de\/wp-json\/wp\/v2\/comments?post=14109"}],"wp:featuredmedia":[{"embeddable":true,"href":"https:\/\/vetatourism.com\/de\/wp-json\/wp\/v2\/media\/14110"}],"wp:attachment":[{"href":"https:\/\/vetatourism.com\/de\/wp-json\/wp\/v2\/media?parent=14109"}],"wp:term":[{"taxonomy":"product_brand","embeddable":true,"href":"https:\/\/vetatourism.com\/de\/wp-json\/wp\/v2\/product_brand?post=14109"},{"taxonomy":"product_cat","embeddable":true,"href":"https:\/\/vetatourism.com\/de\/wp-json\/wp\/v2\/product_cat?post=14109"},{"taxonomy":"product_tag","embeddable":true,"href":"https:\/\/vetatourism.com\/de\/wp-json\/wp\/v2\/product_tag?post=14109"}],"curies":[{"name":"wp","href":"https:\/\/api.w.org\/{rel}","templated":true}]}}