{"id":14090,"date":"2026-02-01T06:47:51","date_gmt":"2026-02-01T06:47:51","guid":{"rendered":"https:\/\/vetatourism.com\/?post_type=product&#038;p=14090"},"modified":"2026-03-09T05:46:14","modified_gmt":"2026-03-09T05:46:14","slug":"kemer-turkish-bath-hamam-traditional-spa-experience","status":"publish","type":"product","link":"https:\/\/vetatourism.com\/tours\/kemer-turkish-bath-hamam-traditional-spa-experience","title":{"rendered":"Kemer T\u00fcrkisches Bad Hamam &amp; Traditionelle Spa-Erlebnis"},"content":{"rendered":"<p>Die tour beginnt mit einem <strong data-start=\"948\" data-end=\"976\">komfortables hotel pickup<\/strong> von \u00fcberall in Kemer. Werden Sie zu einem traditionellen t\u00fcrkischen Badehaus, wo Ihr-wellness-Reise beginnt.<\/p>\n<p>Beginnen Sie, indem verbringen Zeit in der <strong data-start=\"1120\" data-end=\"1129\">sauna<\/strong> und <strong data-start=\"1134\" data-end=\"1148\">Dampfbad<\/strong>helfen zu \u00f6ffnen Ihre Poren und bereitet Ihren K\u00f6rper. Genie\u00dfen Sie danach ein <strong data-start=\"1214\" data-end=\"1248\">10-minute body scrub (peeling)<\/strong> um tote Hautzellen zu entfernen, gefolgt von einer <strong data-start=\"1284\" data-end=\"1310\">10-minute foam massage<\/strong> \u2014 ein klassisches Hamam ritual, das l\u00e4sst Ihre Haut seidig und glatt.<\/p>\n<p>Als N\u00e4chstes wird eine <strong data-start=\"1382\" data-end=\"1395\">clay mask<\/strong> angewendet zu reinigen und entgiften Ihr Gesicht. Nach absp\u00fclen, entspannen Sie sich in der <strong data-start=\"1475\" data-end=\"1492\">Schwimmbad<\/strong> oder entspannen Sie sich, bis Sie Ihre endg\u00fcltige Behandlung \u2014 <strong data-start=\"1533\" data-end=\"1571\">20-min\u00fctige Aroma-\u00f6l-massage<\/strong>, so dass Sie sich v\u00f6llig erfrischt.<\/p>\n<p>Am Ende Ihrer Sitzung, genie\u00dfen Sie eine warme <strong data-start=\"1649\" data-end=\"1664\">T\u00fcrkischer Tee<\/strong> vor dem Transfer zur\u00fcck zu Ihrem hotel.<\/p>\n<p>Egal, ob Sie beginnt Ihr Urlaub oder Wicklung nach unten, diese Erfahrung ist der ideale Weg, um Pflege f\u00fcr K\u00f6rper und Geist.<\/p>\n<div class=\"tour-content-what-included\"><\/div>\n<hr \/>\n<p>&nbsp;<\/p>\n<div class=\"tour-content-what-included\">\n<h4 id=\"whats-included\">Was ist Enthalten<\/h4>\n<ul style=\"column-count: 2;\">\n<li>Traditionelle t\u00fcrkische hammam-Erlebnis mit hotel pickup from Kemer<\/li>\n<li>Insgesamt dauert ungef\u00e4hr 2,5 bis 3 Stunden<\/li>\n<li>Sauna und Dampfbad Nutzung ist unbegrenzt w\u00e4hrend des Besuchs<\/li>\n<li>Beinhaltet peeling, Schaum massage, Gesichtsmaske, Aromatherapie-massage<\/li>\n<li>Geeignet f\u00fcr m\u00e4nnliche und weibliche G\u00e4ste, private-Optionen auf Anfrage erh\u00e4ltlich<\/li>\n<li>Kinder unter 12 Jahren d\u00fcrfen teilnehmen, mit elterlicher Aufsicht<\/li>\n<\/ul>\n<\/div>\n<p>&nbsp;<\/p>\n<hr \/>\n<p>&nbsp;<\/p>\n<div class=\"tour-content-add-information\">\n<h4>Weitere Informationen<\/h4>\n<ul>\n<li>Dauer: ca. 2,5 bis 3 Stunden<\/li>\n<li>Es gibt keine zeitliche Begrenzung f\u00fcr sauna und Dampfbad<\/li>\n<li>M\u00e4nnliche und weibliche G\u00e4ste sind willkommen; private Optionen auf Anfrage<\/li>\n<li>Kinder unter 12 Jahren d\u00fcrfen gemeinsam mit Ihren Eltern beaufsichtigt werden<\/li>\n<\/ul>\n<p>&nbsp;<\/p>\n<\/div>\n<hr \/>\n<p>&nbsp;<\/p>\n<div class=\"tour-content-cancell-policy\">\n<p><strong>Was Sie Mitbringen<\/strong><\/p>\n<ul style=\"column-count: 2;\">\n<li>Handtuch (kann auch gestellt werden auf der spa) \ud83e\uddfa<\/li>\n<li>Badeanzug<img decoding=\"async\" class=\"emoji\" role=\"img\" draggable=\"false\" src=\"https:\/\/s.w.org\/images\/core\/emoji\/17.0.2\/svg\/1fa71.svg\" alt=\"\ud83e\ude71\" \/><\/li>\n<li>Flip-flops oder Hausschuhe \ud83e\udd7f<\/li>\n<\/ul>\n<\/div>","protected":false},"excerpt":{"rendered":"<p>Die tour beginnt mit einer bequemen Abholung im hotel von \u00fcberall in Kemer. Werden Sie zu einem traditionellen t\u00fcrkischen Badehaus, wo Ihr-wellness-Reise beginnt.<br \/>\nStart by spending time in <\/p>","protected":false},"featured_media":14091,"comment_status":"open","ping_status":"closed","template":"","meta":[],"product_brand":[],"product_cat":[15],"product_tag":[],"class_list":{"0":"post-14090","1":"product","2":"type-product","3":"status-publish","4":"has-post-thumbnail","6":"tour_phys-tours","7":"product_cat-non-classe","8":"pa_destination-kemer","10":"first","11":"instock","12":"shipping-taxable","13":"purchasable","14":"product-type-tour_phys"},"_links":{"self":[{"href":"https:\/\/vetatourism.com\/de\/wp-json\/wp\/v2\/product\/14090","targetHints":{"allow":["GET"]}}],"collection":[{"href":"https:\/\/vetatourism.com\/de\/wp-json\/wp\/v2\/product"}],"about":[{"href":"https:\/\/vetatourism.com\/de\/wp-json\/wp\/v2\/types\/product"}],"replies":[{"embeddable":true,"href":"https:\/\/vetatourism.com\/de\/wp-json\/wp\/v2\/comments?post=14090"}],"wp:featuredmedia":[{"embeddable":true,"href":"https:\/\/vetatourism.com\/de\/wp-json\/wp\/v2\/media\/14091"}],"wp:attachment":[{"href":"https:\/\/vetatourism.com\/de\/wp-json\/wp\/v2\/media?parent=14090"}],"wp:term":[{"taxonomy":"product_brand","embeddable":true,"href":"https:\/\/vetatourism.com\/de\/wp-json\/wp\/v2\/product_brand?post=14090"},{"taxonomy":"product_cat","embeddable":true,"href":"https:\/\/vetatourism.com\/de\/wp-json\/wp\/v2\/product_cat?post=14090"},{"taxonomy":"product_tag","embeddable":true,"href":"https:\/\/vetatourism.com\/de\/wp-json\/wp\/v2\/product_tag?post=14090"}],"curies":[{"name":"wp","href":"https:\/\/api.w.org\/{rel}","templated":true}]}}