{"id":14073,"date":"2026-02-01T06:27:48","date_gmt":"2026-02-01T06:27:48","guid":{"rendered":"https:\/\/vetatourism.com\/?post_type=product&#038;p=14073"},"modified":"2026-03-09T05:46:25","modified_gmt":"2026-03-09T05:46:25","slug":"kemer-quad-safari-tour-thrilling-off-road-adventure","status":"publish","type":"product","link":"https:\/\/vetatourism.com\/tours\/kemer-quad-safari-tour-thrilling-off-road-adventure","title":{"rendered":"Kemer Quad-Safari-Tour, Spannende Off-Road Abenteuer"},"content":{"rendered":"<p>Machen Sie sich bereit f\u00fcr eine spannende Fahrt durch das Taurus-Gebirge mit dem <strong>Quad Safari In Kemer<\/strong>. Nach der Abholung von Ihrem hotel werden Sie den Kopf auf die Basis-camp, wo Sie eine kurze Sicherheitseinweisung und Probefahrt machen Sie Fit f\u00fcr die Reise. Keine Erfahrung ben\u00f6tigt wird, und alle Sicherheitsausr\u00fcstung wird zur Verf\u00fcgung gestellt.<\/p>\n<p>Hop auf Ihrem quad-bike und starten Sie das Abenteuer entlang Waldwege, Schmutz trails und steinige Stra\u00dfen. F\u00fchlen Sie den Nervenkitzel, wie Sie Spritzen \u00fcber schlammfl\u00e4chen und Fahrt \u00fcber das zerkl\u00fcftete Gel\u00e4nde. Auf halbem Weg durch, nehmen Sie eine kurze Pause an einem malerischen Ort mit einer atemberaubenden Aussicht auf die Berge\u2014perfekt f\u00fcr Fotos und Entspannung.<\/p>\n<p>Die zweite H\u00e4lfte der tour wird noch spannend mit steiler Pfade und engere Kurven. Nach der off-road-Spa\u00df, cool off with a swim in a canyon, bevor Sie zur\u00fcck zur Basis. Dann werden Sie abgesetzt an Ihrem hotel\u2014staubig, m\u00fcde und voller Adrenalin-betankte Erinnerungen.<\/p>\n<p>Diese tour ist ideal f\u00fcr Abenteuer-Liebhaber auf der Suche, die Natur zu erkunden, in einem Spa\u00df und spannende Weise.<\/p>\n<p>&nbsp;<\/p>\n<hr \/>\n<p>&nbsp;<\/p>\n<div class=\"tour-content-what-included\">\n<h4 id=\"whats-included\">Was ist Enthalten<\/h4>\n<ul style=\"column-count: 2;\">\n<li>Quad-safari-tour mit Abholung im hotel von Kemer<\/li>\n<li>Keinen F\u00fchrerschein oder Vorkenntnisse erforderlich<\/li>\n<li>Sicherheitseinweisung und Schutzausr\u00fcstung werden zur Verf\u00fcgung gestellt<\/li>\n<li>Minimum driver age 17 Jahre<\/li>\n<li>Reiten erfolgt auf off-road und unebenem Gel\u00e4nde<\/li>\n<li>Das Programm kann sich \u00e4ndern, je nach Wetter-und trail-Bedingungen<\/li>\n<\/ul>\n<\/div>\n<p>&nbsp;<\/p>\n<hr \/>\n<p>&nbsp;<\/p>\n<div class=\"tour-content-add-information\">\n<h4>Weitere Informationen<\/h4>\n<ul>\n<li>Kein F\u00fchrerschein erforderlich<\/li>\n<li>Geeignet f\u00fcr Anf\u00e4nger und erfahrene Reiter<\/li>\n<li>Tour beinhaltet unebenem Gel\u00e4nde eine gute balance empfohlen<\/li>\n<li>Minimum driver age: 17<\/li>\n<li>Safety gear, sofern<\/li>\n<\/ul>\n<p>&nbsp;<\/p>\n<\/div>\n<hr \/>\n<p>&nbsp;<\/p>\n<div class=\"tour-content-cancell-policy\">\n<p><strong>Was Sie Mitbringen<\/strong><\/p>\n<ul style=\"column-count: 2;\">\n<li>Bequeme Schuhe und Kleidung \ud83d\udc55<\/li>\n<li>Sonnencreme \ud83e\uddf4<\/li>\n<li>Badebekleidung und Handtuch <img decoding=\"async\" class=\"emoji\" role=\"img\" draggable=\"false\" src=\"https:\/\/s.w.org\/images\/core\/emoji\/17.0.2\/svg\/1fa71.svg\" alt=\"\ud83e\ude71\" \/><\/li>\n<li>Geld f\u00fcr extras <img decoding=\"async\" class=\"emoji\" role=\"img\" draggable=\"false\" src=\"https:\/\/s.w.org\/images\/core\/emoji\/17.0.2\/svg\/1f4b3.svg\" alt=\"\ud83d\udcb3\" \/><\/li>\n<\/ul>\n<\/div>","protected":false},"excerpt":{"rendered":"<p>Get ready for an exciting ride through the Taurus Mountains with the Kemer Quad Safari. After pickup from your hotel, you\u2019ll head to the base camp where a short safety <\/p>","protected":false},"featured_media":14074,"comment_status":"open","ping_status":"closed","template":"","meta":[],"product_brand":[],"product_cat":[15],"product_tag":[],"class_list":{"0":"post-14073","1":"product","2":"type-product","3":"status-publish","4":"has-post-thumbnail","6":"tour_phys-tours","7":"product_cat-non-classe","8":"pa_destination-kemer","10":"first","11":"instock","12":"shipping-taxable","13":"purchasable","14":"product-type-tour_phys"},"_links":{"self":[{"href":"https:\/\/vetatourism.com\/de\/wp-json\/wp\/v2\/product\/14073","targetHints":{"allow":["GET"]}}],"collection":[{"href":"https:\/\/vetatourism.com\/de\/wp-json\/wp\/v2\/product"}],"about":[{"href":"https:\/\/vetatourism.com\/de\/wp-json\/wp\/v2\/types\/product"}],"replies":[{"embeddable":true,"href":"https:\/\/vetatourism.com\/de\/wp-json\/wp\/v2\/comments?post=14073"}],"wp:featuredmedia":[{"embeddable":true,"href":"https:\/\/vetatourism.com\/de\/wp-json\/wp\/v2\/media\/14074"}],"wp:attachment":[{"href":"https:\/\/vetatourism.com\/de\/wp-json\/wp\/v2\/media?parent=14073"}],"wp:term":[{"taxonomy":"product_brand","embeddable":true,"href":"https:\/\/vetatourism.com\/de\/wp-json\/wp\/v2\/product_brand?post=14073"},{"taxonomy":"product_cat","embeddable":true,"href":"https:\/\/vetatourism.com\/de\/wp-json\/wp\/v2\/product_cat?post=14073"},{"taxonomy":"product_tag","embeddable":true,"href":"https:\/\/vetatourism.com\/de\/wp-json\/wp\/v2\/product_tag?post=14073"}],"curies":[{"name":"wp","href":"https:\/\/api.w.org\/{rel}","templated":true}]}}