{"id":14064,"date":"2026-02-01T06:10:02","date_gmt":"2026-02-01T06:10:02","guid":{"rendered":"https:\/\/vetatourism.com\/?post_type=product&#038;p=14064"},"modified":"2026-03-09T05:46:31","modified_gmt":"2026-03-09T05:46:31","slug":"olympos-chimera-yanartas-night-jeep-safari-from-kemer","status":"publish","type":"product","link":"https:\/\/vetatourism.com\/tours\/olympos-chimera-yanartas-night-jeep-safari-from-kemer","title":{"rendered":"Olympos &amp; Chimera (Yanartas) Nacht-Jeep-Safari Von Kemer"},"content":{"rendered":"<p>Entfliehen Sie der Hitze des Tages und begleiten Sie unsere <strong>Chimera Nacht-Jeep-Safari<\/strong> von Kemer\u2014ein unvergesslicher Abend-tour die Kombination von Natur, Geschichte und lokale Aromen.<\/p>\n<p>Nach der Abholung im hotel, genie\u00dfen Sie eine malerische Jeep-Fahrt durch D\u00f6rfer wie Kuzdere, \u00c7amyuva und Tekirova. Ihre erste Station ist der friedliche <strong>\u00c7\u0131ral\u0131 Strand<\/strong>,, wo haben Sie Zeit zum schwimmen und entspannen auf die Nat\u00fcrliche K\u00fcste.<\/p>\n<p>Next, head to <strong>Chimera hill (Yanartas)<\/strong>\u2014ber\u00fchmt f\u00fcr seine <strong>ewige Flammen<\/strong> dass nat\u00fcrlich brennen von Jahr-Runde durch U-gas. Nach einem kurzen Spaziergang bergauf, nehmen Sie sich Zeit und erleben Sie dieses magischen Feuer-Ph\u00e4nomen, besonders atemberaubenden nach Sonnenuntergang.<\/p>\n<p>Beenden Sie den Abend mit einem leckeren Abendessen in einem charmanten <strong>riverside restaurant in Ulup\u0131nar<\/strong>. W\u00e4hlen Sie aus gegrilltem Fisch oder H\u00fchnchen, frischem Salat, Vorspeisen und Obst der Saison\u2014alles im Preis inbegriffen.<\/p>\n<p>Diese tour bietet eine einzigartige Weise zu sehen, die verborgene Sch\u00f6nheit der region und ist perfekt f\u00fcr Paare, Familien und Naturliebhaber.<\/p>\n<div class=\"tour-content-what-included\">\n<h4 id=\"whats-included\"><\/h4>\n<\/div>\n<hr \/>\n<p>&nbsp;<\/p>\n<div class=\"tour-content-what-included\">\n<h4 id=\"whats-included\">Was ist Enthalten<\/h4>\n<ul style=\"column-count: 2;\">\n<li>Abend Jeep-Safari-tour mit Abholung im hotel von Kemer<\/li>\n<li>Malerischen Dorf fahren und ein Besuch in \u00c7\u0131ral\u0131 Strand<\/li>\n<li>Kurzer Spaziergang bergauf, um zu sehen, den ewigen feuern der Chimera (Yanartas)<\/li>\n<li>Abendessen in einem restaurant am Fluss in Ulup\u0131nar ist im Lieferumfang enthalten<\/li>\n<li>Geeignet f\u00fcr Familien, Paare und Naturliebhaber<\/li>\n<li>Route und Zeitplan kann je nach Wetter-und Stra\u00dfenbedingungen<\/li>\n<\/ul>\n<\/div>\n<p>&nbsp;<\/p>\n<hr \/>\n<p>&nbsp;<\/p>\n<div class=\"tour-content-add-information\">\n<h4>Weitere Informationen<\/h4>\n<ul>\n<li>Dies ist ein Abend, der Jeep-Safari-tour mit hotel pickup and drop-off von Kemer<\/li>\n<li>Die tour beinhaltet leichte off-road-Fahrt und einen kurzen Spaziergang bergauf zu erreichen Chimera (Yanartas)<\/li>\n<li>Schwimmen am \u00c7\u0131ral\u0131-Strand ist optional und je nach Wetter und Seegang<\/li>\n<li>Das Abendessen ist im Preis enthalten und wird bei einem restaurant am Flussufer; Mahlzeit Entscheidungen, die ausgew\u00e4hlt sind-site<\/li>\n<li>Die Reiseroute und Zeitplan kann je nach Wetter -, Verkehrs-oder Stra\u00dfenbedingungen<\/li>\n<li>Nicht empfohlen f\u00fcr Personen mit schweren Fragen der Mobilit\u00e4t aufgrund von unebenem Gel\u00e4nde<\/li>\n<\/ul>\n<p>&nbsp;<\/p>\n<hr \/>\n<p>&nbsp;<\/p>\n<div class=\"tour-content-cancell-policy\">\n<p><strong>Was Sie Mitbringen<\/strong><\/p>\n<ul style=\"column-count: 2;\">\n<li>Eine leichte Jacke (abends kann es k\u00fchl werden) \ud83e\udde5<\/li>\n<li>Bequeme Schuhe (f\u00fcr das gehen bis Chimera hill) \ud83d\udc5f<\/li>\n<li>Badebekleidung und Handtuch <img decoding=\"async\" class=\"emoji\" role=\"img\" draggable=\"false\" src=\"https:\/\/s.w.org\/images\/core\/emoji\/17.0.2\/svg\/1fa71.svg\" alt=\"\ud83e\ude71\" \/><\/li>\n<li>Wasser-und pers\u00f6nliche Gegenst\u00e4nde \ud83c\udf92<\/li>\n<\/ul>\n<\/div>\n<\/div>","protected":false},"excerpt":{"rendered":"<p>Entfliehen Sie der Hitze des Tages und begleiten Sie unsere Chimera Nacht, Jeep Safari in Kemer\u2014eine unvergessliche abendliche tour durch die Kombination von Natur, Geschichte und lokale Aromen.<br \/>\nAfter hotel pickup, enjoy a scenic <\/p>","protected":false},"featured_media":14065,"comment_status":"open","ping_status":"closed","template":"","meta":[],"product_brand":[],"product_cat":[15],"product_tag":[],"class_list":{"0":"post-14064","1":"product","2":"type-product","3":"status-publish","4":"has-post-thumbnail","6":"tour_phys-tours","7":"product_cat-non-classe","8":"pa_destination-kemer","10":"first","11":"instock","12":"shipping-taxable","13":"purchasable","14":"product-type-tour_phys"},"_links":{"self":[{"href":"https:\/\/vetatourism.com\/de\/wp-json\/wp\/v2\/product\/14064","targetHints":{"allow":["GET"]}}],"collection":[{"href":"https:\/\/vetatourism.com\/de\/wp-json\/wp\/v2\/product"}],"about":[{"href":"https:\/\/vetatourism.com\/de\/wp-json\/wp\/v2\/types\/product"}],"replies":[{"embeddable":true,"href":"https:\/\/vetatourism.com\/de\/wp-json\/wp\/v2\/comments?post=14064"}],"wp:featuredmedia":[{"embeddable":true,"href":"https:\/\/vetatourism.com\/de\/wp-json\/wp\/v2\/media\/14065"}],"wp:attachment":[{"href":"https:\/\/vetatourism.com\/de\/wp-json\/wp\/v2\/media?parent=14064"}],"wp:term":[{"taxonomy":"product_brand","embeddable":true,"href":"https:\/\/vetatourism.com\/de\/wp-json\/wp\/v2\/product_brand?post=14064"},{"taxonomy":"product_cat","embeddable":true,"href":"https:\/\/vetatourism.com\/de\/wp-json\/wp\/v2\/product_cat?post=14064"},{"taxonomy":"product_tag","embeddable":true,"href":"https:\/\/vetatourism.com\/de\/wp-json\/wp\/v2\/product_tag?post=14064"}],"curies":[{"name":"wp","href":"https:\/\/api.w.org\/{rel}","templated":true}]}}