{"id":14050,"date":"2026-02-01T06:08:59","date_gmt":"2026-02-01T06:08:59","guid":{"rendered":"https:\/\/vetatourism.com\/?post_type=product&#038;p=14050"},"modified":"2026-03-09T05:46:40","modified_gmt":"2026-03-09T05:46:40","slug":"kemer-jeep-safari-tour-explore-taurus-mountains","status":"publish","type":"product","link":"https:\/\/vetatourism.com\/tours\/kemer-jeep-safari-tour-explore-taurus-mountains","title":{"rendered":"Kemer Jeep-Safari-Tour \u2013 Erkunden Sie Das Taurus-Gebirge"},"content":{"rendered":"<p>Machen Sie sich bereit f\u00fcr eine unvergessliche Reise in das Taurus-Gebirge mit unserer Kemer Jeep-Safari-tour! Dieses aufregende, ganzt\u00e4gige Abenteuer beginnt mit einer Abholung im hotel in den morgen-und f\u00fchrt Sie tief in die Natur mit viel Spa\u00df, Landschaft und Abenteuer.<\/p>\n<p>Genie\u00dfen Sie off-road-Fahrt durch die staubigen, schlammigen Bergstra\u00dfen, mit Foto-Stopps an Sehensw\u00fcrdigkeiten wie dem Kesmebogaz Canyon. Auf dem Weg besuchen Sie:<\/p>\n<p>A giant sycamore tree<\/p>\n<p>Die Ruinen einer byzantinischen Burg<\/p>\n<p>Ein traditionelles Dorf, wo Sie mit einheimischen und erleben Sie die t\u00fcrkische Gastfreundschaft<\/p>\n<p><strong>Die tour ist betrieben mit 10-Sitzer Range Rover jeeps, angetrieben durch professionelle und erfahrene Fahrer, um sicherzustellen, dass die Sicherheit und die Aufregung, den ganzen Tag<\/strong>.<\/p>\n<p>Tanken Sie neue Energie bei einem k\u00f6stlichen Mittagessen in einem restaurant am Flussufer, dann abk\u00fchlen mit einer Badepause in einem Gebirgsfluss. Der Tag endet mit einem weiteren spannenden off-road-Fahrt zu Ihrem hotel zur\u00fcck, voll von Erinnerungen und Nat\u00fcrliche Sch\u00f6nheit.<\/p>\n<div class=\"tour-content-what-included\">\n<h4 id=\"whats-included\"><\/h4>\n<\/div>\n<hr \/>\n<p>&nbsp;<\/p>\n<div class=\"tour-content-what-included\">\n<h4 id=\"whats-included\">Was ist Enthalten<\/h4>\n<ul style=\"column-count: 2;\">\n<li>Full-day Jeep Safari tour mit der Abholung im hotel von Kemer<\/li>\n<li>Off-road-Abenteuer durch das Taurus-Gebirge<\/li>\n<li>Tour ist betrieben mit 10-Sitzer Range Rover jeeps<\/li>\n<li>Mittagessen und einer Badepause sind im Lieferumfang enthalten<\/li>\n<li>Geeignet f\u00fcr Familien und Abenteuer-Liebhaber<\/li>\n<li>Das Programm kann je nach Wetter-und Stra\u00dfenbedingungen<\/li>\n<\/ul>\n<\/div>\n<p>&nbsp;<\/p>\n<hr \/>\n<p>&nbsp;<\/p>\n<div class=\"tour-content-add-information\">\n<h4>Weitere Informationen<\/h4>\n<ul>\n<li>Dies ist eine ganzt\u00e4gige Jeep-Safari-tour mit hotel pickup and drop-off von Kemer<\/li>\n<li>Die tour erfolgt in 10-Sitzer Range Rover jeeps durch erfahrene Berufskraftfahrer<\/li>\n<li>Die route umfasst off-road-fahren auf staubigen und unebenen Berg Stra\u00dfen<\/li>\n<li>Schwimmen in der mountain river ist optional und wetterabh\u00e4ngig<\/li>\n<li>Die Reiseroute kann sich \u00e4ndern, je nach Wetter -, Stra\u00dfen -, oder Sicherheits-Bedingungen<\/li>\n<li>Nicht empfohlen f\u00fcr schwangere G\u00e4ste oder Personen mit schweren R\u00fccken-oder Mobilit\u00e4ts-Probleme<\/li>\n<\/ul>\n<p>&nbsp;<\/p>\n<hr \/>\n<p>&nbsp;<\/p>\n<div class=\"tour-content-cancell-policy\">\n<p><strong>Was Sie Mitbringen<\/strong><\/p>\n<ul style=\"column-count: 2;\">\n<li>Sonnenbrille &amp; Sonnenhut <img decoding=\"async\" class=\"emoji\" role=\"img\" draggable=\"false\" src=\"https:\/\/s.w.org\/images\/core\/emoji\/17.0.2\/svg\/1f576.svg\" alt=\"\ud83d\udd76\ufe0f\" \/><\/li>\n<li>Bequeme Kleidung &amp; Schuhe \ud83d\udc5f<\/li>\n<li>Badebekleidung und Handtuch <img decoding=\"async\" class=\"emoji\" role=\"img\" draggable=\"false\" src=\"https:\/\/s.w.org\/images\/core\/emoji\/17.0.2\/svg\/1fa71.svg\" alt=\"\ud83e\ude71\" \/><\/li>\n<li>Sonnencreme \ud83e\uddf4<\/li>\n<li>Wasser-und pers\u00f6nliche Gegenst\u00e4nde \ud83c\udf92<\/li>\n<\/ul>\n<\/div>\n<\/div>","protected":false},"excerpt":{"rendered":"<p>Get ready for an unforgettable journey into the Taurus Mountains with our Kemer Jeep Safari tour! This exciting full-day experience starts with a hotel pickup in the morning and takes <\/p>","protected":false},"featured_media":14051,"comment_status":"open","ping_status":"closed","template":"","meta":[],"product_brand":[],"product_cat":[15],"product_tag":[],"class_list":{"0":"post-14050","1":"product","2":"type-product","3":"status-publish","4":"has-post-thumbnail","6":"tour_phys-tours","7":"product_cat-non-classe","8":"pa_destination-kemer","10":"first","11":"instock","12":"shipping-taxable","13":"purchasable","14":"product-type-tour_phys"},"_links":{"self":[{"href":"https:\/\/vetatourism.com\/de\/wp-json\/wp\/v2\/product\/14050","targetHints":{"allow":["GET"]}}],"collection":[{"href":"https:\/\/vetatourism.com\/de\/wp-json\/wp\/v2\/product"}],"about":[{"href":"https:\/\/vetatourism.com\/de\/wp-json\/wp\/v2\/types\/product"}],"replies":[{"embeddable":true,"href":"https:\/\/vetatourism.com\/de\/wp-json\/wp\/v2\/comments?post=14050"}],"wp:featuredmedia":[{"embeddable":true,"href":"https:\/\/vetatourism.com\/de\/wp-json\/wp\/v2\/media\/14051"}],"wp:attachment":[{"href":"https:\/\/vetatourism.com\/de\/wp-json\/wp\/v2\/media?parent=14050"}],"wp:term":[{"taxonomy":"product_brand","embeddable":true,"href":"https:\/\/vetatourism.com\/de\/wp-json\/wp\/v2\/product_brand?post=14050"},{"taxonomy":"product_cat","embeddable":true,"href":"https:\/\/vetatourism.com\/de\/wp-json\/wp\/v2\/product_cat?post=14050"},{"taxonomy":"product_tag","embeddable":true,"href":"https:\/\/vetatourism.com\/de\/wp-json\/wp\/v2\/product_tag?post=14050"}],"curies":[{"name":"wp","href":"https:\/\/api.w.org\/{rel}","templated":true}]}}