{"id":14049,"date":"2026-02-01T05:57:52","date_gmt":"2026-02-01T05:57:52","guid":{"rendered":"https:\/\/vetatourism.com\/?post_type=product&#038;p=14049"},"modified":"2026-03-09T05:46:45","modified_gmt":"2026-03-09T05:46:45","slug":"scuba-diving-from-antalya-with-lunch","status":"publish","type":"product","link":"https:\/\/vetatourism.com\/tours\/scuba-diving-from-antalya-with-lunch","title":{"rendered":"Tauchen Von Antalya mit Mittagessen"},"content":{"rendered":"<p>Ihr Abenteuer beginnt mit einem <strong>Abholung im hotel<\/strong> in Antalya oder Kemer und transfer zur marina, wo Ihr Tauchen Boot wartet. An Bord, Ihr <strong>zertifizierte Instruktoren<\/strong> geben ein detailliertes briefing covering Sicherheit, Ausr\u00fcstung und Tauchen Techniken.<\/p>\n<p>Der erste Tauchgang findet in <strong>Aquarium Bay<\/strong>in einer Tiefe von ca. <strong>5 Meter<\/strong>und dauert rund <strong>20-25 Minuten<\/strong>. Nach dem Tauchen, entspannen Sie auf dem deck, Sonnen, schwimmen oder Schnorcheln in den ruhigen, t\u00fcrkisfarbenen Wasser.<\/p>\n<p>Genie\u00dfen <strong>leckeres Mittagessen<\/strong> frisch zubereitet und an Bord serviert, bevor Sie an den zweiten Tauchgang location \u2014 <strong>Kiri\u015f Bay<\/strong>. Dieser Tauchgang geht ein bisschen tiefer, zwischen <strong>10-15 Meter<\/strong>wieder begleitet von professionellen Trainern.<\/p>\n<p>W\u00e4hrend der gesamten tour, genie\u00dfen Sie die spektakul\u00e4re Aussicht auf die K\u00fcste und genie\u00dfen Sie die friedliche Atmosph\u00e4re des Mittelmeers. Diese Erfahrung ist auch geeignet f\u00fcr diejenigen, die k\u00f6nnen nicht schwimmen \u2014 Tauchen ist getan mit voller Aufsicht und Anleitung.<\/p>\n<p>&nbsp;<\/p>\n<hr \/>\n<p>&nbsp;<\/p>\n<div class=\"tour-content-what-included\">\n<h4 id=\"whats-included\">Was ist Enthalten<\/h4>\n<ul style=\"column-count: 2;\">\n<li>Full-Tages-Tauch-tour mit Abholung im hotel von Antalya oder Kemer<\/li>\n<li>Zwei gef\u00fchrte Tauchg\u00e4nge mit certified professional instructors<\/li>\n<li>Geeignet f\u00fcr Anf\u00e4nger und erfahrene Taucher<\/li>\n<li>Schwimmkenntnisse sind nicht erforderlich<\/li>\n<li>Alle Tauchen Ausr\u00fcstung wird gestellt und regelm\u00e4\u00dfig gewartet<\/li>\n<li>Kinder besuchen f\u00fcr freies tun nicht haben eine separate Sitz auf dem transfer-bus<\/li>\n<\/ul>\n<\/div>\n<p>&nbsp;<\/p>\n<hr \/>\n<p>&nbsp;<\/p>\n<div class=\"tour-content-add-information\">\n<h4>Weitere Informationen<\/h4>\n<ul>\n<li>Alle Ausr\u00fcstung ist modern und wird regelm\u00e4\u00dfig gewartet<\/li>\n<li>Geeignet f\u00fcr erste-Zeit, Taucher und erfahrenen scuba-Enthusiasten<\/li>\n<li>Schwimmkenntnisse sind nicht erforderlich, um teilzunehmen<\/li>\n<li>Kinder, die kostenlos daran teilnehmen haben keinen separaten Sitzplatz im bus; falls erforderlich, einen bezahlten Sitzplatz im Voraus gebucht werden m\u00fcssen<\/li>\n<\/ul>\n<p>&nbsp;<\/p>\n<\/div>\n<hr \/>\n<p>&nbsp;<\/p>\n<div class=\"tour-content-cancell-policy\">\n<p><strong>Was Sie Mitbringen<\/strong><\/p>\n<ul style=\"column-count: 2;\">\n<li>Sonnenbrille und Sonnencreme \ud83d\udd76\ufe0f<\/li>\n<li>Badebekleidung und Handtuch <img decoding=\"async\" class=\"emoji\" role=\"img\" draggable=\"false\" src=\"https:\/\/s.w.org\/images\/core\/emoji\/17.0.2\/svg\/1fa71.svg\" alt=\"\ud83e\ude71\" \/><\/li>\n<li>Geld f\u00fcr pers\u00f6nliche Ausgaben <img decoding=\"async\" class=\"emoji\" role=\"img\" draggable=\"false\" src=\"https:\/\/s.w.org\/images\/core\/emoji\/17.0.2\/svg\/1f4b3.svg\" alt=\"\ud83d\udcb3\" \/><\/li>\n<\/ul>\n<\/div>","protected":false},"excerpt":{"rendered":"<p>Your adventure begins with a hotel pickup in Antalya or Kemer and transfer to the marina, where your diving boat awaits. Onboard, your certified dive instructors will give a detailed <\/p>","protected":false},"featured_media":14042,"comment_status":"open","ping_status":"closed","template":"","meta":[],"product_brand":[],"product_cat":[15],"product_tag":[],"class_list":{"0":"post-14049","1":"product","2":"type-product","3":"status-publish","4":"has-post-thumbnail","6":"tour_phys-tours","7":"product_cat-non-classe","8":"pa_destination-antalya","10":"first","11":"instock","12":"shipping-taxable","13":"purchasable","14":"product-type-tour_phys"},"_links":{"self":[{"href":"https:\/\/vetatourism.com\/de\/wp-json\/wp\/v2\/product\/14049","targetHints":{"allow":["GET"]}}],"collection":[{"href":"https:\/\/vetatourism.com\/de\/wp-json\/wp\/v2\/product"}],"about":[{"href":"https:\/\/vetatourism.com\/de\/wp-json\/wp\/v2\/types\/product"}],"replies":[{"embeddable":true,"href":"https:\/\/vetatourism.com\/de\/wp-json\/wp\/v2\/comments?post=14049"}],"wp:featuredmedia":[{"embeddable":true,"href":"https:\/\/vetatourism.com\/de\/wp-json\/wp\/v2\/media\/14042"}],"wp:attachment":[{"href":"https:\/\/vetatourism.com\/de\/wp-json\/wp\/v2\/media?parent=14049"}],"wp:term":[{"taxonomy":"product_brand","embeddable":true,"href":"https:\/\/vetatourism.com\/de\/wp-json\/wp\/v2\/product_brand?post=14049"},{"taxonomy":"product_cat","embeddable":true,"href":"https:\/\/vetatourism.com\/de\/wp-json\/wp\/v2\/product_cat?post=14049"},{"taxonomy":"product_tag","embeddable":true,"href":"https:\/\/vetatourism.com\/de\/wp-json\/wp\/v2\/product_tag?post=14049"}],"curies":[{"name":"wp","href":"https:\/\/api.w.org\/{rel}","templated":true}]}}