{"id":14030,"date":"2026-02-01T05:43:37","date_gmt":"2026-02-01T05:43:37","guid":{"rendered":"https:\/\/vetatourism.com\/?post_type=product&#038;p=14030"},"modified":"2026-03-09T05:47:06","modified_gmt":"2026-03-09T05:47:06","slug":"tazi-canyon-rafting-combo-tour-from-kemer","status":"publish","type":"product","link":"https:\/\/vetatourism.com\/tours\/tazi-canyon-rafting-combo-tour-from-kemer","title":{"rendered":"Taz\u0131 Canyon \u2013 Rafting-Combo-Tour Ab Kemer"},"content":{"rendered":"<p class=\"\" data-start=\"1139\" data-end=\"1299\">Ihr Abenteuer beginnt mit einem komfortablen <strong data-start=\"1180\" data-end=\"1196\">Abholung im hotel<\/strong> von Kemer, gefolgt von einem spannenden <strong data-start=\"1233\" data-end=\"1257\">off-road-Jeep-Safari<\/strong> Fahrt durch das malerische Taurusgebirge.<\/p>\n<p class=\"\" data-start=\"1301\" data-end=\"1569\">Sie kommen an einem Fluss in base <strong data-start=\"1344\" data-end=\"1362\">Der K\u00f6pr\u00fcl\u00fc-Canyon<\/strong>, wo Sie die chance haben, <strong data-start=\"1396\" data-end=\"1433\">join eine optionale rafting-Aktivit\u00e4t<\/strong> oder entspannen Sie sich am Fluss. Wenn Sie w\u00e4hlen, rafting, kompetenten Instruktoren bieten alle notwendige Ausr\u00fcstung und Ausbildung. Keine Erfahrung ist erforderlich!<\/p>\n<p class=\"\" data-start=\"1571\" data-end=\"1999\">Als N\u00e4chstes, steigen Sie auf eine <strong data-start=\"1588\" data-end=\"1603\">cabrio-Jeep<\/strong> (nach oben offenen safari-Fahrzeug) f\u00fcr eine Reise zu den legend\u00e4ren <strong data-start=\"1658\" data-end=\"1673\">Taz\u0131 Canyon<\/strong>. Bekannt f\u00fcr seine dramatischen Klippen und eine unglaubliche Aussicht auf dieses Naturwunder bietet eine perfekte Fototermin. Der Jeep Stoppt an der Spitze des Canyons, wo Sie genie\u00dfen <strong data-start=\"1847\" data-end=\"1917\">freie Zeit zum erkunden, entspannen Sie sich und genie\u00dfen Sie das atemberaubende panorama<\/strong>. Bitte beachten Sie, dass die Eingabe der canyon selbst ist aus Sicherheitsgr\u00fcnden nicht gestattet.<\/p>\n<p class=\"\" data-start=\"2001\" data-end=\"2219\">Nach dem Besuch Taz\u0131 Canyon, die tour kehrt zum K\u00f6pr\u00fcl\u00fc Canyon f\u00fcr die <strong data-start=\"2072\" data-end=\"2099\">main rafting-Erfahrung<\/strong> (wenn ausgew\u00e4hlt). Paddeln Sie durch die Stromschnellen, schwimmen im k\u00fchlen Wasser und genie\u00dfen Sie h\u00e4lt f\u00fcr Bilder und schwimmen auf dem Weg.<\/p>\n<p class=\"\" data-start=\"2221\" data-end=\"2349\">Schlie\u00dflich, genie\u00dfen Sie einen <strong data-start=\"2238\" data-end=\"2257\">leckeres Mittagessen<\/strong> durch den Fluss, bevor Sie zur\u00fcck zu Ihrem hotel \u2014 erfrischt, begeistert und voller Erinnerungen.<\/p>\n<p>&nbsp;<\/p>\n<hr \/>\n<p>&nbsp;<\/p>\n<div class=\"tour-content-what-included\">\n<h4 id=\"whats-included\">Was ist Enthalten<\/h4>\n<ul style=\"column-count: 2;\">\n<li>Full-day Jeep Safari und rafting tour mit der Abholung im hotel von Kemer<\/li>\n<li>Kein schwimmen oder rafting-Erfahrung ist erforderlich<\/li>\n<li>Rafting ist fertig in 10-Personen-Boote; 2-Personen-Kajaks sind verf\u00fcgbar f\u00fcr eine zus\u00e4tzliche Geb\u00fchr<\/li>\n<li>Eingang in Taz\u0131 Canyon nicht gestattet ist; die Anzeige ist von den bezeichneten Standpunkt<\/li>\n<li>Optional rafting und zus\u00e4tzliche Ausr\u00fcstung gekauft werden k\u00f6nnen, an der Basis<\/li>\n<li>Kinder besuchen f\u00fcr freies tun nicht haben eine separate Sitz auf dem transfer-bus und erfordern m\u00f6glicherweise einen bezahlten Sitzplatz im Voraus<\/li>\n<\/ul>\n<\/div>\n<p>&nbsp;<\/p>\n<hr \/>\n<p>&nbsp;<\/p>\n<div class=\"tour-content-add-information\">\n<h4>Weitere Informationen<\/h4>\n<ul>\n<li>Ohne schwimmen Erfahrung ist erforderlich f\u00fcr rafting<\/li>\n<li>10-Personen-Fl\u00f6\u00dfe sind im Reisepreis enthalten<\/li>\n<li>2-Personen-Kajaks sind verf\u00fcgbar f\u00fcr eine zus\u00e4tzliche Geb\u00fchr<\/li>\n<li>Sie k\u00f6nnen kaufen Wasser Schuhe, Brillen-Riemen und Wasserdichte Telefon F\u00e4llen an der Basis<\/li>\n<li>Kinder, die kostenlos daran teilnehmen haben keinen separaten Sitzplatz im bus; falls erforderlich, einen bezahlten Sitzplatz im Voraus gebucht werden m\u00fcssen<\/li>\n<\/ul>\n<p>&nbsp;<\/p>\n<\/div>\n<hr \/>\n<p>&nbsp;<\/p>\n<div class=\"tour-content-cancell-policy\">\n<p><strong>Was Sie Mitbringen<\/strong><\/p>\n<ul style=\"column-count: 2;\">\n<li>Zus\u00e4tzliche Kleidung zu \u00e4ndern, nachdem rafting \ud83d\udc55<\/li>\n<li>Sonnencreme und Wasser Schuhe \ud83e\uddf4<\/li>\n<li>Badebekleidung und Handtuch <img decoding=\"async\" class=\"emoji\" role=\"img\" draggable=\"false\" src=\"https:\/\/s.w.org\/images\/core\/emoji\/17.0.2\/svg\/1fa71.svg\" alt=\"\ud83e\ude71\" \/><\/li>\n<li>Geld f\u00fcr zus\u00e4tzliche Eink\u00e4ufe <img decoding=\"async\" class=\"emoji\" role=\"img\" draggable=\"false\" src=\"https:\/\/s.w.org\/images\/core\/emoji\/17.0.2\/svg\/1f4b3.svg\" alt=\"\ud83d\udcb3\" \/><\/li>\n<\/ul>\n<\/div>","protected":false},"excerpt":{"rendered":"<p>Ihr Abenteuer beginnt mit einer bequemen Abholung im hotel von Kemer, gefolgt von einem spannenden off-road-Jeep-Safari-Fahrt durch das malerische Taurusgebirge.<br \/>\nYou&#8217;ll first arrive at a riverside base <\/p>","protected":false},"featured_media":14031,"comment_status":"open","ping_status":"closed","template":"","meta":[],"product_brand":[],"product_cat":[15],"product_tag":[],"class_list":{"0":"post-14030","1":"product","2":"type-product","3":"status-publish","4":"has-post-thumbnail","6":"tour_phys-tours","7":"product_cat-non-classe","8":"pa_destination-kemer","10":"first","11":"instock","12":"shipping-taxable","13":"purchasable","14":"product-type-tour_phys"},"_links":{"self":[{"href":"https:\/\/vetatourism.com\/de\/wp-json\/wp\/v2\/product\/14030","targetHints":{"allow":["GET"]}}],"collection":[{"href":"https:\/\/vetatourism.com\/de\/wp-json\/wp\/v2\/product"}],"about":[{"href":"https:\/\/vetatourism.com\/de\/wp-json\/wp\/v2\/types\/product"}],"replies":[{"embeddable":true,"href":"https:\/\/vetatourism.com\/de\/wp-json\/wp\/v2\/comments?post=14030"}],"wp:featuredmedia":[{"embeddable":true,"href":"https:\/\/vetatourism.com\/de\/wp-json\/wp\/v2\/media\/14031"}],"wp:attachment":[{"href":"https:\/\/vetatourism.com\/de\/wp-json\/wp\/v2\/media?parent=14030"}],"wp:term":[{"taxonomy":"product_brand","embeddable":true,"href":"https:\/\/vetatourism.com\/de\/wp-json\/wp\/v2\/product_brand?post=14030"},{"taxonomy":"product_cat","embeddable":true,"href":"https:\/\/vetatourism.com\/de\/wp-json\/wp\/v2\/product_cat?post=14030"},{"taxonomy":"product_tag","embeddable":true,"href":"https:\/\/vetatourism.com\/de\/wp-json\/wp\/v2\/product_tag?post=14030"}],"curies":[{"name":"wp","href":"https:\/\/api.w.org\/{rel}","templated":true}]}}