{"id":14029,"date":"2026-02-01T05:33:30","date_gmt":"2026-02-01T05:33:30","guid":{"rendered":"https:\/\/vetatourism.com\/?post_type=product&#038;p=14029"},"modified":"2026-03-09T05:47:13","modified_gmt":"2026-03-09T05:47:13","slug":"antalya-rafting-tour-in-koprulu-canyon","status":"publish","type":"product","link":"https:\/\/vetatourism.com\/tours\/antalya-rafting-tour-in-koprulu-canyon","title":{"rendered":"Antalya Rafting-Tour im K\u00f6pr\u00fcl\u00fc-Canyon"},"content":{"rendered":"<p>Machen Sie sich bereit f\u00fcr eine <strong>Adrenalin-gef\u00fcllt-rafting-Abenteuer<\/strong> im Herzen von <strong>Der K\u00f6pr\u00fcl\u00fc-Canyon<\/strong>UNESCO World Heritage Site!<\/p>\n<p>Diese 14 km lange rafting-Strecke features <strong>10 spannende rapids<\/strong>perfekt f\u00fcr Einsteiger und adventure-Liebhaber gleicherma\u00dfen. Zwischen den Stromschnellen, nehmen erfrischenden schwimmen in ruhiger Fluss-pools, umgeben von einer atemberaubenden Aussicht auf die Berge und \u00fcppige Natur.<\/p>\n<p>Ihr Tag beginnt mit einem <strong>Abholung im hotel<\/strong> und transfer zum Basislager. Nach einer kurzen Sicherheitseinweisung, werden Sie Getriebe und schlie\u00dfen sich einer Gruppe von bis zu 10 Personen f\u00fcr eine unvergessliche Reise den Fluss hinunter \u2014 alle gef\u00fchrt von erfahrenen Profis.<\/p>\n<p>W\u00e4hrend der tour, werden Sie genie\u00dfen:<\/p>\n<ul>\n<li>Ein Bruch mit dem optional Getr\u00e4nke und Pfannkuchen (extra Kosten)<\/li>\n<li>Ein Abenteuer halt f\u00fcr zipline und Tauchen (optional, gegen Geb\u00fchr)<\/li>\n<li>Ein leckeres Mittagessen am Flussufer<\/li>\n<\/ul>\n<p>Nach dem Mittagessen, fahren Sie rafting auf den Punkt fertig. Du wirst die chance haben zu <strong>beobachten Sie Ihre tour video<\/strong>nehmen Sie Fotos, und dann entspannen wir nehmen Sie zur\u00fcck zu Ihrem hotel.<\/p>\n<p>Dies ist mehr als ein tour \u2014 it ' s a full-day adventure vollgepackt mit <strong>Spa\u00df, Natur und Spannung<\/strong>!<\/p>\n<div class=\"tour-content-add-information\">\n<div style=\"max-width: 360px; margin: 0;\">\n<div style=\"position: relative; padding-top: 177.77%;\"><iframe style=\"position: absolute; top: 0; left: 0; width: 100%; height: 100%; border: 0;\" src=\"https:\/\/www.youtube.com\/embed\/WSaK6yKRtvM\" allowfullscreen=\"allowfullscreen\"><br \/>\n<\/iframe><\/div>\n<\/div>\n<hr \/>\n<p>&nbsp;<\/p>\n<div class=\"tour-content-what-included\">\n<h4 id=\"whats-included\">Was ist Enthalten<\/h4>\n<ul style=\"column-count: 2;\">\n<li>Ganztages-rafting-tour mit hotel pickup and drop-off<\/li>\n<li>14 km lange rafting-Strecke mit professionellen guides<\/li>\n<li>Geeignet f\u00fcr Anf\u00e4nger und Abenteurer<\/li>\n<li>Sicherheitsausr\u00fcstung und Einweisung sind zur Verf\u00fcgung gestellt<\/li>\n<li>Optionale Aktivit\u00e4ten und extras sind gegen Aufpreis erh\u00e4ltlich<\/li>\n<li>Das Programm kann sich \u00e4ndern, abh\u00e4ngig von Wetter-und Flussbedingungen<\/li>\n<\/ul>\n<\/div>\n<p>&nbsp;<\/p>\n<\/div>\n<hr \/>\n<p>&nbsp;<\/p>\n<div class=\"tour-content-add-information\">\n<h4>Weitere Informationen<\/h4>\n<ul>\n<li>Dies ist eine ganzt\u00e4gige rafting-tour mit hotel pickup and drop-off<\/li>\n<li>Keine Vorherige rafting-Erfahrung erforderlich ist; professionelle guides bieten vollst\u00e4ndige Anweisung und Sicherheit unterst\u00fctzen<\/li>\n<li>Rafting-Boote f\u00fcr bis zu 10 Teilnehmer pro Gruppe<\/li>\n<li>Optionale Aktivit\u00e4ten wie zipline, Tauchen, Getr\u00e4nke, Fotos, und videos sind verf\u00fcgbar f\u00fcr eine zus\u00e4tzliche Geb\u00fchr<\/li>\n<li>Die tour wird je nach Wetter-und Flussbedingungen<\/li>\n<li>Nicht empfohlen f\u00fcr schwangere G\u00e4ste oder solche mit schweren gesundheitlichen oder Fragen der Mobilit\u00e4t<\/li>\n<\/ul>\n<p>&nbsp;<\/p>\n<\/div>\n<hr \/>\n<p>&nbsp;<\/p>\n<div class=\"tour-content-cancell-policy\">\n<p><strong>Was Sie Mitbringen<\/strong><\/p>\n<ul style=\"column-count: 2;\">\n<li>Sonnencreme \ud83e\uddf4<\/li>\n<li>Wasser-Schuhe \ud83d\udc5f<\/li>\n<li>Badeanzug und Handtuch <img decoding=\"async\" class=\"emoji\" role=\"img\" draggable=\"false\" src=\"https:\/\/s.w.org\/images\/core\/emoji\/17.0.2\/svg\/1fa71.svg\" alt=\"\ud83e\ude71\" \/><\/li>\n<li>\u00c4ndern von Kleidung \ud83d\udc5a<\/li>\n<\/ul>\n<\/div>","protected":false},"excerpt":{"rendered":"<p>Machen Sie sich bereit f\u00fcr ein Adrenalin-gef\u00fcllt-rafting-Abenteuer im Herzen des K\u00f6pr\u00fcl\u00fc Canyon, UNESCO World Heritage Site!<br \/>\nThis 14 km rafting route features 10 thrilling rapids, perfect for beginners <\/p>","protected":false},"featured_media":14022,"comment_status":"open","ping_status":"closed","template":"","meta":[],"product_brand":[],"product_cat":[15],"product_tag":[],"class_list":{"0":"post-14029","1":"product","2":"type-product","3":"status-publish","4":"has-post-thumbnail","6":"tour_phys-tours","7":"product_cat-non-classe","8":"pa_destination-antalya","10":"first","11":"instock","12":"shipping-taxable","13":"purchasable","14":"product-type-tour_phys"},"_links":{"self":[{"href":"https:\/\/vetatourism.com\/de\/wp-json\/wp\/v2\/product\/14029","targetHints":{"allow":["GET"]}}],"collection":[{"href":"https:\/\/vetatourism.com\/de\/wp-json\/wp\/v2\/product"}],"about":[{"href":"https:\/\/vetatourism.com\/de\/wp-json\/wp\/v2\/types\/product"}],"replies":[{"embeddable":true,"href":"https:\/\/vetatourism.com\/de\/wp-json\/wp\/v2\/comments?post=14029"}],"wp:featuredmedia":[{"embeddable":true,"href":"https:\/\/vetatourism.com\/de\/wp-json\/wp\/v2\/media\/14022"}],"wp:attachment":[{"href":"https:\/\/vetatourism.com\/de\/wp-json\/wp\/v2\/media?parent=14029"}],"wp:term":[{"taxonomy":"product_brand","embeddable":true,"href":"https:\/\/vetatourism.com\/de\/wp-json\/wp\/v2\/product_brand?post=14029"},{"taxonomy":"product_cat","embeddable":true,"href":"https:\/\/vetatourism.com\/de\/wp-json\/wp\/v2\/product_cat?post=14029"},{"taxonomy":"product_tag","embeddable":true,"href":"https:\/\/vetatourism.com\/de\/wp-json\/wp\/v2\/product_tag?post=14029"}],"curies":[{"name":"wp","href":"https:\/\/api.w.org\/{rel}","templated":true}]}}