{"id":14020,"date":"2026-01-31T17:30:56","date_gmt":"2026-01-31T17:30:56","guid":{"rendered":"https:\/\/vetatourism.com\/?post_type=product&#038;p=14020"},"modified":"2026-03-09T05:47:28","modified_gmt":"2026-03-09T05:47:28","slug":"pamukkale-hot-air-balloon-tour-from-antalya","status":"publish","type":"product","link":"https:\/\/vetatourism.com\/tours\/pamukkale-hot-air-balloon-tour-from-antalya","title":{"rendered":"Pamukkale Hei\u00dfluftballon-Tour von Antalya"},"content":{"rendered":"<p>Beginnen Sie Ihren Tag fr\u00fch mit einem komfortable 3,5-st\u00fcndigen klimatisierte Fahrt von Antalya nach Pamukkale. Bei der Ankunft, machen Sie sich bereit f\u00fcr einen Sonnenaufgang Hei\u00dfluftballon-Flug, bietet eine spektakul\u00e4re Luftaufnahmen von den Travertin-Terrassen und alten Ruinen.<\/p>\n<p>Die in den Himmel aufsteigen mit erfahrenen Piloten, wie die Sonne aufgeht, in der Malerei die Landschaft in Goldenen Farben. Diese ruhigen und doch aufregende Flucht ist die perfekte Mischung aus Abenteuer und Ruhe.<\/p>\n<p>Nach der Landung genie\u00dfen Sie eine traditionelle Champagner-feier und Sie erhalten Ihren pers\u00f6nlichen Flug-Zertifikat.<\/p>\n<p>Tanken Sie neue Energie mit einem leckeren Fr\u00fchst\u00fcck, erkunden Sie die ikonischen Pamukkale travertine, und die Antike Stadt Hierapolis. Bestaunen Sie die gut erhaltene amphitheater, B\u00e4der, Gr\u00e4ber und mehr. Sie haben auch die M\u00f6glichkeit zu besuchen Cleopatra ' s Pool (Eintritt nicht inbegriffen).<\/p>\n<p>Beenden Sie die tour mit einem entspannten Mittagessen vor der R\u00fcckkehr zu Ihrem hotel in Antalya.<\/p>\n<p>&nbsp;<\/p>\n<hr \/>\n<p>&nbsp;<\/p>\n<div class=\"tour-content-what-included\">\n<h4 id=\"whats-included\">Was ist Enthalten<\/h4>\n<ul style=\"column-count: 2;\">\n<li>Sunrise hot air balloon tour with hotel pickup from Antalya<\/li>\n<li>Nicht geeignet f\u00fcr Kinder unter 7 Jahre alt sind oder Schwanger G\u00e4ste<\/li>\n<li>Balloon flights are subject to weather conditions and may be canceled with refund<\/li>\n<li>Breakfast, lunch, champagne celebration, and flight certificate are included<\/li>\n<li>Pamukkale and Hierapolis visits are included; Cleopatra\u2019s Pool entry is optional<\/li>\n<li>Pickup-Zeit kann variieren je nach Sonnenaufgang und Wetterbedingungen<\/li>\n<\/ul>\n<\/div>\n<p>&nbsp;<\/p>\n<hr \/>\n<p>&nbsp;<\/p>\n<div class=\"tour-content-add-information\">\n<h4>Weitere Informationen<\/h4>\n<ul>\n<li>Nicht geeignet f\u00fcr Kinder unter 7 oder schwangere Frauen<\/li>\n<li>Ballon-Fl\u00fcge werden storniert wegen Wetter; in diesem Fall wird der Flug Teil erstattet werden<\/li>\n<li>Es werden kurze Pausen f\u00fcr shopping und Toiletten w\u00e4hrend der Fahrt<\/li>\n<li>Pickup-Zeit kann variieren je nach Sonnenaufgang<\/li>\n<li>G\u00e4ste, die opt-out von Pamukkale und Hierapolis Eingang k\u00f6nnen genie\u00dfen die freie Zeit<\/li>\n<\/ul>\n<p>&nbsp;<\/p>\n<\/div>\n<hr \/>\n<p>&nbsp;<\/p>\n<div class=\"tour-content-cancell-policy\">\n<p><strong>Was Sie Mitbringen<\/strong><\/p>\n<ul style=\"column-count: 2;\">\n<li>Sonnenbrillen<img decoding=\"async\" class=\"emoji\" role=\"img\" draggable=\"false\" src=\"https:\/\/s.w.org\/images\/core\/emoji\/17.0.2\/svg\/1f576.svg\" alt=\"\ud83d\udd76\ufe0f\" \/><\/li>\n<li>Hut<img decoding=\"async\" class=\"emoji\" role=\"img\" draggable=\"false\" src=\"https:\/\/s.w.org\/images\/core\/emoji\/17.0.2\/svg\/1f9e2.svg\" alt=\"\ud83e\udde2\" \/><\/li>\n<li>Badeanzug und Handtuch <img decoding=\"async\" class=\"emoji\" role=\"img\" draggable=\"false\" src=\"https:\/\/s.w.org\/images\/core\/emoji\/17.0.2\/svg\/1fa71.svg\" alt=\"\ud83e\ude71\" \/><\/li>\n<li>Komfortable sportswear &amp; sneakers \ud83d\udc5f<\/li>\n<li>Bargeld f\u00fcr pers\u00f6nliche Ausgaben <img decoding=\"async\" class=\"emoji\" role=\"img\" draggable=\"false\" src=\"https:\/\/s.w.org\/images\/core\/emoji\/17.0.2\/svg\/1f4b3.svg\" alt=\"\ud83d\udcb3\" \/><\/li>\n<\/ul>\n<\/div>","protected":false},"excerpt":{"rendered":"<p>Start your day early with a comfortable 3.5-hour air-conditioned drive from Antalya to Pamukkale. Upon arrival, get ready for a sunrise hot air balloon flight that offers spectacular aerial views <\/p>","protected":false},"featured_media":14007,"comment_status":"open","ping_status":"closed","template":"","meta":[],"product_brand":[],"product_cat":[15],"product_tag":[],"class_list":{"0":"post-14020","1":"product","2":"type-product","3":"status-publish","4":"has-post-thumbnail","6":"tour_phys-tours","7":"product_cat-non-classe","8":"pa_destination-antalya","10":"first","11":"instock","12":"shipping-taxable","13":"purchasable","14":"product-type-tour_phys"},"_links":{"self":[{"href":"https:\/\/vetatourism.com\/de\/wp-json\/wp\/v2\/product\/14020","targetHints":{"allow":["GET"]}}],"collection":[{"href":"https:\/\/vetatourism.com\/de\/wp-json\/wp\/v2\/product"}],"about":[{"href":"https:\/\/vetatourism.com\/de\/wp-json\/wp\/v2\/types\/product"}],"replies":[{"embeddable":true,"href":"https:\/\/vetatourism.com\/de\/wp-json\/wp\/v2\/comments?post=14020"}],"wp:featuredmedia":[{"embeddable":true,"href":"https:\/\/vetatourism.com\/de\/wp-json\/wp\/v2\/media\/14007"}],"wp:attachment":[{"href":"https:\/\/vetatourism.com\/de\/wp-json\/wp\/v2\/media?parent=14020"}],"wp:term":[{"taxonomy":"product_brand","embeddable":true,"href":"https:\/\/vetatourism.com\/de\/wp-json\/wp\/v2\/product_brand?post=14020"},{"taxonomy":"product_cat","embeddable":true,"href":"https:\/\/vetatourism.com\/de\/wp-json\/wp\/v2\/product_cat?post=14020"},{"taxonomy":"product_tag","embeddable":true,"href":"https:\/\/vetatourism.com\/de\/wp-json\/wp\/v2\/product_tag?post=14020"}],"curies":[{"name":"wp","href":"https:\/\/api.w.org\/{rel}","templated":true}]}}