{"id":14005,"date":"2026-01-31T17:07:09","date_gmt":"2026-01-31T17:07:09","guid":{"rendered":"https:\/\/vetatourism.com\/?post_type=product&#038;p=14005"},"modified":"2026-04-15T21:29:08","modified_gmt":"2026-04-15T21:29:08","slug":"pamukkale-hierapolis-tour-from-antalya","status":"publish","type":"product","link":"https:\/\/vetatourism.com\/tours\/pamukkale-hierapolis-tour-from-antalya","title":{"rendered":"Pamukkale &amp; Hierapolis Tour von Antalya"},"content":{"rendered":"<p>Beginnen Sie Ihren Tag mit einem bequemen transfer von Ihrem hotel in Antalya. Reisen Sie durch malerische Landschaften vor der Ankunft in der Welt-ber\u00fchmten Pamukkale, auch bekannt als \"Cotton Castle\".<\/p>\n<p>Vor Ihrem Besuch, genie\u00dfen Sie eine Mittagspause, um sich wieder aufzuladen. Dann bestaunen Sie die surreale wei\u00dfen Travertin-Terrassen gebildet, die durch mineral-rich thermal waters flowing down the cliffs.<\/p>\n<p>Erkunden Sie die Antike Stadt <strong>Hierapolis<\/strong>gegr\u00fcndet als thermal-spa im 2. Jahrhundert vor Christus. Spazieren Sie zwischen den gut erhaltenen Ruinen wie die <strong>R\u00f6misches theater<\/strong>, <strong>Apollo-Tempel<\/strong>, <strong>R\u00f6mische B\u00e4der<\/strong>, <strong>Brunnen<\/strong>und die <strong>agora<\/strong>. Ihr professioneller guide faszinierende Geschichten \u00fcber die Geschichte des Ortes und kulturelle Bedeutung.<\/p>\n<p>Nach der gef\u00fchrten tour haben Sie freie Zeit zum entspannen oder schwimmen in den Thermalbecken. F\u00fcr eine zus\u00e4tzliche Geb\u00fchr, Sie k\u00f6nnen erleben Sie die ber\u00fchmte <strong>Cleopatra ' s Pool<\/strong>, wo sich der Legende nach die K\u00f6nigin selbst einmal gebadet.<\/p>\n<p>&nbsp;<\/p>\n<hr \/>\n<p>&nbsp;<\/p>\n<div class=\"tour-content-what-included\">\n<h4 id=\"whats-included\">Was ist Enthalten<\/h4>\n<ul style=\"column-count: 2;\">\n<li>Full-day guided tour mit der Abholung im hotel von Antalya<\/li>\n<li>Besuch von Pamukkale Travertin-Terrassen und Hierapolis Ancient City<\/li>\n<li>Mittagessen ist im Preis inbegriffen bevor Sie die Stadt besichtigen<\/li>\n<li>Freie Zeit zur Verf\u00fcgung steht, zum schwimmen und entspannen<\/li>\n<li>Cleopatra ' s Pool ist optional und erfordert eine zus\u00e4tzliche Geb\u00fchr<\/li>\n<li>Das Programm kann sich \u00e4ndern, je nach Wetter-und Standortbedingungen<\/li>\n<\/ul>\n<\/div>\n<p>&nbsp;<\/p>\n<hr \/>\n<p>&nbsp;<\/p>\n<div class=\"tour-content-add-information\">\n<h4>Weitere Informationen<\/h4>\n<ul>\n<li>Dies ist eine ganzt\u00e4gige tour mit hotel pickup and drop-off von Antalya<\/li>\n<li>Abholzeiten variieren von hotel zu hotel, Standort und werden nach der Buchung best\u00e4tigt<\/li>\n<li>Zu Fu\u00df auf die Travertin-Terrassen ist barfu\u00df, als erforderlich durch die Website-Bestimmungen<\/li>\n<li>Schwimmen in den Thermalbecken ist optional; Cleopatra ' s Pool ist verf\u00fcgbar f\u00fcr eine zus\u00e4tzliche Geb\u00fchr, zahlbar vor Ort<\/li>\n<li>Die Reiseroute kann angepasst werden, aufgrund der Wetterbedingungen oder \u00f6rtlichen Vorschriften<\/li>\n<li>Nicht empfohlen f\u00fcr Personen mit schweren Einschr\u00e4nkungen der Mobilit\u00e4t durch ungleichm\u00e4\u00dfige walking Oberfl\u00e4chen<\/li>\n<\/ul>\n<p>&nbsp;<\/p>\n<hr \/>\n<p>&nbsp;<\/p>\n<div class=\"tour-content-cancell-policy\">\n<p><strong>Was Sie Mitbringen<\/strong><\/p>\n<ul style=\"column-count: 2;\">\n<li>Reisepass oder ID \ud83c\udd94<\/li>\n<li>Bequeme Schuhe \ud83d\udc5f<\/li>\n<li>Sonnenbrille und Sonnenhut \ud83d\udd76\ufe0f<\/li>\n<li>Badebekleidung und Handtuch (f\u00fcr diejenigen, die schwimmen m\u00f6chten) \ud83e\ude71<\/li>\n<\/ul>\n<\/div>\n<\/div>","protected":false},"excerpt":{"rendered":"<p>Beginnen Sie Ihren Tag mit einem bequemen transfer von Ihrem hotel in Antalya. Reisen Sie durch malerische Landschaften vor der Ankunft in der Welt-ber\u00fchmten Pamukkale, auch bekannt als \"Cotton Castle\".<br \/>\nBefore your <\/p>","protected":false},"featured_media":13995,"comment_status":"open","ping_status":"closed","template":"","meta":[],"product_brand":[],"product_cat":[15],"product_tag":[],"class_list":{"0":"post-14005","1":"product","2":"type-product","3":"status-publish","4":"has-post-thumbnail","6":"tour_phys-tours","7":"product_cat-non-classe","8":"pa_destination-antalya","10":"first","11":"instock","12":"shipping-taxable","13":"purchasable","14":"product-type-tour_phys"},"_links":{"self":[{"href":"https:\/\/vetatourism.com\/de\/wp-json\/wp\/v2\/product\/14005","targetHints":{"allow":["GET"]}}],"collection":[{"href":"https:\/\/vetatourism.com\/de\/wp-json\/wp\/v2\/product"}],"about":[{"href":"https:\/\/vetatourism.com\/de\/wp-json\/wp\/v2\/types\/product"}],"replies":[{"embeddable":true,"href":"https:\/\/vetatourism.com\/de\/wp-json\/wp\/v2\/comments?post=14005"}],"wp:featuredmedia":[{"embeddable":true,"href":"https:\/\/vetatourism.com\/de\/wp-json\/wp\/v2\/media\/13995"}],"wp:attachment":[{"href":"https:\/\/vetatourism.com\/de\/wp-json\/wp\/v2\/media?parent=14005"}],"wp:term":[{"taxonomy":"product_brand","embeddable":true,"href":"https:\/\/vetatourism.com\/de\/wp-json\/wp\/v2\/product_brand?post=14005"},{"taxonomy":"product_cat","embeddable":true,"href":"https:\/\/vetatourism.com\/de\/wp-json\/wp\/v2\/product_cat?post=14005"},{"taxonomy":"product_tag","embeddable":true,"href":"https:\/\/vetatourism.com\/de\/wp-json\/wp\/v2\/product_tag?post=14005"}],"curies":[{"name":"wp","href":"https:\/\/api.w.org\/{rel}","templated":true}]}}