{"id":13993,"date":"2026-01-31T15:58:36","date_gmt":"2026-01-31T15:58:36","guid":{"rendered":"https:\/\/vetatourism.com\/?post_type=product&#038;p=13993"},"modified":"2026-03-09T05:47:52","modified_gmt":"2026-03-09T05:47:52","slug":"demre-myra-kekova-tour-from-antalya-st-nicholas-church","status":"publish","type":"product","link":"https:\/\/vetatourism.com\/tours\/demre-myra-kekova-tour-from-antalya-st-nicholas-church","title":{"rendered":"Demre Myra Kekova Tour Von Antalya &amp; St.-Nikolaus-Kirche"},"content":{"rendered":"<p>Beginnen Sie Ihre Reise mit einer bequemen Abholung von Ihrem hotel in Antalya oder Kemer. Fahren Sie durch malerische K\u00fcsten-Stra\u00dfen der alten region Lykien.<\/p>\n<p>Ihr Erster halt ist <strong>Myra<\/strong>, eine der antiken Lykischen Stadt, wo Sie besuchen beeindruckende <strong>rock-cut tombs<\/strong> und die \u00fcberreste einer <strong>Greco-Roman theater<\/strong>.<\/p>\n<p>Next, head to <strong>Demre<\/strong> besuchen Sie die <strong>Kirche St. Nikolaus<\/strong>erbaut \u00fcber der Grabst\u00e4tte der 4th-century saint who inspired the legend of Santa Claus.<\/p>\n<p>Nach dem Genuss ein <strong>k\u00f6stliches lokales Mittagessen<\/strong>, Brett a <strong>Glas-Boden-yacht<\/strong> bei \u00c7aya\u011fz\u0131 Hafen und Kreuzfahrt in Richtung <strong>Kekova Insel<\/strong>. Bewundern Sie die geheimnisvollen Ruinen der <strong>versunkene Stadt<\/strong>, teilweise unter Wasser nach einem antiken Erdbeben.<\/p>\n<p>Siehe Unterwasser bleibt durch die yacht-glass windows, and spot <strong>Simena Burg<\/strong> auf der Bergkuppe. Vor der R\u00fcckkehr genie\u00dfen Sie ein erfrischendes <strong>Badepause<\/strong> in den wundersch\u00f6nen Gew\u00e4ssern des Mittelmeers.<\/p>\n<p>Schlie\u00dflich, entspannen Sie auf Ihrer Fahrt zur\u00fcck zu Ihrem hotel, gef\u00fcllt mit unvergesslichen Erinnerungen an die T\u00fcrkei ist Reich an Geschichte.<\/p>\n<p>&nbsp;<\/p>\n<hr \/>\n<p>&nbsp;<\/p>\n<div class=\"tour-content-what-included\">\n<h4 id=\"whats-included\">Was ist Enthalten<\/h4>\n<ul style=\"column-count: 2;\">\n<li>Die volle-Tag kulturelle tour mit der Abholung im hotel von Antalya oder Kemer<\/li>\n<li>Besuche Myra Antike Stadt Demre, und die Kekova region<\/li>\n<li>Glasboden-Bootsfahrt zum anzeigen der Versunkenen Stadt Kekova<\/li>\n<li>Mittagessen und einer Badepause sind im Programm enthalten<\/li>\n<li>Route kann je nach Wetter-und Seebedingungen<\/li>\n<\/ul>\n<\/div>\n<p>&nbsp;<\/p>\n<hr \/>\n<p>&nbsp;<\/p>\n<div class=\"tour-content-add-information\">\n<h4>Weitere Informationen<\/h4>\n<ul>\n<li>Dies ist eine ganzt\u00e4gige tour mit hotel pickup and drop-off von Antalya oder Kemer<\/li>\n<li>Abholzeiten variieren von hotel zu hotel, Standort und werden nach der Buchung best\u00e4tigt<\/li>\n<li>Eintritt Myra Antike Stadt und die Kirche St. Nikolaus werden kann, zahlbar vor Ort, je nach ausgew\u00e4hlten Paket<\/li>\n<li>Der Glas-Boden-Boot-Kreuzfahrt erm\u00f6glicht das anzeigen der Versunkenen Stadt, ohne zu schwimmen; schwimmen ist optional w\u00e4hrend der Pause<\/li>\n<li>Die Reiseroute kann sich \u00e4ndern, aufgrund von Wetter, Seegang oder \u00f6rtlichen Vorschriften<\/li>\n<li>Nicht empfehlenswert f\u00fcr G\u00e4ste mit eingeschr\u00e4nkter Mobilit\u00e4t aufgrund von zu Fu\u00df an historischen St\u00e4tten<\/li>\n<\/ul>\n<p>&nbsp;<\/p>\n<hr \/>\n<p>&nbsp;<\/p>\n<div class=\"tour-content-cancell-policy\">\n<p><strong>Was Sie Mitbringen<\/strong><\/p>\n<ul style=\"column-count: 2;\">\n<li>Bequeme Schuhe \ud83d\udc5f<\/li>\n<li>Sonnenbrille und Sonnencreme \ud83e\uddf4<\/li>\n<li>Badebekleidung und Handtuch <img decoding=\"async\" class=\"emoji\" role=\"img\" draggable=\"false\" src=\"https:\/\/s.w.org\/images\/core\/emoji\/17.0.2\/svg\/1fa71.svg\" alt=\"\ud83e\ude71\" \/><\/li>\n<li>Bargeld f\u00fcr pers\u00f6nliche Ausgaben <img decoding=\"async\" class=\"emoji\" role=\"img\" draggable=\"false\" src=\"https:\/\/s.w.org\/images\/core\/emoji\/17.0.2\/svg\/1f4b3.svg\" alt=\"\ud83d\udcb3\" \/><\/li>\n<\/ul>\n<\/div>\n<\/div>","protected":false},"excerpt":{"rendered":"<p>Beginnen Sie Ihre Reise mit einer bequemen Abholung von Ihrem hotel in Antalya oder Kemer. Fahren Sie durch malerische K\u00fcsten-Stra\u00dfen der alten region Lykien.<br \/>\nYour first stop is Myra, <\/p>","protected":false},"featured_media":13985,"comment_status":"open","ping_status":"closed","template":"","meta":[],"product_brand":[],"product_cat":[15],"product_tag":[],"class_list":{"0":"post-13993","1":"product","2":"type-product","3":"status-publish","4":"has-post-thumbnail","6":"tour_phys-tours","7":"product_cat-non-classe","8":"pa_destination-antalya","10":"first","11":"instock","12":"shipping-taxable","13":"purchasable","14":"product-type-tour_phys"},"_links":{"self":[{"href":"https:\/\/vetatourism.com\/de\/wp-json\/wp\/v2\/product\/13993","targetHints":{"allow":["GET"]}}],"collection":[{"href":"https:\/\/vetatourism.com\/de\/wp-json\/wp\/v2\/product"}],"about":[{"href":"https:\/\/vetatourism.com\/de\/wp-json\/wp\/v2\/types\/product"}],"replies":[{"embeddable":true,"href":"https:\/\/vetatourism.com\/de\/wp-json\/wp\/v2\/comments?post=13993"}],"wp:featuredmedia":[{"embeddable":true,"href":"https:\/\/vetatourism.com\/de\/wp-json\/wp\/v2\/media\/13985"}],"wp:attachment":[{"href":"https:\/\/vetatourism.com\/de\/wp-json\/wp\/v2\/media?parent=13993"}],"wp:term":[{"taxonomy":"product_brand","embeddable":true,"href":"https:\/\/vetatourism.com\/de\/wp-json\/wp\/v2\/product_brand?post=13993"},{"taxonomy":"product_cat","embeddable":true,"href":"https:\/\/vetatourism.com\/de\/wp-json\/wp\/v2\/product_cat?post=13993"},{"taxonomy":"product_tag","embeddable":true,"href":"https:\/\/vetatourism.com\/de\/wp-json\/wp\/v2\/product_tag?post=13993"}],"curies":[{"name":"wp","href":"https:\/\/api.w.org\/{rel}","templated":true}]}}