{"id":13972,"date":"2026-01-30T12:55:53","date_gmt":"2026-01-30T12:55:53","guid":{"rendered":"https:\/\/vetatourism.com\/?post_type=product&#038;p=13972"},"modified":"2026-03-09T05:48:09","modified_gmt":"2026-03-09T05:48:09","slug":"kemer-relax-vip-yacht-tour-small-group","status":"publish","type":"product","link":"https:\/\/vetatourism.com\/tours\/kemer-relax-vip-yacht-tour-small-group","title":{"rendered":"Kemer Entspannen VIP Yacht Tour \u2013 Small Group"},"content":{"rendered":"<p>Beim Besuch Kemer, Antalya begr\u00fc\u00dft Sie mit einer lebendigen Mischung aus Str\u00e4nden, Nachtleben und endlose Aktivit\u00e4ten. Aber manchmal ist alles, was Sie brauchen, ist ein moment der Ruhe. Die <strong>Entspannen VIP Yacht Tour<\/strong> ist die perfekte Flucht aus der Hektik.<\/p>\n<p>Gehen Sie an Bord einer komfortablen yacht, entwickelt f\u00fcr Luxus und Ruhe. Keine laute Musik oder chaotische Menschenmassen, genie\u00dfen Sie jeden moment\u2014egal, ob Sie schwimmen in unber\u00fchrten Buchten, an deck Sonnen, oder genie\u00dfen Sie ein k\u00f6stliches T\u00fcrkisches Mittagessen, zubereitet von der onboard-chef. Die ruhige Atmosph\u00e4re, kombiniert mit beruhigender hintergrund-Musik, schafft die ideale Umgebung f\u00fcr Entspannung und neue Energie zu tanken.<\/p>\n<p>&nbsp;<\/p>\n<hr \/>\n<p>&nbsp;<\/p>\n<div class=\"tour-content-what-included\">\n<h4 id=\"whats-included\">Was ist Enthalten<\/h4>\n<ul style=\"column-count: 2;\">\n<li>VIP yacht tour konzentriert sich auf Entspannung und eine ruhige Atmosph\u00e4re<\/li>\n<li>Keine laute Musik oder party-style entertainment an Bord<\/li>\n<li>Das Mittagessen wird frisch zubereitet und serviert auf der yacht<\/li>\n<li>Nicht barrierefrei<\/li>\n<li>Kleinkinder m\u00fcssen sitzen auf Runden (kein separater Sitzecke zur Verf\u00fcgung gestellt)<\/li>\n<li>Geeignet f\u00fcr die meisten Reisenden, aber nicht empfehlenswert f\u00fcr G\u00e4ste mit ernsten medizinischen Bedingungen<\/li>\n<\/ul>\n<\/div>\n<p>&nbsp;<\/p>\n<hr \/>\n<p>&nbsp;<\/p>\n<div class=\"tour-content-add-information\">\n<h4>Weitere Informationen<\/h4>\n<ul>\n<li>Diese tour ist nicht f\u00fcr Rollstuhlfahrer zug\u00e4nglich<\/li>\n<li>Kleinkinder m\u00fcssen sitzen auf Runden (kein eigener Sitzplatz zur Verf\u00fcgung gestellt)<\/li>\n<li>Geeignet f\u00fcr die meisten Reisenden; jedoch nicht empfohlen, f\u00fcr diejenigen, die mit ernsten medizinischen Bedingungen<\/li>\n<\/ul>\n<p>&nbsp;<\/p>\n<\/div>\n<hr \/>\n<p>&nbsp;<\/p>\n<div class=\"tour-content-cancell-policy\">\n<p><strong>Was Sie Mitbringen<\/strong><\/p>\n<ul style=\"column-count: 2;\">\n<li>Sonnenbrillen<img decoding=\"async\" class=\"emoji\" role=\"img\" draggable=\"false\" src=\"https:\/\/s.w.org\/images\/core\/emoji\/17.0.2\/svg\/1f576.svg\" alt=\"\ud83d\udd76\ufe0f\" \/><\/li>\n<li>Badeanzug \ud83d\udc59<\/li>\n<li>Handtuch \ud83e\uddfc<\/li>\n<li>Sonnencreme \ud83e\uddf4<\/li>\n<li>Etwas Bargeld f\u00fcr pers\u00f6nliche Ausgaben \ud83d\udcb5<\/li>\n<\/ul>\n<\/div>","protected":false},"excerpt":{"rendered":"<p>When visiting Kemer, Antalya, you&#8217;re greeted with a vibrant blend of beaches, nightlife, and endless activities. But sometimes, all you need is a moment of calm. The Relax VIP Yacht <\/p>","protected":false},"featured_media":13973,"comment_status":"open","ping_status":"closed","template":"","meta":[],"product_brand":[],"product_cat":[15],"product_tag":[],"class_list":{"0":"post-13972","1":"product","2":"type-product","3":"status-publish","4":"has-post-thumbnail","6":"tour_phys-tours","7":"product_cat-non-classe","8":"pa_destination-kemer","10":"first","11":"instock","12":"shipping-taxable","13":"purchasable","14":"product-type-tour_phys"},"_links":{"self":[{"href":"https:\/\/vetatourism.com\/de\/wp-json\/wp\/v2\/product\/13972","targetHints":{"allow":["GET"]}}],"collection":[{"href":"https:\/\/vetatourism.com\/de\/wp-json\/wp\/v2\/product"}],"about":[{"href":"https:\/\/vetatourism.com\/de\/wp-json\/wp\/v2\/types\/product"}],"replies":[{"embeddable":true,"href":"https:\/\/vetatourism.com\/de\/wp-json\/wp\/v2\/comments?post=13972"}],"wp:featuredmedia":[{"embeddable":true,"href":"https:\/\/vetatourism.com\/de\/wp-json\/wp\/v2\/media\/13973"}],"wp:attachment":[{"href":"https:\/\/vetatourism.com\/de\/wp-json\/wp\/v2\/media?parent=13972"}],"wp:term":[{"taxonomy":"product_brand","embeddable":true,"href":"https:\/\/vetatourism.com\/de\/wp-json\/wp\/v2\/product_brand?post=13972"},{"taxonomy":"product_cat","embeddable":true,"href":"https:\/\/vetatourism.com\/de\/wp-json\/wp\/v2\/product_cat?post=13972"},{"taxonomy":"product_tag","embeddable":true,"href":"https:\/\/vetatourism.com\/de\/wp-json\/wp\/v2\/product_tag?post=13972"}],"curies":[{"name":"wp","href":"https:\/\/api.w.org\/{rel}","templated":true}]}}