{"id":13939,"date":"2026-01-30T12:24:55","date_gmt":"2026-01-30T12:24:55","guid":{"rendered":"https:\/\/vetatourism.com\/?post_type=product&#038;p=13939"},"modified":"2026-03-09T05:48:20","modified_gmt":"2026-03-09T05:48:20","slug":"kemer-porto-genoese-boat-trip-blue-lagoon","status":"publish","type":"product","link":"https:\/\/vetatourism.com\/tours\/kemer-porto-genoese-boat-trip-blue-lagoon","title":{"rendered":"Kemer Porto Genueser Schiff Reise &amp; Blue Lagoon"},"content":{"rendered":"<p>Ihr Abenteuer beginnt mit einer bequemen Abholung von Ihrem hotel in Stadtzentrum von Antalya, Lara oder Belek (je nach gew\u00e4hlter option) oder am ausgewiesenen Treffpunkt. Genie\u00dfen Sie eine malerische Fahrt nach Adrasan Hafen, wo Sie Ihre yacht erwartet.<\/p>\n<p><strong>Akseki Bay<\/strong><br \/>\nBeginnen Sie mit einer 30-min\u00fctigen Stopp an Akseki Bucht, ideal zum schwimmen und Schnorcheln. Der Meeresboden ist Reich an Meereslebewesen, darunter Seeigel, so bringen Sie Schnorchelausr\u00fcstung und beobachten Sie Ihren Schritt, um voll zu genie\u00dfen dieses Unterwasser-Paradies.<\/p>\n<p><strong>Porto Ceneviz Bay<\/strong><br \/>\nAls N\u00e4chstes Segeln Sie zur atemberaubenden Porto Ceneviz Bucht f\u00fcr eine 60-min\u00fctige Pause. Schwimmen Sie im glamour\u00f6sen t\u00fcrkisfarbenen Wasser, genie\u00dfen Sie ein lustiges Schlammbad und genie\u00dfen Sie ein k\u00f6stliches Mittagessen an Bord, w\u00e4hrend Sie von einer atemberaubenden Landschaft umgeben.<\/p>\n<p><strong>Korsan Bay<\/strong><br \/>\nNach einer 25-min\u00fctigen Bootsfahrt erreichen Korsan Bay f\u00fcr 40 Minuten schwimmen und entspannen. Dieser abgelegene Ort bietet kristallklares Wasser und eine ruhige Atmosph\u00e4re, perfekt zum entspannen.<\/p>\n<p><strong>Fosforlu-H\u00f6hle<\/strong><br \/>\nWenn das Wetter erlauben, erkunden Sie die bezaubernde Fosforlu H\u00f6hle, ein verstecktes Juwel, mit einem einzigartigen, leuchtenden Ambiente, das f\u00fcgt eine Magische Note zu Ihrem Tag.<\/p>\n<p>Nach einem Tag voller Abenteuer und Entspannung, Segel zur\u00fcck nach Adrasan Beach und genie\u00dfen Sie einen komfortablen transfer zu Ihrem hotel oder Ihrer Adresse in Antalya.<\/p>\n<p>&nbsp;<\/p>\n<hr \/>\n<p>&nbsp;<\/p>\n<div class=\"tour-content-what-included\">\n<h4 id=\"whats-included\">Was ist Enthalten<\/h4>\n<ul style=\"column-count: 2;\">\n<li>Full-day yacht-tour mit Abholung von Antalya, Lara oder Belek<\/li>\n<li>Mehrere swimming-Haltestellen in Akseki, Porto Ceneviz und Korsan Buchten<\/li>\n<li>Das Mittagessen wird an Bord serviert, w\u00e4hrend die Porto Ceneviz Bay stop<\/li>\n<li>Schnorcheln ist optional und die G\u00e4ste k\u00f6nnen Ihr eigenes equipment mitzubringen<\/li>\n<li>Die Reiseroute und die H\u00f6hle zu besuchen, kann sich je nach Wetterbedingungen \u00e4ndern<\/li>\n<\/ul>\n<\/div>\n<p>&nbsp;<\/p>\n<hr \/>\n<p>&nbsp;<\/p>\n<div class=\"tour-content-add-information\">\n<h4>Weitere Informationen<\/h4>\n<ul>\n<li>Die Reiseroute kann sich \u00e4ndern, aufgrund von Bedingungen auf See, und einige Haltestellen k\u00f6nnen ausgelassen werden, die f\u00fcr Sicherheit.<\/li>\n<li>Schnorcheln ist nicht eine engagierte Aktivit\u00e4t, aber Sie sind willkommen, bringen Sie Ihre eigene Ausr\u00fcstung zu verwenden, w\u00e4hrend schwimmen Pausen.<\/li>\n<li>Tragen Sie bequeme Bademode, Sonnencreme und Anti-Rutsch-Schuhe f\u00fcr Sicherheit.<\/li>\n<li>Bringen Sie ein Handtuch, Hut, Wasser Flasche f\u00fcr zus\u00e4tzlichen Komfort.<\/li>\n<\/ul>\n<p>&nbsp;<\/p>\n<\/div>\n<hr \/>\n<p>&nbsp;<\/p>\n<div class=\"tour-content-cancell-policy\">\n<p><strong>Was Sie Mitbringen<\/strong><\/p>\n<ul style=\"column-count: 2;\">\n<li>Hut und Sonnenbrille <img decoding=\"async\" class=\"emoji\" role=\"img\" draggable=\"false\" src=\"https:\/\/s.w.org\/images\/core\/emoji\/17.0.2\/svg\/1f576.svg\" alt=\"\ud83d\udd76\ufe0f\" \/><\/li>\n<li>Sonnencreme \ud83e\uddf4<\/li>\n<li>Nicht-slip Wasser Schuhe \ud83d\udc5f<\/li>\n<li>Badebekleidung und Handtuch <img decoding=\"async\" class=\"emoji\" role=\"img\" draggable=\"false\" src=\"https:\/\/s.w.org\/images\/core\/emoji\/17.0.2\/svg\/1fa71.svg\" alt=\"\ud83e\ude71\" \/><\/li>\n<li>Wasserdichte Kamera oder ein Handy \ud83d\udcf1<\/li>\n<li>Bargeld f\u00fcr pers\u00f6nliche Ausgaben \ud83d\udcb3<\/li>\n<\/ul>\n<\/div>","protected":false},"excerpt":{"rendered":"<p>Your adventure begins with a convenient pickup from your hotel in Antalya city center, Lara, or Belek (depending on your chosen option) or at the designated meeting point. Enjoy a <\/p>","protected":false},"featured_media":13956,"comment_status":"open","ping_status":"closed","template":"","meta":[],"product_brand":[],"product_cat":[15],"product_tag":[],"class_list":{"0":"post-13939","1":"product","2":"type-product","3":"status-publish","4":"has-post-thumbnail","6":"tour_phys-tours","7":"product_cat-non-classe","8":"pa_activity-porto-genoese-bay","9":"pa_destination-kemer","11":"first","12":"instock","13":"shipping-taxable","14":"purchasable","15":"product-type-tour_phys"},"_links":{"self":[{"href":"https:\/\/vetatourism.com\/de\/wp-json\/wp\/v2\/product\/13939","targetHints":{"allow":["GET"]}}],"collection":[{"href":"https:\/\/vetatourism.com\/de\/wp-json\/wp\/v2\/product"}],"about":[{"href":"https:\/\/vetatourism.com\/de\/wp-json\/wp\/v2\/types\/product"}],"replies":[{"embeddable":true,"href":"https:\/\/vetatourism.com\/de\/wp-json\/wp\/v2\/comments?post=13939"}],"wp:featuredmedia":[{"embeddable":true,"href":"https:\/\/vetatourism.com\/de\/wp-json\/wp\/v2\/media\/13956"}],"wp:attachment":[{"href":"https:\/\/vetatourism.com\/de\/wp-json\/wp\/v2\/media?parent=13939"}],"wp:term":[{"taxonomy":"product_brand","embeddable":true,"href":"https:\/\/vetatourism.com\/de\/wp-json\/wp\/v2\/product_brand?post=13939"},{"taxonomy":"product_cat","embeddable":true,"href":"https:\/\/vetatourism.com\/de\/wp-json\/wp\/v2\/product_cat?post=13939"},{"taxonomy":"product_tag","embeddable":true,"href":"https:\/\/vetatourism.com\/de\/wp-json\/wp\/v2\/product_tag?post=13939"}],"curies":[{"name":"wp","href":"https:\/\/api.w.org\/{rel}","templated":true}]}}