{"id":13929,"date":"2026-01-30T10:53:28","date_gmt":"2026-01-30T10:53:28","guid":{"rendered":"https:\/\/vetatourism.com\/?post_type=product&#038;p=13929"},"modified":"2026-03-09T05:48:26","modified_gmt":"2026-03-09T05:48:26","slug":"suluada-island-boat-trip-from-antalya-turkish-maldives","status":"publish","type":"product","link":"https:\/\/vetatourism.com\/tours\/suluada-island-boat-trip-from-antalya-turkish-maldives","title":{"rendered":"Suluada Insel Bootsfahrt Von Antalya -T\u00fcrkisch Malediven"},"content":{"rendered":"<div data-start=\"1005\" data-end=\"1322\">Ihre Reise beginnt mit einer Abholung im hotel von Kemer, gefolgt von einer malerischen Fahrt um <strong data-start=\"1087\" data-end=\"1103\">Adrasan Port<\/strong>, wo werden Sie an Bord einer komfortablen yacht f\u00fcr einen Tag Sonne, Meer und Ruhe. Die route f\u00fchrt Sie entlang der wundersch\u00f6nen <strong data-start=\"1220\" data-end=\"1239\">T\u00fcrkische Riviera<\/strong>mit einem atemberaubenden Blick auf das Taurus-Gebirge und unber\u00fchrte K\u00fcstenlandschaften.<\/div>\n<div data-start=\"1324\" data-end=\"1401\">Die tour beinhaltet drei schwimmen h\u00e4lt an Suluada sch\u00f6nsten Orte:<\/div>\n<ul>\n<li style=\"text-align: left;\" data-start=\"1405\" data-end=\"1532\">\ud83c\udfd6\ufe0f <strong data-start=\"1409\" data-end=\"1425\">Malediven Bay<\/strong>: Ber\u00fchmt f\u00fcr seine weichen, wei\u00dfen sand und kristallklarem, t\u00fcrkisfarbenem Wasser \u2014 perfekt zum schwimmen und Schnorcheln.<\/li>\n<li style=\"text-align: left;\" data-start=\"1535\" data-end=\"1643\">\ud83c\udf3f <strong data-start=\"1538\" data-end=\"1566\">Suluada die Versteckten Str\u00e4nden<\/strong>: Entspannen Sie am ruhigen Ufer, zu Fu\u00df entlang der K\u00fcste, oder Sonnen Sie sich einfach in Ruhe.<\/li>\n<li style=\"text-align: left;\" data-start=\"1646\" data-end=\"1764\">\ud83c\udfde\ufe0f <strong data-start=\"1650\" data-end=\"1678\">Liebe H\u00f6hle (A\u015fk Ma\u011faras\u0131)<\/strong>: Eine malerische, Nat\u00fcrliche Bildung, wo Sie schwimmen, Schnorcheln oder nehmen Sie tolle Fotos.<\/li>\n<\/ul>\n<div data-start=\"1766\" data-end=\"2034\">Um die Mittagszeit, ein frisch Gegrilltes <strong data-start=\"1799\" data-end=\"1812\">Grill-Mittagessen<\/strong> wird auf dem Boot serviert, mit Optionen wie Fisch, Huhn oder Vegetarische Gerichte zusammen mit traditionellen t\u00fcrkischen meze. Nach einer entspannenden Pause, das Boot K\u00f6pfe zur\u00fcck zu Adrasan, gefolgt von Ihrer R\u00fcckkehr transfer zum hotel.<\/div>\n<p>&nbsp;<\/p>\n<hr \/>\n<p>&nbsp;<\/p>\n<div class=\"tour-content-what-included\">\n<h4 id=\"whats-included\">Was ist Enthalten<\/h4>\n<ul style=\"column-count: 2;\">\n<li>Full-day yacht-tour mit hotel pickup and drop-off von Kemer<\/li>\n<li>Malerische Fahrt nach Adrasan-Port gefolgt von einer entspannenden Bootsfahrt<\/li>\n<li>Mo\u017cna dokona\u0107 zakupu<\/li>\n<li>Grill-Mittagessen und Kaffee-Pause serviert an Bord w\u00e4hrend der tour<\/li>\n<li>Ruhe und Natur-fokussierte Erfahrung, ideal zum schwimmen und entspannen<\/li>\n<li>Route und schwimmen h\u00e4lt kann sich \u00e4ndern, je nach See-und Wetterbedingungen<\/li>\n<li>Geeignet f\u00fcr Familien, Paare und Alleinreisende<\/li>\n<\/ul>\n<\/div>\n<p>&nbsp;<\/p>\n<hr \/>\n<p>&nbsp;<\/p>\n<div class=\"tour-content-add-information\">\n<h4>Weitere Informationen<\/h4>\n<ul>\n<li>Dies ist ein voller Tag, yacht-tour, inklusive Abholung im hotel und drop-off von Kemer<\/li>\n<li>Pickup-Zeit ist abh\u00e4ngig von der Lage des Hotels und werden nach der Buchung best\u00e4tigt<\/li>\n<li>Die tour wird je nach Wetter-und Seebedingungen; die route und swimming-Haltestellen k\u00f6nnen variieren<\/li>\n<li>Schwimmen und Schnorcheln sind optional an allen Haltestellen<\/li>\n<li>Vegetarische Mahlzeit Optionen sind auf Anfrage erh\u00e4ltlich<\/li>\n<li>Geeignet f\u00fcr Familien, Paare und Alleinreisende<\/li>\n<\/ul>\n<p>&nbsp;<\/p>\n<hr \/>\n<p>&nbsp;<\/p>\n<div class=\"tour-content-cancell-policy\">\n<p><strong>Was Sie Mitbringen<\/strong><\/p>\n<ul style=\"column-count: 2;\">\n<li>Hut und Sonnenbrille <img decoding=\"async\" class=\"emoji\" role=\"img\" draggable=\"false\" src=\"https:\/\/s.w.org\/images\/core\/emoji\/17.0.2\/svg\/1f576.svg\" alt=\"\ud83d\udd76\ufe0f\" \/><\/li>\n<li>Sonnencreme \ud83e\uddf4<\/li>\n<li>Badebekleidung und Handtuch <img decoding=\"async\" class=\"emoji\" role=\"img\" draggable=\"false\" src=\"https:\/\/s.w.org\/images\/core\/emoji\/17.0.2\/svg\/1fa71.svg\" alt=\"\ud83e\ude71\" \/><\/li>\n<li>Wasserdichte Kamera oder ein Handy \ud83d\udcf1<\/li>\n<\/ul>\n<\/div>\n<\/div>","protected":false},"excerpt":{"rendered":"<p>Your journey begins with a hotel pickup from Kemer, followed by a scenic drive to Adrasan Port, where you\u2019ll board a comfortable yacht for a day of sun, sea, and <\/p>","protected":false},"featured_media":13922,"comment_status":"open","ping_status":"closed","template":"","meta":[],"product_brand":[],"product_cat":[15],"product_tag":[],"class_list":{"0":"post-13929","1":"product","2":"type-product","3":"status-publish","4":"has-post-thumbnail","6":"tour_phys-tours","7":"product_cat-non-classe","8":"pa_destination-antalya","10":"first","11":"instock","12":"shipping-taxable","13":"purchasable","14":"product-type-tour_phys"},"_links":{"self":[{"href":"https:\/\/vetatourism.com\/de\/wp-json\/wp\/v2\/product\/13929","targetHints":{"allow":["GET"]}}],"collection":[{"href":"https:\/\/vetatourism.com\/de\/wp-json\/wp\/v2\/product"}],"about":[{"href":"https:\/\/vetatourism.com\/de\/wp-json\/wp\/v2\/types\/product"}],"replies":[{"embeddable":true,"href":"https:\/\/vetatourism.com\/de\/wp-json\/wp\/v2\/comments?post=13929"}],"wp:featuredmedia":[{"embeddable":true,"href":"https:\/\/vetatourism.com\/de\/wp-json\/wp\/v2\/media\/13922"}],"wp:attachment":[{"href":"https:\/\/vetatourism.com\/de\/wp-json\/wp\/v2\/media?parent=13929"}],"wp:term":[{"taxonomy":"product_brand","embeddable":true,"href":"https:\/\/vetatourism.com\/de\/wp-json\/wp\/v2\/product_brand?post=13929"},{"taxonomy":"product_cat","embeddable":true,"href":"https:\/\/vetatourism.com\/de\/wp-json\/wp\/v2\/product_cat?post=13929"},{"taxonomy":"product_tag","embeddable":true,"href":"https:\/\/vetatourism.com\/de\/wp-json\/wp\/v2\/product_tag?post=13929"}],"curies":[{"name":"wp","href":"https:\/\/api.w.org\/{rel}","templated":true}]}}