{"id":13919,"date":"2026-01-30T10:24:23","date_gmt":"2026-01-30T10:24:23","guid":{"rendered":"https:\/\/vetatourism.com\/?post_type=product&#038;p=13919"},"modified":"2026-04-19T17:20:55","modified_gmt":"2026-04-19T17:20:55","slug":"land-of-legends-night-show-from-kemer","status":"publish","type":"product","link":"https:\/\/vetatourism.com\/tours\/land-of-legends-night-show-from-kemer","title":{"rendered":"Land der Legenden-Night-Show von Kemer"},"content":{"rendered":"<p data-start=\"1494\" data-end=\"1807\">Ihr Abend beginnt mit einem glatten und bequemen transfer vom Kemer nach, das Land Der Legenden Theme Park \u2014 the region ' s ber\u00fchmtesten entertainment-Komplex. Als die show beginnt, Tauchen Sie ein in eine fesselnde Kombination aus Musik, Lichteffekte, Laser, und synchronisiert Brunnen, dass beleuchten die Nacht sky.<\/p>\n<p data-start=\"1809\" data-end=\"2071\">Das highlight der Veranstaltung ist das Boot parade, wo sch\u00f6n geschm\u00fcckten Booten gleiten Sie durch den canal begleitet von Darstellern, die Beleuchtung und atmosph\u00e4rische Musik. Diese Magische n\u00e4chtliche Prozession Freuden, die Besucher aller Altersgruppen und schafft unvergessliche Erinnerungen.<\/p>\n<p data-start=\"2073\" data-end=\"2357\">Nach der show haben Sie freie Zeit, genie\u00dfen Sie die pulsierende shopping-boulevard gef\u00fcllt mit mehr als 180 Boutiquen, caf\u00e9s, restaurants und L\u00e4den. Egal, ob Sie lieber Fotos, Browsen speichert, oder genie\u00dfen Sie die lebendige Atmosph\u00e4re, die boulevard bietet f\u00fcr jeden etwas.<\/p>\n<p data-start=\"2359\" data-end=\"2494\">Am Ende der Nacht, entspannen Sie w\u00e4hrend der R\u00fcckfahrt und Ankunft in Ihrem hotel mit einem Kopf voller unvergesslicher Eindr\u00fccke.<\/p>\n<hr \/>\n<p>&nbsp;<\/p>\n<div class=\"tour-content-what-included\">\n<h4 id=\"whats-included\">Was ist Enthalten<\/h4>\n<ul style=\"column-count: 2;\">\n<li>Abholung von den hotels in Kemer<\/li>\n<li>Ankunft im Land der Legenden<\/li>\n<li>Genie\u00dfen Sie die Brunnen, Licht &amp; laser-Leistung<\/li>\n<li>Beobachten Sie die beleuchtete Boot parade<\/li>\n<li>Freie Zeit auf dem shopping-boulevard (ca. 1-2 Stunden)<\/li>\n<li>R\u00fccktransfer zu Ihrem hotel<\/li>\n<\/ul>\n<p>&nbsp;<\/p>\n<\/div>\n<hr \/>\n<p>&nbsp;<\/p>\n<div class=\"tour-content-add-information\">\n<h4>Weitere Informationen<\/h4>\n<ul>\n<li>Dauer: ca. 3-4 Stunden<\/li>\n<li>Geeignet f\u00fcr G\u00e4ste mit basic-Mobilit\u00e4t<\/li>\n<li>Minimale k\u00f6rperliche Aktivit\u00e4t erforderlich<\/li>\n<li>Bereit sein, am Haupteingang des Hotels 10 Minuten vor Abholung<\/li>\n<li>Fahrer wartet maximal 5 Minuten<\/li>\n<li>Kinder unter 6 Jahren Reisen kostenlos tun nicht erhalten eine separate bus-Sitz; ein zus\u00e4tzlicher Sitz gebucht werden k\u00f6nnen, falls erforderlich<\/li>\n<\/ul>\n<p>&nbsp;<\/p>\n<\/div>\n<hr \/>\n<p>&nbsp;<\/p>\n<div class=\"tour-content-cancell-policy\">\n<p><strong>Was Sie Mitbringen<\/strong><\/p>\n<ul style=\"column-count: 2;\">\n<li>Bequeme Schuhe \ud83d\udc5f<\/li>\n<li>Wetter-passende Kleidung \ud83d\udc5a<\/li>\n<li>Smartphone oder Kamera f\u00fcr Fotos \ud83d\udcf1<\/li>\n<li>Etwas Bargeld f\u00fcr pers\u00f6nliche Eink\u00e4ufe <img decoding=\"async\" class=\"emoji\" role=\"img\" draggable=\"false\" src=\"https:\/\/s.w.org\/images\/core\/emoji\/17.0.2\/svg\/1f4b3.svg\" alt=\"\ud83d\udcb3\" \/><\/li>\n<\/ul>\n<\/div>","protected":false},"excerpt":{"rendered":"<p>Genie\u00dfen Sie das Land der Legenden-Night-Show von Kemer mit Lasern, Brunnen zeigt, Boot parade und shopping. Ein Magischer Abend mit bequemen hotel-transfers.<\/p>","protected":false},"featured_media":13909,"comment_status":"open","ping_status":"closed","template":"","meta":[],"product_brand":[],"product_cat":[],"product_tag":[200],"class_list":{"0":"post-13919","1":"product","2":"type-product","3":"status-publish","4":"has-post-thumbnail","6":"tour_phys-tours","7":"product_tag-best-sellers","8":"pa_destination-kemer","10":"first","11":"instock","12":"shipping-taxable","13":"purchasable","14":"product-type-tour_phys"},"_links":{"self":[{"href":"https:\/\/vetatourism.com\/de\/wp-json\/wp\/v2\/product\/13919","targetHints":{"allow":["GET"]}}],"collection":[{"href":"https:\/\/vetatourism.com\/de\/wp-json\/wp\/v2\/product"}],"about":[{"href":"https:\/\/vetatourism.com\/de\/wp-json\/wp\/v2\/types\/product"}],"replies":[{"embeddable":true,"href":"https:\/\/vetatourism.com\/de\/wp-json\/wp\/v2\/comments?post=13919"}],"wp:featuredmedia":[{"embeddable":true,"href":"https:\/\/vetatourism.com\/de\/wp-json\/wp\/v2\/media\/13909"}],"wp:attachment":[{"href":"https:\/\/vetatourism.com\/de\/wp-json\/wp\/v2\/media?parent=13919"}],"wp:term":[{"taxonomy":"product_brand","embeddable":true,"href":"https:\/\/vetatourism.com\/de\/wp-json\/wp\/v2\/product_brand?post=13919"},{"taxonomy":"product_cat","embeddable":true,"href":"https:\/\/vetatourism.com\/de\/wp-json\/wp\/v2\/product_cat?post=13919"},{"taxonomy":"product_tag","embeddable":true,"href":"https:\/\/vetatourism.com\/de\/wp-json\/wp\/v2\/product_tag?post=13919"}],"curies":[{"name":"wp","href":"https:\/\/api.w.org\/{rel}","templated":true}]}}