{"id":13918,"date":"2026-01-30T10:20:35","date_gmt":"2026-01-30T10:20:35","guid":{"rendered":"https:\/\/vetatourism.com\/?post_type=product&#038;p=13918"},"modified":"2026-03-09T05:48:44","modified_gmt":"2026-03-09T05:48:44","slug":"land-of-legends-night-show-from-antalya","status":"publish","type":"product","link":"https:\/\/vetatourism.com\/tours\/land-of-legends-night-show-from-antalya","title":{"rendered":"Land der Legenden-Night-Show von Antalya"},"content":{"rendered":"<p data-start=\"1520\" data-end=\"1847\">Ihr Abend beginnt mit einem reibungslosen transfer von Antalya, Lara oder Kundu, um das Land Der Legenden Theme Park \u2014 der region beeindruckendste entertainment destination. Als die Dunkelheit hereinbricht, genie\u00dfen Sie eine zauberhafte show kombiniert leistungsstarke laser-Projektionen, koordinierte Brunnen Leistungen und lebendige Musik, die Lichter, die gesamte Fl\u00e4che.<\/p>\n<p data-start=\"1849\" data-end=\"2110\">Das highlight der Nacht ist der <strong data-start=\"1883\" data-end=\"1898\">Boot parade<\/strong>, wo die hell geschm\u00fcckten Booten gleiten Sie durch den canal begleitet von Darstellern, Figuren und Themen-Musik. Diese Magische Prozession K\u00f6stlichkeiten sowohl Erwachsene und Kinder, erstellen Sie unvergessliche Urlaubserinnerungen.<\/p>\n<p data-start=\"2112\" data-end=\"2362\">Nach der show, genie\u00dfen Sie freie Zeit, um die pulsierende shopping-boulevard mit \u00fcber 180 Boutiquen, restaurants und Eisdielen. Ob Sie wollen zu nehmen Fotos, Einkaufen oder entspannen Sie einfach in die lebhafte n\u00e4chtliche Atmosph\u00e4re, es gibt viel zu genie\u00dfen.<\/p>\n<p data-start=\"2364\" data-end=\"2481\">Am Ende Ihres Besuchs, kehren Sie zu Ihrem hotel in Komfort mit bleibenden Eindr\u00fccken dieser spektakul\u00e4re Abend-event.<\/p>\n<hr \/>\n<p>&nbsp;<\/p>\n<div class=\"tour-content-what-included\">\n<h4 id=\"whats-included\">Was ist Enthalten<\/h4>\n<ul style=\"column-count: 2;\">\n<li>Abholung von hotels in Antalya, Lara und Kundu<\/li>\n<li>Ankunft im Land der Legenden Theme Park<\/li>\n<li>Genie\u00dfen Sie die Brunnen, Licht &amp; laser performances<\/li>\n<li>Beobachten Sie die beleuchtete Boot parade<\/li>\n<li>Freie Zeit auf dem shopping-boulevard (ca. 1-2 Stunden)<\/li>\n<li>R\u00fccktransfer zu Ihrem hotel<\/li>\n<\/ul>\n<p>&nbsp;<\/p>\n<\/div>\n<hr \/>\n<p>&nbsp;<\/p>\n<div class=\"tour-content-add-information\">\n<h4>Weitere Informationen<\/h4>\n<ul>\n<li>Dauer: ca. 3-4 Stunden<\/li>\n<li>Geeignet f\u00fcr G\u00e4ste mit basic-Mobilit\u00e4t<\/li>\n<li>Minimale k\u00f6rperliche Anstrengung erforderlich<\/li>\n<li>Bereit sein, am Haupteingang des Hotels 10 Minuten vor Abholung<\/li>\n<li>Fahrer wartet maximal 5 Minuten<\/li>\n<li>Kinder unter 6 Jahren Reisen kostenlos tun nicht erhalten eine separate bus-Sitz; ein zus\u00e4tzlicher Sitz gebucht werden k\u00f6nnen, falls erforderlich<\/li>\n<\/ul>\n<p>&nbsp;<\/p>\n<\/div>\n<hr \/>\n<p>&nbsp;<\/p>\n<div class=\"tour-content-cancell-policy\">\n<p><strong>Was Sie Mitbringen<\/strong><\/p>\n<ul style=\"column-count: 2;\">\n<li>Bequeme Schuhe \ud83d\udc5f<\/li>\n<li>Wetter-passende Kleidung \ud83d\udc5a<\/li>\n<li>Smartphone oder Kamera f\u00fcr Fotos \ud83d\udcf1<\/li>\n<li>Etwas Bargeld f\u00fcr pers\u00f6nliche Eink\u00e4ufe <img decoding=\"async\" class=\"emoji\" role=\"img\" draggable=\"false\" src=\"https:\/\/s.w.org\/images\/core\/emoji\/17.0.2\/svg\/1f4b3.svg\" alt=\"\ud83d\udcb3\" \/><\/li>\n<\/ul>\n<\/div>","protected":false},"excerpt":{"rendered":"<p>Erleben Sie das Land der Legenden-Night-Show von Antalya mit Lasern, Brunnen zeigt, Boot parade und shopping. Umfasst transfer zum hotel.<\/p>","protected":false},"featured_media":13909,"comment_status":"open","ping_status":"closed","template":"","meta":[],"product_brand":[],"product_cat":[15],"product_tag":[],"class_list":{"0":"post-13918","1":"product","2":"type-product","3":"status-publish","4":"has-post-thumbnail","6":"tour_phys-tours","7":"product_cat-non-classe","8":"pa_destination-antalya","10":"first","11":"instock","12":"sale","13":"shipping-taxable","14":"purchasable","15":"product-type-tour_phys"},"_links":{"self":[{"href":"https:\/\/vetatourism.com\/de\/wp-json\/wp\/v2\/product\/13918","targetHints":{"allow":["GET"]}}],"collection":[{"href":"https:\/\/vetatourism.com\/de\/wp-json\/wp\/v2\/product"}],"about":[{"href":"https:\/\/vetatourism.com\/de\/wp-json\/wp\/v2\/types\/product"}],"replies":[{"embeddable":true,"href":"https:\/\/vetatourism.com\/de\/wp-json\/wp\/v2\/comments?post=13918"}],"wp:featuredmedia":[{"embeddable":true,"href":"https:\/\/vetatourism.com\/de\/wp-json\/wp\/v2\/media\/13909"}],"wp:attachment":[{"href":"https:\/\/vetatourism.com\/de\/wp-json\/wp\/v2\/media?parent=13918"}],"wp:term":[{"taxonomy":"product_brand","embeddable":true,"href":"https:\/\/vetatourism.com\/de\/wp-json\/wp\/v2\/product_brand?post=13918"},{"taxonomy":"product_cat","embeddable":true,"href":"https:\/\/vetatourism.com\/de\/wp-json\/wp\/v2\/product_cat?post=13918"},{"taxonomy":"product_tag","embeddable":true,"href":"https:\/\/vetatourism.com\/de\/wp-json\/wp\/v2\/product_tag?post=13918"}],"curies":[{"name":"wp","href":"https:\/\/api.w.org\/{rel}","templated":true}]}}