{"id":13917,"date":"2026-01-30T10:16:39","date_gmt":"2026-01-30T10:16:39","guid":{"rendered":"https:\/\/vetatourism.com\/?post_type=product&#038;p=13917"},"modified":"2026-03-09T05:48:52","modified_gmt":"2026-03-09T05:48:52","slug":"land-of-legends-night-show-from-belek","status":"publish","type":"product","link":"https:\/\/vetatourism.com\/tours\/land-of-legends-night-show-from-belek","title":{"rendered":"Land der Legenden-Night-Show von Belek"},"content":{"rendered":"<p data-start=\"1420\" data-end=\"1693\">Ihr Abend beginnt mit einem bequemen transfer von Belek, Kadriye oder Bogazkent, um das Land Der Legenden Theme Park. Als die Nacht hereinbricht, genie\u00dfen Sie ein Weltklasse-performance mit Musik, laser-Projektionen, beleuchteten Brunnen und spezielle Effekte, erstellen Sie ein Magisches Ambiente.<\/p>\n<p data-start=\"1695\" data-end=\"1930\">Einer der beeindruckendsten Momente ist die <strong data-start=\"1737\" data-end=\"1752\">Boot parade<\/strong>,, wo wundersch\u00f6n dekorierte Boote schweben entlang des Kanals begleitet durch musikalische Themen, Darstellern und helle Beleuchtung. Es ist ein unvergessliches highlight f\u00fcr Erwachsene und Kinder gleicherma\u00dfen.<\/p>\n<p data-start=\"1932\" data-end=\"2119\">Nach der show haben Sie Zeit zum erkunden der lebendigen Einkaufs-boulevard mit \u00fcber 180 Boutiquen, caf\u00e9s und restaurants. Nehmen Sie Fotos, Einkaufen oder einfach nur genie\u00dfen Sie die festliche Abend-Atmosph\u00e4re.<\/p>\n<p data-start=\"2121\" data-end=\"2250\">Wenn das Programm endet, entspannen Sie nach Ihrer R\u00fcckkehr transfer zur\u00fcck zu Ihrem hotel unvergessliche Eindr\u00fccke von diesem spektakul\u00e4ren Nacht.<\/p>\n<p>&nbsp;<\/p>\n<hr \/>\n<p>&nbsp;<\/p>\n<div class=\"tour-content-what-included\">\n<h4 id=\"whats-included\">Was ist Enthalten<\/h4>\n<ul style=\"column-count: 2;\">\n<li>Abholung von den hotels in Belek, Kadriye &amp; Bogazkent<\/li>\n<li>Ankunft im Land der Legenden Theme Park<\/li>\n<li>Genie\u00dfen Sie die laser-und Brunnen-Auftritte<\/li>\n<li>Beobachten Sie die beleuchtete Boot parade<\/li>\n<li>Freie Zeit auf dem shopping-boulevard (1-2 Stunden)<\/li>\n<li>R\u00fccktransfer zu Ihrem hotel<\/li>\n<\/ul>\n<p>&nbsp;<\/p>\n<\/div>\n<hr \/>\n<p>&nbsp;<\/p>\n<div class=\"tour-content-add-information\">\n<h4>Weitere Informationen<\/h4>\n<ul>\n<li>Dauer: ca. 3-4 Stunden<\/li>\n<li>Geeignet f\u00fcr G\u00e4ste mit basic-Mobilit\u00e4t<\/li>\n<li>Minimale k\u00f6rperliche Anstrengung erforderlich<\/li>\n<li>Bereit sein, am Haupteingang des Hotels 10 Minuten vor Abholung<\/li>\n<li>Fahrer wartet maximal 5 Minuten<\/li>\n<li>Kinder unter 6 Jahren Reisen kostenlos tun nicht erhalten eine separate bus-Sitz; ein zus\u00e4tzlicher Sitz gebucht werden k\u00f6nnen, falls erforderlich<\/li>\n<\/ul>\n<p>&nbsp;<\/p>\n<\/div>\n<hr \/>\n<p>&nbsp;<\/p>\n<div class=\"tour-content-cancell-policy\">\n<p><strong>Was Sie Mitbringen<\/strong><\/p>\n<ul style=\"column-count: 2;\">\n<li>Bequeme Schuhe \ud83d\udc5f<\/li>\n<li>Wetter-passende Kleidung \ud83d\udc5a<\/li>\n<li>Smartphone oder Kamera f\u00fcr Fotos \ud83d\udcf1<\/li>\n<li>Etwas Bargeld f\u00fcr pers\u00f6nliche Eink\u00e4ufe <img decoding=\"async\" class=\"emoji\" role=\"img\" draggable=\"false\" src=\"https:\/\/s.w.org\/images\/core\/emoji\/17.0.2\/svg\/1f4b3.svg\" alt=\"\ud83d\udcb3\" \/><\/li>\n<\/ul>\n<\/div>","protected":false},"excerpt":{"rendered":"<p>Buch das Land der Legenden-Night-Show aus Belek! Genie\u00dfen Sie den atemberaubenden Brunnen zeigt, lebendige laser zeigt die ikonischen Boots-parade, und eine lebendige Einkaufsstra\u00dfe. Einen unvergesslichen Abend Reise mit hotel, transfers enthalten.<\/p>","protected":false},"featured_media":13909,"comment_status":"open","ping_status":"closed","template":"","meta":[],"product_brand":[],"product_cat":[15],"product_tag":[],"class_list":{"0":"post-13917","1":"product","2":"type-product","3":"status-publish","4":"has-post-thumbnail","6":"tour_phys-tours","7":"product_cat-non-classe","8":"pa_destination-belek","10":"first","11":"instock","12":"sale","13":"shipping-taxable","14":"purchasable","15":"product-type-tour_phys"},"_links":{"self":[{"href":"https:\/\/vetatourism.com\/de\/wp-json\/wp\/v2\/product\/13917","targetHints":{"allow":["GET"]}}],"collection":[{"href":"https:\/\/vetatourism.com\/de\/wp-json\/wp\/v2\/product"}],"about":[{"href":"https:\/\/vetatourism.com\/de\/wp-json\/wp\/v2\/types\/product"}],"replies":[{"embeddable":true,"href":"https:\/\/vetatourism.com\/de\/wp-json\/wp\/v2\/comments?post=13917"}],"wp:featuredmedia":[{"embeddable":true,"href":"https:\/\/vetatourism.com\/de\/wp-json\/wp\/v2\/media\/13909"}],"wp:attachment":[{"href":"https:\/\/vetatourism.com\/de\/wp-json\/wp\/v2\/media?parent=13917"}],"wp:term":[{"taxonomy":"product_brand","embeddable":true,"href":"https:\/\/vetatourism.com\/de\/wp-json\/wp\/v2\/product_brand?post=13917"},{"taxonomy":"product_cat","embeddable":true,"href":"https:\/\/vetatourism.com\/de\/wp-json\/wp\/v2\/product_cat?post=13917"},{"taxonomy":"product_tag","embeddable":true,"href":"https:\/\/vetatourism.com\/de\/wp-json\/wp\/v2\/product_tag?post=13917"}],"curies":[{"name":"wp","href":"https:\/\/api.w.org\/{rel}","templated":true}]}}