{"id":13907,"date":"2026-01-30T10:04:12","date_gmt":"2026-01-30T10:04:12","guid":{"rendered":"https:\/\/vetatourism.com\/?post_type=product&#038;p=13907"},"modified":"2026-03-09T05:49:04","modified_gmt":"2026-03-09T05:49:04","slug":"the-land-of-legends-theme-park-tour-from-kemer-waterpark","status":"publish","type":"product","link":"https:\/\/vetatourism.com\/tours\/the-land-of-legends-theme-park-tour-from-kemer-waterpark","title":{"rendered":"Das Land der Legenden Theme Park Tour von Kemer \u2013 Waterpark"},"content":{"rendered":"<p>Beginnen Sie Ihr Abenteuer mit einem bequemen transfer von Kemer und der nahegelegenen Regionen, das Land Der Legenden Themenpark in Belek. F\u00fchlen Sie sich den Ansturm auf die 62-meter-Hyper Coaster oder splash down von der 43-meter-Typhoon Coaster. Erkunden Sie mehr als 40 aufregende Wasserrutschen, erfrischende pools oder entspannen Sie einfach in der Sonne.<\/p>\n<p>Familien lieben Nickelodeon Land, die Heimat von Charakteren wie SpongeBob Schwammkopf und Paw Patrol. Mit seiner Mischung aus Unterhaltung, Themen-Bereichen und kinderfreundliche Attraktionen bietet der park etwas f\u00fcr Besucher aller Altersgruppen.<\/p>\n<p>Den ganzen Tag, genie\u00dfen Sie Wasser-Abenteuer, thrill rides, Animationen und unvergessliche Momente. Nach Ihrem erlebnisreichen Besuch, entspannen Sie auf Ihren transfer zur\u00fcck zum hotel mit Erinnerungen an ein Leben lang.<\/p>\n<hr \/>\n<p>&nbsp;<\/p>\n<div class=\"tour-content-what-included\">\n<h4 id=\"whats-included\">Was ist Enthalten<\/h4>\n<ul style=\"column-count: 2;\">\n<li>Abholung von den hotels in Kemer und Umgebung<\/li>\n<li>Ankunft im Land of Legends in Belek<\/li>\n<li>Freie Zeit f\u00fcr die Attraktionen, Wasserpark Aktivit\u00e4ten und Nickelodeon Land (ca. 5-6 Stunden)<\/li>\n<li>R\u00fccktransfer zu Ihrem hotel<\/li>\n<\/ul>\n<\/div>\n<p>&nbsp;<\/p>\n<hr \/>\n<p>&nbsp;<\/p>\n<div class=\"tour-content-add-information\">\n<h4>Weitere Informationen<\/h4>\n<ul>\n<li>Dauer: ca. 7-8 Stunden (Tagestour)<\/li>\n<li>Geeignet f\u00fcr G\u00e4ste mit basic-Mobilit\u00e4t<\/li>\n<li>Moderate k\u00f6rperliche Aktivit\u00e4t erforderlich<\/li>\n<li>Gutschein eingetauscht werden muss an der Kasse<\/li>\n<li>Park Betriebsstunden variieren je nach der Saison<\/li>\n<\/ul>\n<p>&nbsp;<\/p>\n<\/div>\n<hr \/>\n<p>&nbsp;<\/p>\n<div class=\"tour-content-cancell-policy\">\n<p><strong>Was Sie Mitbringen<\/strong><\/p>\n<ul style=\"column-count: 2;\">\n<li>Badeanzug und Handtuch \ud83d\udc59<\/li>\n<li>Wasser-Schuhe \ud83d\udc5f<\/li>\n<li>Bargeld f\u00fcr pers\u00f6nliche Ausgaben \ud83d\udcb5<\/li>\n<\/ul>\n<\/div>","protected":false},"excerpt":{"rendered":"<p>Genie\u00dfen Sie Das Land der Legenden theme park tour von Kemer! T\u00fcrkei der gr\u00f6\u00dfte Wasserpark bietet spannende rutschen, Nickelodeon Land, pools und Spa\u00df f\u00fcr die ganze Familie \u2014 all inklusive hotel-transfers.<\/p>","protected":false},"featured_media":13898,"comment_status":"open","ping_status":"closed","template":"","meta":[],"product_brand":[],"product_cat":[15],"product_tag":[],"class_list":{"0":"post-13907","1":"product","2":"type-product","3":"status-publish","4":"has-post-thumbnail","6":"tour_phys-tours","7":"product_cat-non-classe","8":"pa_destination-kemer","10":"first","11":"instock","12":"sale","13":"shipping-taxable","14":"purchasable","15":"product-type-tour_phys"},"_links":{"self":[{"href":"https:\/\/vetatourism.com\/de\/wp-json\/wp\/v2\/product\/13907","targetHints":{"allow":["GET"]}}],"collection":[{"href":"https:\/\/vetatourism.com\/de\/wp-json\/wp\/v2\/product"}],"about":[{"href":"https:\/\/vetatourism.com\/de\/wp-json\/wp\/v2\/types\/product"}],"replies":[{"embeddable":true,"href":"https:\/\/vetatourism.com\/de\/wp-json\/wp\/v2\/comments?post=13907"}],"wp:featuredmedia":[{"embeddable":true,"href":"https:\/\/vetatourism.com\/de\/wp-json\/wp\/v2\/media\/13898"}],"wp:attachment":[{"href":"https:\/\/vetatourism.com\/de\/wp-json\/wp\/v2\/media?parent=13907"}],"wp:term":[{"taxonomy":"product_brand","embeddable":true,"href":"https:\/\/vetatourism.com\/de\/wp-json\/wp\/v2\/product_brand?post=13907"},{"taxonomy":"product_cat","embeddable":true,"href":"https:\/\/vetatourism.com\/de\/wp-json\/wp\/v2\/product_cat?post=13907"},{"taxonomy":"product_tag","embeddable":true,"href":"https:\/\/vetatourism.com\/de\/wp-json\/wp\/v2\/product_tag?post=13907"}],"curies":[{"name":"wp","href":"https:\/\/api.w.org\/{rel}","templated":true}]}}