{"id":13905,"date":"2026-01-30T10:00:33","date_gmt":"2026-01-30T10:00:33","guid":{"rendered":"https:\/\/vetatourism.com\/?post_type=product&#038;p=13905"},"modified":"2026-03-09T05:49:09","modified_gmt":"2026-03-09T05:49:09","slug":"the-land-of-legends-theme-park-tour-antalya-waterpark","status":"publish","type":"product","link":"https:\/\/vetatourism.com\/tours\/the-land-of-legends-theme-park-tour-antalya-waterpark","title":{"rendered":"Das Land der Legenden Theme Park Tour Antalya \u2013 Waterpark"},"content":{"rendered":"<p data-start=\"1401\" data-end=\"1722\">Beginnen Sie Ihr Abenteuer mit einem bequemen transfer von Antalya, Lara oder Kundu, um das Land Der Legenden Themenpark in Belek. F\u00fchlen Sie das Adrenalin, w\u00e4hrend du dich auf die 62-meter-Hyper Coaster oder splash down die dramatische Typhoon Coaster von 43 Meter. Mit mehr als 40 Folien finden Sie Spannung f\u00fcr jede Ebene der Abenteuer.<\/p>\n<p data-start=\"1724\" data-end=\"1978\">Familien genie\u00dfen die bunte Welt der <strong data-start=\"1766\" data-end=\"1786\">Nickelodeon Land<\/strong>, die Heimat von beliebten Charakteren wie SpongeBob Schwammkopf und Paw Patrol. Ob Sie suchen f\u00fcr die hohe-Energie-Aktivit\u00e4ten oder kinderfreundliche Attraktionen, die der park bietet f\u00fcr jeden etwas.<\/p>\n<p data-start=\"1980\" data-end=\"2162\">Verbringen Sie Ihren Tag mit der Erkundung der pools, rutschen, Themen-Zonen und lebendige park Animationen. Nach Stunden von Spa\u00df, entspannen Sie sich bei Ihrer R\u00fcckkehr transfer zur\u00fcck zum hotel mit unvergesslichen Erinnerungen.<\/p>\n<p>&nbsp;<\/p>\n<hr \/>\n<p>&nbsp;<\/p>\n<div class=\"tour-content-what-included\">\n<h4 id=\"whats-included\">Was ist Enthalten<\/h4>\n<ul style=\"column-count: 2;\">\n<li>Abholung von hotels in Antalya, Lara und Kundu<\/li>\n<li>Ankunft im Land of Legends in Belek<\/li>\n<li>Freie Zeit f\u00fcr die Attraktionen, Wasserpark Aktivit\u00e4ten und Nickelodeon Land (ca. 5-6 Stunden)<\/li>\n<li>R\u00fccktransfer zum hotel<\/li>\n<\/ul>\n<\/div>\n<p>&nbsp;<\/p>\n<hr \/>\n<p>&nbsp;<\/p>\n<div class=\"tour-content-add-information\">\n<h4>Weitere Informationen<\/h4>\n<ul>\n<li>Dauer: ca. 7-8 Stunden (Tagestour)<\/li>\n<li>Geeignet f\u00fcr G\u00e4ste mit basic-Mobilit\u00e4t<\/li>\n<li>Moderate k\u00f6rperliche Aktivit\u00e4t erforderlich<\/li>\n<li>Gutschein eingetauscht werden muss an der Kasse<\/li>\n<li>Park Betriebsstunden variieren je nach der Saison<\/li>\n<\/ul>\n<p>&nbsp;<\/p>\n<\/div>\n<hr \/>\n<p>&nbsp;<\/p>\n<div class=\"tour-content-cancell-policy\">\n<p><strong>Was Sie Mitbringen<\/strong><\/p>\n<ul style=\"column-count: 2;\">\n<li>Badeanzug und Handtuch \ud83d\udc59<\/li>\n<li>Wasser-Schuhe \ud83d\udc5f<\/li>\n<li>Bargeld f\u00fcr pers\u00f6nliche Ausgaben \ud83d\udcb5<\/li>\n<\/ul>\n<\/div>","protected":false},"excerpt":{"rendered":"<p>Genie\u00dfen Sie Das Land der Legenden theme park tour von Antalya! T\u00fcrkei der gr\u00f6\u00dfte Wasserpark bietet spannende rutschen, Nickelodeon Land, pools und voller Spa\u00df mit der Familie \u2014 all inklusive hotel-transfers.<\/p>","protected":false},"featured_media":13898,"comment_status":"open","ping_status":"closed","template":"","meta":[],"product_brand":[],"product_cat":[15],"product_tag":[],"class_list":{"0":"post-13905","1":"product","2":"type-product","3":"status-publish","4":"has-post-thumbnail","6":"tour_phys-tours","7":"product_cat-non-classe","8":"pa_destination-antalya","10":"first","11":"instock","12":"sale","13":"shipping-taxable","14":"purchasable","15":"product-type-tour_phys"},"_links":{"self":[{"href":"https:\/\/vetatourism.com\/de\/wp-json\/wp\/v2\/product\/13905","targetHints":{"allow":["GET"]}}],"collection":[{"href":"https:\/\/vetatourism.com\/de\/wp-json\/wp\/v2\/product"}],"about":[{"href":"https:\/\/vetatourism.com\/de\/wp-json\/wp\/v2\/types\/product"}],"replies":[{"embeddable":true,"href":"https:\/\/vetatourism.com\/de\/wp-json\/wp\/v2\/comments?post=13905"}],"wp:featuredmedia":[{"embeddable":true,"href":"https:\/\/vetatourism.com\/de\/wp-json\/wp\/v2\/media\/13898"}],"wp:attachment":[{"href":"https:\/\/vetatourism.com\/de\/wp-json\/wp\/v2\/media?parent=13905"}],"wp:term":[{"taxonomy":"product_brand","embeddable":true,"href":"https:\/\/vetatourism.com\/de\/wp-json\/wp\/v2\/product_brand?post=13905"},{"taxonomy":"product_cat","embeddable":true,"href":"https:\/\/vetatourism.com\/de\/wp-json\/wp\/v2\/product_cat?post=13905"},{"taxonomy":"product_tag","embeddable":true,"href":"https:\/\/vetatourism.com\/de\/wp-json\/wp\/v2\/product_tag?post=13905"}],"curies":[{"name":"wp","href":"https:\/\/api.w.org\/{rel}","templated":true}]}}