{"id":13904,"date":"2026-01-30T09:54:21","date_gmt":"2026-01-30T09:54:21","guid":{"rendered":"https:\/\/vetatourism.com\/?post_type=product&#038;p=13904"},"modified":"2026-03-09T05:49:16","modified_gmt":"2026-03-09T05:49:16","slug":"the-land-of-legends-theme-park-tour-from-belek-waterpark","status":"publish","type":"product","link":"https:\/\/vetatourism.com\/tours\/the-land-of-legends-theme-park-tour-from-belek-waterpark","title":{"rendered":"Das Land der Legenden Theme Park Tour von Belek \u2013 Waterpark"},"content":{"rendered":"<p data-start=\"1356\" data-end=\"1705\">Beginnen Sie Ihren Tag mit einem reibungslosen transfer von Belek, Kadriye oder Bogazkent, um das Land Der Legenden Themenpark in Belek. Springen Sie direkt in ein Abenteuer mit dem Hyper-Coaster towering bei 62 Meter oder genie\u00dfen Sie die aufregende Tropfen der 43-meter-Typhoon Coaster. Mit mehr als 40 Folien, jeden Besucher\u2014von den Kindern bis zu den Adrenalin-Liebhaber finden eine Fahrt, die Sie genie\u00dfen.<\/p>\n<p data-start=\"1707\" data-end=\"1949\">Familien erkunden <strong data-start=\"1728\" data-end=\"1748\">Nickelodeon Land<\/strong>,, wo Geliebte Charaktere wie SpongeBob und Paw Patrol unvergessliche Erinnerungen. Ob Sie suchen f\u00fcr die hohe-Energie Sehensw\u00fcrdigkeiten oder eine entspannende Zeit am pool, der park bietet f\u00fcr jeden etwas.<\/p>\n<p data-start=\"1951\" data-end=\"2130\">Verbringen Sie Ihren Tag mit der Erkundung der riesigen pools, Themen-Folien, - Aktivit\u00e4t, - Zonen und-animation zeigt. Nach Stunden der Aufregung und Spa\u00df f\u00fcr die ganze Familie, genie\u00dfen Sie einen bequemen transfer zur\u00fcck zu Ihrem hotel.<\/p>\n<p>&nbsp;<\/p>\n<hr \/>\n<p>&nbsp;<\/p>\n<div class=\"tour-content-what-included\">\n<h4 id=\"whats-included\">Was ist Enthalten<\/h4>\n<ul style=\"column-count: 2;\">\n<li>Abholung von den hotels in Belek, Kadriye &amp; Bogazkent<\/li>\n<li>Ankunft im Land of Legends in Belek<\/li>\n<li>Freie Zeit f\u00fcr die Attraktionen, waterpark und Nickelodeon Land (ca. 5-6 Stunden)<\/li>\n<li>R\u00fccktransfer zu Ihrem hotel<\/li>\n<\/ul>\n<\/div>\n<p>&nbsp;<\/p>\n<hr \/>\n<p>&nbsp;<\/p>\n<div class=\"tour-content-add-information\">\n<h4>Weitere Informationen<\/h4>\n<ul>\n<li>Dauer: ca. 7-8 Stunden (Tagestour)<\/li>\n<li>Geeignet f\u00fcr G\u00e4ste mit basic-Mobilit\u00e4t<\/li>\n<li>Moderate k\u00f6rperliche Aktivit\u00e4t erforderlich<\/li>\n<li>Gutschein eingetauscht werden muss an der Kasse<\/li>\n<li>Park Betriebsstunden variieren je nach der Saison<\/li>\n<\/ul>\n<p>&nbsp;<\/p>\n<\/div>\n<hr \/>\n<p>&nbsp;<\/p>\n<div class=\"tour-content-cancell-policy\">\n<p><strong>Was Sie Mitbringen<\/strong><\/p>\n<ul style=\"column-count: 2;\">\n<li>Badeanzug und Handtuch \ud83d\udc59<\/li>\n<li>Wasser-Schuhe \ud83d\udc5f<\/li>\n<li>Bargeld f\u00fcr pers\u00f6nliche Ausgaben \ud83d\udcb5<\/li>\n<\/ul>\n<\/div>","protected":false},"excerpt":{"rendered":"<p>Genie\u00dfen Sie Das Land der Legenden theme park tour von Belek! T\u00fcrkei der gr\u00f6\u00dfte Wasserpark bietet extreme rutschen, Nickelodeon Land, pools und voller Spa\u00df f\u00fcr die ganze Familie \u2014 alle mit hotel-transfers enthalten.<\/p>","protected":false},"featured_media":13898,"comment_status":"open","ping_status":"closed","template":"","meta":[],"product_brand":[],"product_cat":[15],"product_tag":[],"class_list":{"0":"post-13904","1":"product","2":"type-product","3":"status-publish","4":"has-post-thumbnail","6":"tour_phys-tours","7":"product_cat-non-classe","8":"pa_destination-belek","10":"first","11":"instock","12":"sale","13":"shipping-taxable","14":"purchasable","15":"product-type-tour_phys"},"_links":{"self":[{"href":"https:\/\/vetatourism.com\/de\/wp-json\/wp\/v2\/product\/13904","targetHints":{"allow":["GET"]}}],"collection":[{"href":"https:\/\/vetatourism.com\/de\/wp-json\/wp\/v2\/product"}],"about":[{"href":"https:\/\/vetatourism.com\/de\/wp-json\/wp\/v2\/types\/product"}],"replies":[{"embeddable":true,"href":"https:\/\/vetatourism.com\/de\/wp-json\/wp\/v2\/comments?post=13904"}],"wp:featuredmedia":[{"embeddable":true,"href":"https:\/\/vetatourism.com\/de\/wp-json\/wp\/v2\/media\/13898"}],"wp:attachment":[{"href":"https:\/\/vetatourism.com\/de\/wp-json\/wp\/v2\/media?parent=13904"}],"wp:term":[{"taxonomy":"product_brand","embeddable":true,"href":"https:\/\/vetatourism.com\/de\/wp-json\/wp\/v2\/product_brand?post=13904"},{"taxonomy":"product_cat","embeddable":true,"href":"https:\/\/vetatourism.com\/de\/wp-json\/wp\/v2\/product_cat?post=13904"},{"taxonomy":"product_tag","embeddable":true,"href":"https:\/\/vetatourism.com\/de\/wp-json\/wp\/v2\/product_tag?post=13904"}],"curies":[{"name":"wp","href":"https:\/\/api.w.org\/{rel}","templated":true}]}}