{"id":13897,"date":"2026-01-30T09:53:59","date_gmt":"2026-01-30T09:53:59","guid":{"rendered":"https:\/\/vetatourism.com\/?post_type=product&#038;p=13897"},"modified":"2026-03-09T05:49:22","modified_gmt":"2026-03-09T05:49:22","slug":"the-land-of-legends-theme-park-tour-from-side-waterpark","status":"publish","type":"product","link":"https:\/\/vetatourism.com\/tours\/the-land-of-legends-theme-park-tour-from-side-waterpark","title":{"rendered":"Das Land der Legenden Theme Park Tour von Side \u2013 Waterpark"},"content":{"rendered":"<p data-start=\"1365\" data-end=\"1657\">Beginnen Sie Ihren Tag mit einem bequemen transfer von Side und den umliegenden Regionen, um das Land Der Legenden Themenpark in Belek. Sp\u00fcren Sie die Aufregung der 62-meter-Hyper Coaster oder der dramatische R\u00fcckgang der 43-meter-Typhoon Coaster. Mit mehr als 40 slides, Wasserpark bietet endlose Spa\u00df f\u00fcr alle Altersgruppen.<\/p>\n<p data-start=\"1659\" data-end=\"1905\">Familien lieben werden <strong data-start=\"1678\" data-end=\"1698\">Nickelodeon Land<\/strong>, die Heimat von beliebten Charakteren wie SpongeBob Schwammkopf und Paw Patrol. Von spannenden Fahrten zum entspannten pool-Bereiche, bietet der park die perfekte Mischung aus Aufregung und Komfort f\u00fcr Besucher jeden Alters.<\/p>\n<p data-start=\"1907\" data-end=\"2061\">Nach dem genie\u00dfen der Sehensw\u00fcrdigkeiten, Schwimmb\u00e4der, Themen-Zonen und park-Animationen, entspannen Sie w\u00e4hrend der R\u00fcckfahrt zu Ihrem hotel zur\u00fcck mit unvergesslichen Erinnerungen.<\/p>\n<p>&nbsp;<\/p>\n<div style=\"max-width: 360px; margin: 0;\">\n<div style=\"position: relative; padding-top: 177.77%;\"><iframe style=\"position: absolute; top: 0; left: 0; width: 100%; height: 100%; border: 0;\" src=\"https:\/\/www.youtube.com\/embed\/St3lKbdWbVE\" allowfullscreen=\"allowfullscreen\"><br \/>\n<\/iframe><\/div>\n<\/div>\n<hr \/>\n<p>&nbsp;<\/p>\n<div class=\"tour-content-what-included\">\n<h4 id=\"whats-included\">Was ist Enthalten<\/h4>\n<ul style=\"column-count: 2;\">\n<li>Abholung von hotels in Side, Kumk\u00f6y, Evrenseki, \u00c7olakl\u0131 &amp; Manavgat<\/li>\n<li>Ankunft im Land of Legends in Belek<\/li>\n<li>Freie Zeit f\u00fcr Fahrten, rutschen, pools und Nickelodeon Land (ca. 5-6 Stunden)<\/li>\n<li>R\u00fccktransfer zum hotel<\/li>\n<\/ul>\n<\/div>\n<p>&nbsp;<\/p>\n<hr \/>\n<p>&nbsp;<\/p>\n<div class=\"tour-content-add-information\">\n<h4>Weitere Informationen<\/h4>\n<ul>\n<li>Dauer: ca. 7-8 Stunden (Tagestour)<\/li>\n<li>Geeignet f\u00fcr G\u00e4ste mit basic-Mobilit\u00e4t<\/li>\n<li>Moderate k\u00f6rperliche Aktivit\u00e4t erforderlich<\/li>\n<li>Gutschein eingetauscht werden muss an der Kasse<\/li>\n<li>Park Betriebsstunden variieren je nach der Saison<\/li>\n<\/ul>\n<p>&nbsp;<\/p>\n<\/div>\n<hr \/>\n<p>&nbsp;<\/p>\n<div class=\"tour-content-cancell-policy\">\n<p><strong>Was Sie Mitbringen<\/strong><\/p>\n<ul style=\"column-count: 2;\">\n<li>Badeanzug und Handtuch \ud83d\udc59<\/li>\n<li>Wasser-Schuhe \ud83d\udc5f<\/li>\n<li>Bargeld f\u00fcr pers\u00f6nliche Ausgaben \ud83d\udcb5<\/li>\n<\/ul>\n<\/div>","protected":false},"excerpt":{"rendered":"<p>Genie\u00dfen Sie Das Land der Legenden theme park tour von Side! T\u00fcrkei der gr\u00f6\u00dfte Wasserpark verf\u00fcgt \u00fcber spannende rutschen, Nickelodeon Land, pools und voller Spa\u00df mit der Familie \u2014 mit hotel-transfers enthalten.<\/p>","protected":false},"featured_media":13898,"comment_status":"open","ping_status":"closed","template":"","meta":[],"product_brand":[],"product_cat":[15],"product_tag":[],"class_list":{"0":"post-13897","1":"product","2":"type-product","3":"status-publish","4":"has-post-thumbnail","6":"tour_phys-tours","7":"product_cat-non-classe","8":"pa_destination-side","10":"first","11":"instock","12":"sale","13":"shipping-taxable","14":"purchasable","15":"product-type-tour_phys"},"_links":{"self":[{"href":"https:\/\/vetatourism.com\/de\/wp-json\/wp\/v2\/product\/13897","targetHints":{"allow":["GET"]}}],"collection":[{"href":"https:\/\/vetatourism.com\/de\/wp-json\/wp\/v2\/product"}],"about":[{"href":"https:\/\/vetatourism.com\/de\/wp-json\/wp\/v2\/types\/product"}],"replies":[{"embeddable":true,"href":"https:\/\/vetatourism.com\/de\/wp-json\/wp\/v2\/comments?post=13897"}],"wp:featuredmedia":[{"embeddable":true,"href":"https:\/\/vetatourism.com\/de\/wp-json\/wp\/v2\/media\/13898"}],"wp:attachment":[{"href":"https:\/\/vetatourism.com\/de\/wp-json\/wp\/v2\/media?parent=13897"}],"wp:term":[{"taxonomy":"product_brand","embeddable":true,"href":"https:\/\/vetatourism.com\/de\/wp-json\/wp\/v2\/product_brand?post=13897"},{"taxonomy":"product_cat","embeddable":true,"href":"https:\/\/vetatourism.com\/de\/wp-json\/wp\/v2\/product_cat?post=13897"},{"taxonomy":"product_tag","embeddable":true,"href":"https:\/\/vetatourism.com\/de\/wp-json\/wp\/v2\/product_tag?post=13897"}],"curies":[{"name":"wp","href":"https:\/\/api.w.org\/{rel}","templated":true}]}}