{"id":13896,"date":"2026-01-30T09:40:03","date_gmt":"2026-01-30T09:40:03","guid":{"rendered":"https:\/\/vetatourism.com\/?post_type=product&#038;p=13896"},"modified":"2026-04-09T08:52:49","modified_gmt":"2026-04-09T08:52:49","slug":"belek-turkish-bath-hamam-traditional-spa-experience","status":"publish","type":"product","link":"https:\/\/vetatourism.com\/tours\/belek-turkish-bath-hamam-traditional-spa-experience","title":{"rendered":"Belek T\u00fcrkische Bad Hamam &amp; Traditionelle Spa-Erlebnis"},"content":{"rendered":"<p>Ihr Erlebnis beginnt mit einer bequemen Abholung von Ihrem hotel in Belek oder in der N\u00e4he dieser Bereiche. Bei der Ankunft am traditionellen t\u00fcrkischen Bad, beginnen Sie damit, Ihre wellness-Reise in der sauna und im Dampfbad, hilft, Ihren K\u00f6rper zu entspannen und die Poren \u00f6ffnen nat\u00fcrlich.<\/p>\n<p>Als N\u00e4chstes genie\u00dfen Sie ein K\u00f6rper-Peeling, um tote Hautzellen zu entfernen, gefolgt von einer klassischen Schaum-massage, hinterl\u00e4sst Ihre Haut weich und erfrischt. Eine Ton-Maske wird angewendet, um zu reinigen und entgiften Ihr Gesicht.<\/p>\n<p>Nach einige Zeit f\u00fcr Entspannung oder schwimmen Sie im pool, Ihre Erfahrungen weiterhin mit einem 20-min\u00fctigen Aromatherapie-\u00f6l-massage entwickelt, um Verspannungen zu l\u00f6sen und das Gleichgewicht wiederherzustellen. Beenden Sie Ihren Besuch mit einer Tasse t\u00fcrkischen Tee vor der R\u00fcckkehr zu Ihrem hotel komplett aktualisiert.<\/p>\n<p>&nbsp;<\/p>\n<hr \/>\n<p>&nbsp;<\/p>\n<div class=\"tour-content-what-included\">\n<h4 id=\"whats-included\">Was ist Enthalten<\/h4>\n<ul style=\"column-count: 2;\">\n<li>Abholung von den hotels in Belek, Kadriye &amp; Bo\u011fazkent<\/li>\n<li>Ankunft im t\u00fcrkischen Bad<\/li>\n<li>Sauna-und Dampfbad-Sitzung<\/li>\n<li>K\u00f6rper-Peeling und Schaum-massage<\/li>\n<li>Ton Gesicht Maske und pool time<\/li>\n<li>Aroma-\u00f6l-massage<\/li>\n<li>R\u00fccktransfer zum hotel<\/li>\n<\/ul>\n<\/div>\n<p>&nbsp;<\/p>\n<hr \/>\n<p>&nbsp;<\/p>\n<div class=\"tour-content-add-information\">\n<h4>Weitere Informationen<\/h4>\n<ul>\n<li>Dauer: ca. 2,5\u20133 Stunden<\/li>\n<li>Keine Frist f\u00fcr sauna und Dampfbad<\/li>\n<li>Geeignet f\u00fcr M\u00e4nner und Frauen<\/li>\n<li>Private Optionen auf Anfrage<\/li>\n<li>Kinder unter 12 Jahren d\u00fcrfen teilnehmen, mit elterlicher Aufsicht<\/li>\n<\/ul>\n<\/div>\n<p>&nbsp;<\/p>\n<hr \/>\n<p>&nbsp;<\/p>\n<div class=\"tour-content-cancell-policy\">\n<p><strong>Was Sie Mitbringen<\/strong><\/p>\n<ul style=\"column-count: 2;\">\n<li>Badeanzug \ud83d\udc59<\/li>\n<li>Handtuch (kann auf den spa) \ud83e\uddd6\u2640\ufe0f<\/li>\n<li>Hausschuhe oder flip-flops\ud83e\ude74<\/li>\n<\/ul>\n<\/div>","protected":false},"excerpt":{"rendered":"<p>Entspannen Sie im traditionellen t\u00fcrkischen Bad in Belek mit sauna, Peeling, Schaum-massage und Aromatherapie. Hotel-transfer inklusive. Erfrischen K\u00f6rper und Geist.<\/p>","protected":false},"featured_media":13865,"comment_status":"open","ping_status":"closed","template":"","meta":[],"product_brand":[],"product_cat":[],"product_tag":[],"class_list":{"0":"post-13896","1":"product","2":"type-product","3":"status-publish","4":"has-post-thumbnail","6":"tour_phys-tours","7":"pa_destination-belek","9":"first","10":"instock","11":"shipping-taxable","12":"purchasable","13":"product-type-tour_phys"},"_links":{"self":[{"href":"https:\/\/vetatourism.com\/de\/wp-json\/wp\/v2\/product\/13896","targetHints":{"allow":["GET"]}}],"collection":[{"href":"https:\/\/vetatourism.com\/de\/wp-json\/wp\/v2\/product"}],"about":[{"href":"https:\/\/vetatourism.com\/de\/wp-json\/wp\/v2\/types\/product"}],"replies":[{"embeddable":true,"href":"https:\/\/vetatourism.com\/de\/wp-json\/wp\/v2\/comments?post=13896"}],"wp:featuredmedia":[{"embeddable":true,"href":"https:\/\/vetatourism.com\/de\/wp-json\/wp\/v2\/media\/13865"}],"wp:attachment":[{"href":"https:\/\/vetatourism.com\/de\/wp-json\/wp\/v2\/media?parent=13896"}],"wp:term":[{"taxonomy":"product_brand","embeddable":true,"href":"https:\/\/vetatourism.com\/de\/wp-json\/wp\/v2\/product_brand?post=13896"},{"taxonomy":"product_cat","embeddable":true,"href":"https:\/\/vetatourism.com\/de\/wp-json\/wp\/v2\/product_cat?post=13896"},{"taxonomy":"product_tag","embeddable":true,"href":"https:\/\/vetatourism.com\/de\/wp-json\/wp\/v2\/product_tag?post=13896"}],"curies":[{"name":"wp","href":"https:\/\/api.w.org\/{rel}","templated":true}]}}