{"id":13863,"date":"2026-01-30T08:09:01","date_gmt":"2026-01-30T08:09:01","guid":{"rendered":"https:\/\/vetatourism.com\/?post_type=product&#038;p=13863"},"modified":"2026-04-09T08:54:07","modified_gmt":"2026-04-09T08:54:07","slug":"side-turkish-bath-hamam-traditional-spa-experience","status":"publish","type":"product","link":"https:\/\/vetatourism.com\/tours\/side-turkish-bath-hamam-traditional-spa-experience","title":{"rendered":"Seite T\u00fcrkisches Bad Hamam &amp; Traditionelle Spa-Erlebnis"},"content":{"rendered":"<p data-start=\"4269\" data-end=\"4473\">Ihre erholsamen Tag beginnt mit einer Abholung von Ihrem hotel in Side oder Umgebung. Bei der Ankunft im t\u00fcrkischen Bad, beginnen Sie Ihre Erfahrung in der sauna und im Dampfbad, um die Vorbereitung Ihres K\u00f6rpers auf die Behandlung.<\/p>\n<p data-start=\"4475\" data-end=\"4659\">Genie\u00dfen Sie ein Ganzk\u00f6rperpeeling, um Ihrer Haut ein Peeling, gefolgt von einem reichhaltigen Schaum \u2014 massage-eine der beliebtesten Hamam Traditionen. Eine Maske aus Ton wird dann angewendet, zu reinigen und zu erfrischen Ihr Gesicht.<\/p>\n<p data-start=\"4661\" data-end=\"4859\">Nach der Entspannung oder schwimmen, vervollst\u00e4ndigen Sie Ihren Besuch mit einem 20-min\u00fctige Aroma-\u00f6l-massage l\u00e4sst Ihren K\u00f6rper v\u00f6llig entspannt. Vor der R\u00fcckkehr zu Ihrem hotel, genie\u00dfen Sie eine Tasse traditionellen t\u00fcrkischen Tee.<\/p>\n<p>&nbsp;<\/p>\n<hr \/>\n<p>&nbsp;<\/p>\n<div class=\"tour-content-what-included\">\n<h4 id=\"whats-included\">Was ist Enthalten<\/h4>\n<ul style=\"column-count: 2;\">\n<li>Abholung von hotels in Side &amp; Umgebung<\/li>\n<li>Ankunft im t\u00fcrkischen Bad<\/li>\n<li>Sauna-und Dampfbad-Sitzung<\/li>\n<li>K\u00f6rper-Peeling und Schaum-massage<\/li>\n<li>Ton Gesicht Maske und pool time<\/li>\n<li>Aroma-\u00f6l-massage<\/li>\n<li>R\u00fccktransfer zum hotel<\/li>\n<\/ul>\n<\/div>\n<p>&nbsp;<\/p>\n<hr \/>\n<p>&nbsp;<\/p>\n<div class=\"tour-content-add-information\">\n<h4>Weitere Informationen<\/h4>\n<ul>\n<li>Dauer: ca. 2,5\u20133 Stunden<\/li>\n<li>Keine Frist f\u00fcr sauna und Dampfbad<\/li>\n<li>Geeignet f\u00fcr M\u00e4nner und Frauen<\/li>\n<li>Private Optionen auf Anfrage<\/li>\n<li>Kinder unter 12 Jahren d\u00fcrfen teilnehmen, mit elterlicher Aufsicht<\/li>\n<\/ul>\n<p>&nbsp;<\/p>\n<\/div>\n<hr \/>\n<p>&nbsp;<\/p>\n<div class=\"tour-content-cancell-policy\">\n<p><strong>Was Sie Mitbringen<\/strong><\/p>\n<ul style=\"column-count: 2;\">\n<li>Badeanzug \ud83d\udc59<\/li>\n<li>Handtuch (kann auf den spa) \ud83e\uddd6\u2640\ufe0f<\/li>\n<li>Hausschuhe oder flip-flops\ud83e\ude74<\/li>\n<\/ul>\n<\/div>","protected":false},"excerpt":{"rendered":"<p>Genie\u00dfen Sie ein traditionelles T\u00fcrkisches Bad in Side mit sauna, Peeling, Schaum-massage und Aromatherapie. Ein entspannendes spa-Erlebnis mit hotel-transfer.<\/p>","protected":false},"featured_media":13865,"comment_status":"open","ping_status":"closed","template":"","meta":[],"product_brand":[],"product_cat":[],"product_tag":[],"class_list":{"0":"post-13863","1":"product","2":"type-product","3":"status-publish","4":"has-post-thumbnail","6":"tour_phys-tours","7":"pa_destination-side","9":"first","10":"instock","11":"shipping-taxable","12":"purchasable","13":"product-type-tour_phys"},"_links":{"self":[{"href":"https:\/\/vetatourism.com\/de\/wp-json\/wp\/v2\/product\/13863","targetHints":{"allow":["GET"]}}],"collection":[{"href":"https:\/\/vetatourism.com\/de\/wp-json\/wp\/v2\/product"}],"about":[{"href":"https:\/\/vetatourism.com\/de\/wp-json\/wp\/v2\/types\/product"}],"replies":[{"embeddable":true,"href":"https:\/\/vetatourism.com\/de\/wp-json\/wp\/v2\/comments?post=13863"}],"wp:featuredmedia":[{"embeddable":true,"href":"https:\/\/vetatourism.com\/de\/wp-json\/wp\/v2\/media\/13865"}],"wp:attachment":[{"href":"https:\/\/vetatourism.com\/de\/wp-json\/wp\/v2\/media?parent=13863"}],"wp:term":[{"taxonomy":"product_brand","embeddable":true,"href":"https:\/\/vetatourism.com\/de\/wp-json\/wp\/v2\/product_brand?post=13863"},{"taxonomy":"product_cat","embeddable":true,"href":"https:\/\/vetatourism.com\/de\/wp-json\/wp\/v2\/product_cat?post=13863"},{"taxonomy":"product_tag","embeddable":true,"href":"https:\/\/vetatourism.com\/de\/wp-json\/wp\/v2\/product_tag?post=13863"}],"curies":[{"name":"wp","href":"https:\/\/api.w.org\/{rel}","templated":true}]}}