{"id":13862,"date":"2026-01-30T08:02:56","date_gmt":"2026-01-30T08:02:56","guid":{"rendered":"https:\/\/vetatourism.com\/?post_type=product&#038;p=13862"},"modified":"2026-04-09T08:57:57","modified_gmt":"2026-04-09T08:57:57","slug":"olympos-teleferik-cable-car-to-tahtali-mountain-from-belek-2365m","status":"publish","type":"product","link":"https:\/\/vetatourism.com\/tours\/olympos-teleferik-cable-car-to-tahtali-mountain-from-belek-2365m","title":{"rendered":"Olympos Teleferik Seilbahn Tahtal\u0131-Berg Von Belek (2365m)"},"content":{"rendered":"<p data-start=\"4422\" data-end=\"4614\">Ihr Tag beginnt mit einer Abholung von Ihrem hotel in Side oder Umgebung. Entspannen Sie sich bei einer landschaftlich reizvollen Fahrt durch die Beyda\u011flar\u0131-Nationalpark vor erreichen des Olympos Seilbahn-Talstation.<\/p>\n<p data-start=\"4616\" data-end=\"4834\">Genie\u00dfen Sie einen reibungslosen Aufstieg in eine moderne Seilbahn-Kabine, klettern, um 2,365 Meter in ungef\u00e4hr 10-12 Minuten. Wie Sie steigen, bewundern Sie die atemberaubende Aussicht auf W\u00e4lder, Berge und die Mittelmeerk\u00fcste stretching unten.<\/p>\n<p data-start=\"4836\" data-end=\"5057\">Auf dem Gipfel genie\u00dfen Sie rund eine Stunde freie Zeit zum erkunden Aussichtsplattformen, nehmen Fotos, Souvenirl\u00e4den besuchen oder einfach nur entspannen und die frische Bergluft genie\u00dfen. Danach Abstieg mit der Seilbahn und R\u00fcckfahrt zu Ihrem hotel.<\/p>\n<p>&nbsp;<\/p>\n<hr \/>\n<p>&nbsp;<\/p>\n<div class=\"tour-content-what-included\">\n<h4 id=\"whats-included\">Was ist Enthalten<\/h4>\n<ul style=\"column-count: 2;\">\n<li>Abholung von hotels in Side &amp; Umland<\/li>\n<li>Landschaftlich reizvolle Fahrt durch Beyda\u011flar\u0131 National Park<\/li>\n<li>Ankunft am Olympos Cable Car station<\/li>\n<li>Fahrt mit der Seilbahn auf Tahtal\u0131 Mountain summit<\/li>\n<li>Freie Zeit auf dem Gipfel (ca. 1 Stunde)<\/li>\n<li>R\u00fccktransfer zum hotel<\/li>\n<\/ul>\n<\/div>\n<p>&nbsp;<\/p>\n<hr \/>\n<p>&nbsp;<\/p>\n<div class=\"tour-content-add-information\">\n<h4>Weitere Informationen<\/h4>\n<ul>\n<li>Dauer der Tour: ca. 4-5 Stunden<\/li>\n<li>Fahrt mit der Seilbahn Dauer: 10-12 Minuten<\/li>\n<li>K\u00fchlere Temperaturen auf dem Gipfel<\/li>\n<li>Kostenlose Kinder nicht m\u00f6glicherweise eine separate bus-Sitz, wenn der bus voll ist<\/li>\n<\/ul>\n<p>&nbsp;<\/p>\n<\/div>\n<hr \/>\n<p>&nbsp;<\/p>\n<div class=\"tour-content-cancell-policy\">\n<p><strong>Was Sie Mitbringen<\/strong><\/p>\n<ul style=\"column-count: 2;\">\n<li>Bequeme Schuhe\ud83d\udc5f<\/li>\n<li>Sonnenbrille\ud83d\udd76\ufe0f<\/li>\n<li>Leichte Jacke oder einen pulli\ud83e\udde5<\/li>\n<li>Kamera oder smartphone \ud83d\udcf1<\/li>\n<\/ul>\n<\/div>","protected":false},"excerpt":{"rendered":"<p>Fahrt mit der Olympos-Seilbahn ab Belek zu Tahtal\u0131 Berg in 2365m. Genie\u00dfen Sie Panorama-Aussichten, frische Luft und Transfer zum hotel enthalten.<\/p>","protected":false},"featured_media":13854,"comment_status":"open","ping_status":"closed","template":"","meta":[],"product_brand":[],"product_cat":[],"product_tag":[],"class_list":{"0":"post-13862","1":"product","2":"type-product","3":"status-publish","4":"has-post-thumbnail","6":"tour_phys-tours","7":"pa_destination-belek","9":"first","10":"instock","11":"shipping-taxable","12":"purchasable","13":"product-type-tour_phys"},"_links":{"self":[{"href":"https:\/\/vetatourism.com\/de\/wp-json\/wp\/v2\/product\/13862","targetHints":{"allow":["GET"]}}],"collection":[{"href":"https:\/\/vetatourism.com\/de\/wp-json\/wp\/v2\/product"}],"about":[{"href":"https:\/\/vetatourism.com\/de\/wp-json\/wp\/v2\/types\/product"}],"replies":[{"embeddable":true,"href":"https:\/\/vetatourism.com\/de\/wp-json\/wp\/v2\/comments?post=13862"}],"wp:featuredmedia":[{"embeddable":true,"href":"https:\/\/vetatourism.com\/de\/wp-json\/wp\/v2\/media\/13854"}],"wp:attachment":[{"href":"https:\/\/vetatourism.com\/de\/wp-json\/wp\/v2\/media?parent=13862"}],"wp:term":[{"taxonomy":"product_brand","embeddable":true,"href":"https:\/\/vetatourism.com\/de\/wp-json\/wp\/v2\/product_brand?post=13862"},{"taxonomy":"product_cat","embeddable":true,"href":"https:\/\/vetatourism.com\/de\/wp-json\/wp\/v2\/product_cat?post=13862"},{"taxonomy":"product_tag","embeddable":true,"href":"https:\/\/vetatourism.com\/de\/wp-json\/wp\/v2\/product_tag?post=13862"}],"curies":[{"name":"wp","href":"https:\/\/api.w.org\/{rel}","templated":true}]}}