{"id":13852,"date":"2026-01-30T07:49:10","date_gmt":"2026-01-30T07:49:10","guid":{"rendered":"https:\/\/vetatourism.com\/?post_type=product&#038;p=13852"},"modified":"2026-04-08T11:04:40","modified_gmt":"2026-04-08T11:04:40","slug":"belek-quad-safari-tour-thrilling-off-road-adventure","status":"publish","type":"product","link":"https:\/\/vetatourism.com\/tours\/belek-quad-safari-tour-thrilling-off-road-adventure","title":{"rendered":"Belek Quad-Safari-Tour, Spannende Off-Road Abenteuer"},"content":{"rendered":"<p data-start=\"1387\" data-end=\"1631\">Ihr Abenteuer beginnt mit einer Abholung von Ihrem hotel in Belek oder in der N\u00e4he dieser Bereiche. Bei der Ankunft an der quad-safari base camp, professionelle Instruktoren stellen ein Sicherheits-briefing und kurze Probefahrt, um sicherzustellen, jeder f\u00fchlt sich sicher, bevor Sie die Fahrt.<\/p>\n<p data-start=\"1633\" data-end=\"1842\">Einmal fertig, starten Sie Ihren quad-safari durch Waldwege, Feldwege und rocky-mountain-Gel\u00e4nde. Genie\u00dfen Sie den Nervenkitzel des Reitens durch die schlammigen Abschnitte und unebenen Strecken, w\u00e4hrend umgeben von einer atemberaubenden Landschaft.<\/p>\n<p data-start=\"1844\" data-end=\"2162\">Auf halbem Weg durch die tour einen stop an einem Aussichtspunkt, um sich auszuruhen, nehmen Sie Fotos und genie\u00dfen Sie die Aussicht auf die Berge. Den zweiten Teil der safari wird spannender mit steiler Pfade und sch\u00e4rfer stellt. Nach der Fahrt, k\u00fchlen Sie sich mit einem erfrischenden schwimmen in einem canyon vor der R\u00fcckkehr zum Basislager und dann zur\u00fcck zu Ihrem hotel.<\/p>\n<p>&nbsp;<\/p>\n<hr \/>\n<p>&nbsp;<\/p>\n<div class=\"tour-content-what-included\">\n<h4 id=\"whats-included\">Was ist Enthalten<\/h4>\n<ul style=\"column-count: 2;\">\n<li>Abholung von den hotels in Belek &amp; Umland<\/li>\n<li>Ankunft am quad safari base camp<\/li>\n<li>Sicherheits-Einweisung und Probefahrt<\/li>\n<li>Quad-safari durch das Mountainbike-Routen<\/li>\n<li>Foto-Pause am malerischen Aussichtspunkt<\/li>\n<li>Canyon schwimmen zu brechen<\/li>\n<li>R\u00fccktransfer zum hotel<\/li>\n<\/ul>\n<\/div>\n<p>&nbsp;<\/p>\n<hr \/>\n<p>&nbsp;<\/p>\n<div class=\"tour-content-add-information\">\n<h4>Weitere Informationen<\/h4>\n<ul>\n<li>Kein F\u00fchrerschein erforderlich<\/li>\n<li>Geeignet f\u00fcr Anf\u00e4nger und erfahrene Reiter<\/li>\n<li>Minimum driver age: 17<\/li>\n<li>Unebenem Gel\u00e4nde gute balance empfohlen<\/li>\n<li>Sicherheitsausr\u00fcstung wird zur Verf\u00fcgung gestellt<\/li>\n<\/ul>\n<p>&nbsp;<\/p>\n<\/div>\n<hr \/>\n<p>&nbsp;<\/p>\n<div class=\"tour-content-cancell-policy\">\n<p><strong>Was Sie Mitbringen<\/strong><\/p>\n<ul style=\"column-count: 2;\">\n<li>Bequeme Kleidung und Schuhe\ud83d\udc55<\/li>\n<li>Sonnencreme\ud83e\uddf4<\/li>\n<li>Badebekleidung und Handtuch <img decoding=\"async\" class=\"emoji\" role=\"img\" draggable=\"false\" src=\"https:\/\/s.w.org\/images\/core\/emoji\/17.0.2\/svg\/1fa71.svg\" alt=\"\ud83e\ude71\" \/><\/li>\n<li>Bargeld f\u00fcr pers\u00f6nliche Ausgaben <img decoding=\"async\" class=\"emoji\" role=\"img\" draggable=\"false\" src=\"https:\/\/s.w.org\/images\/core\/emoji\/17.0.2\/svg\/1f4b3.svg\" alt=\"\ud83d\udcb3\" \/><\/li>\n<\/ul>\n<\/div>","protected":false},"excerpt":{"rendered":"<p>Join eine aufregende quad-safari von Belek entfernt im Taurus Gebirge. Fahrt off-road-Strecken, genie\u00dfen canyon schwimmen und Transfer zum hotel enthalten.<\/p>","protected":false},"featured_media":13845,"comment_status":"open","ping_status":"closed","template":"","meta":[],"product_brand":[],"product_cat":[],"product_tag":[],"class_list":{"0":"post-13852","1":"product","2":"type-product","3":"status-publish","4":"has-post-thumbnail","6":"tour_phys-tours","7":"pa_destination-belek","9":"first","10":"instock","11":"sale","12":"shipping-taxable","13":"purchasable","14":"product-type-tour_phys"},"_links":{"self":[{"href":"https:\/\/vetatourism.com\/de\/wp-json\/wp\/v2\/product\/13852","targetHints":{"allow":["GET"]}}],"collection":[{"href":"https:\/\/vetatourism.com\/de\/wp-json\/wp\/v2\/product"}],"about":[{"href":"https:\/\/vetatourism.com\/de\/wp-json\/wp\/v2\/types\/product"}],"replies":[{"embeddable":true,"href":"https:\/\/vetatourism.com\/de\/wp-json\/wp\/v2\/comments?post=13852"}],"wp:featuredmedia":[{"embeddable":true,"href":"https:\/\/vetatourism.com\/de\/wp-json\/wp\/v2\/media\/13845"}],"wp:attachment":[{"href":"https:\/\/vetatourism.com\/de\/wp-json\/wp\/v2\/media?parent=13852"}],"wp:term":[{"taxonomy":"product_brand","embeddable":true,"href":"https:\/\/vetatourism.com\/de\/wp-json\/wp\/v2\/product_brand?post=13852"},{"taxonomy":"product_cat","embeddable":true,"href":"https:\/\/vetatourism.com\/de\/wp-json\/wp\/v2\/product_cat?post=13852"},{"taxonomy":"product_tag","embeddable":true,"href":"https:\/\/vetatourism.com\/de\/wp-json\/wp\/v2\/product_tag?post=13852"}],"curies":[{"name":"wp","href":"https:\/\/api.w.org\/{rel}","templated":true}]}}