{"id":13843,"date":"2026-01-30T07:01:54","date_gmt":"2026-01-30T07:01:54","guid":{"rendered":"https:\/\/vetatourism.com\/?post_type=product&#038;p=13843"},"modified":"2026-03-09T05:49:52","modified_gmt":"2026-03-09T05:49:52","slug":"belek-jeep-safari-tour-explore-taurus-mountains","status":"publish","type":"product","link":"https:\/\/vetatourism.com\/tours\/belek-jeep-safari-tour-explore-taurus-mountains","title":{"rendered":"Belek Jeep Safari Tour \u2013 Erkunden Sie Das Taurus-Gebirge"},"content":{"rendered":"<div data-start=\"1373\" data-end=\"1664\">\n<div data-start=\"1373\" data-end=\"1664\">\n<div data-start=\"1351\" data-end=\"1616\">Ihr Abenteuer beginnt mit einer Abholung von Ihrem hotel in Belek. Nach einem treffen mit Ihrem freundlichen Fahrer, set-off in offenen 4\u00d74 jeeps in Richtung des Taurusgebirges. Genie\u00dfen Sie die frische Bergluft, atemberaubende Landschaft und die spannende off-road-Strecken durch W\u00e4lder und \u00fcber zerkl\u00fcftete Gel\u00e4nde.<\/div>\n<div data-start=\"1618\" data-end=\"1817\">Entlang der route, besuchen Sie ein lokales Dorf zu sehen, traditionellen l\u00e4ndlichen Leben und h\u00f6re auf, am Aussichtspunkte f\u00fcr die Fotos. Zu Mittag genie\u00dfen Sie ein leckeres BBQ-Mittagessen in einem Ausflugslokal, umgeben von Natur.<\/div>\n<div data-start=\"1819\" data-end=\"2112\">Nach dem Mittagessen, k\u00fchlen Sie sich mit einem erfrischenden Bad in einem nat\u00fcrlichen Berg, Fluss oder entspannen Sie am Wasser. Auf der R\u00fcckfahrt, an einer optionalen Wasser-Kampf zwischen den jeeps eine lustige und unvergessliche H\u00f6hepunkt der tour. Schlie\u00dflich kehren Sie zu Ihrem hotel mit unvergesslichen Erinnerungen an die Abenteuer und die Natur.<\/div>\n<\/div>\n<\/div>\n<p>&nbsp;<\/p>\n<hr \/>\n<p>&nbsp;<\/p>\n<div class=\"tour-content-what-included\">\n<h4 id=\"whats-included\">Was ist Enthalten<\/h4>\n<ul style=\"column-count: 2;\">\n<li>Abholung von den hotels in Belek<\/li>\n<li>Off-road-Laufwerk, in das Taurus-Gebirge<\/li>\n<li>Besuch in einem traditionellen Bergdorf<\/li>\n<li>Scenic photo stops<\/li>\n<li>BBQ-Mittagessen in der Natur<\/li>\n<li>Badepause in einem Berg Fluss<\/li>\n<li>Optional Wasser Kampf<\/li>\n<li>R\u00fccktransfer zum hotel<\/li>\n<\/ul>\n<\/div>\n<p>&nbsp;<\/p>\n<hr \/>\n<p>&nbsp;<\/p>\n<div class=\"tour-content-add-information\">\n<h4>Weitere Informationen<\/h4>\n<ul>\n<li>Dauer: ca. 6-7 Stunden<\/li>\n<li>Tour durchgef\u00fchrt im offenen safari-jeeps<\/li>\n<li>Geeignet f\u00fcr Familien und Abenteuer-Liebhaber<\/li>\n<li>Moderate k\u00f6rperliche Aktivit\u00e4t<\/li>\n<li>Bereit sein, am Haupteingang des Hotels 10 Minuten vor Abholung<\/li>\n<\/ul>\n<p>&nbsp;<\/p>\n<\/div>\n<hr \/>\n<p>&nbsp;<\/p>\n<div class=\"tour-content-cancell-policy\">\n<p><strong>Was Sie Mitbringen<\/strong><\/p>\n<ul style=\"column-count: 2;\">\n<li>Bequeme Kleidung und Schuhe\ud83d\udc55<\/li>\n<li>Sonnencreme \ud83e\uddf4<\/li>\n<li>Badebekleidung und Handtuch <img decoding=\"async\" class=\"emoji\" role=\"img\" draggable=\"false\" src=\"https:\/\/s.w.org\/images\/core\/emoji\/17.0.2\/svg\/1fa71.svg\" alt=\"\ud83e\ude71\" \/><\/li>\n<li>Bargeld f\u00fcr Getr\u00e4nke und pers\u00f6nliche Ausgaben <img decoding=\"async\" class=\"emoji\" role=\"img\" draggable=\"false\" src=\"https:\/\/s.w.org\/images\/core\/emoji\/17.0.2\/svg\/1f4b3.svg\" alt=\"\ud83d\udcb3\" \/><\/li>\n<\/ul>\n<\/div>","protected":false},"excerpt":{"rendered":"<p>Join a Jeep Safari from Belek in the Taurus Mountains. Drive 4&#215;4 jeeps, visit villages, swim in rivers, enjoy BBQ lunch and hotel transfers.<\/p>","protected":false},"featured_media":13834,"comment_status":"open","ping_status":"closed","template":"","meta":[],"product_brand":[],"product_cat":[15],"product_tag":[],"class_list":{"0":"post-13843","1":"product","2":"type-product","3":"status-publish","4":"has-post-thumbnail","6":"tour_phys-tours","7":"product_cat-non-classe","8":"pa_destination-belek","10":"first","11":"instock","12":"sale","13":"shipping-taxable","14":"purchasable","15":"product-type-tour_phys"},"_links":{"self":[{"href":"https:\/\/vetatourism.com\/de\/wp-json\/wp\/v2\/product\/13843","targetHints":{"allow":["GET"]}}],"collection":[{"href":"https:\/\/vetatourism.com\/de\/wp-json\/wp\/v2\/product"}],"about":[{"href":"https:\/\/vetatourism.com\/de\/wp-json\/wp\/v2\/types\/product"}],"replies":[{"embeddable":true,"href":"https:\/\/vetatourism.com\/de\/wp-json\/wp\/v2\/comments?post=13843"}],"wp:featuredmedia":[{"embeddable":true,"href":"https:\/\/vetatourism.com\/de\/wp-json\/wp\/v2\/media\/13834"}],"wp:attachment":[{"href":"https:\/\/vetatourism.com\/de\/wp-json\/wp\/v2\/media?parent=13843"}],"wp:term":[{"taxonomy":"product_brand","embeddable":true,"href":"https:\/\/vetatourism.com\/de\/wp-json\/wp\/v2\/product_brand?post=13843"},{"taxonomy":"product_cat","embeddable":true,"href":"https:\/\/vetatourism.com\/de\/wp-json\/wp\/v2\/product_cat?post=13843"},{"taxonomy":"product_tag","embeddable":true,"href":"https:\/\/vetatourism.com\/de\/wp-json\/wp\/v2\/product_tag?post=13843"}],"curies":[{"name":"wp","href":"https:\/\/api.w.org\/{rel}","templated":true}]}}