{"id":13832,"date":"2026-01-30T06:48:17","date_gmt":"2026-01-30T06:48:17","guid":{"rendered":"https:\/\/vetatourism.com\/?post_type=product&#038;p=13832"},"modified":"2026-03-09T05:50:03","modified_gmt":"2026-03-09T05:50:03","slug":"kemer-sea-fishing-tour-breakfast-lunch-included","status":"publish","type":"product","link":"https:\/\/vetatourism.com\/tours\/kemer-sea-fishing-tour-breakfast-lunch-included","title":{"rendered":"Kemer Sea Fishing Tour \u2013 Fr\u00fchst\u00fcck &amp; Mittagessen Inklusive"},"content":{"rendered":"<div data-start=\"2005\" data-end=\"2145\">\n<div data-start=\"1321\" data-end=\"1559\">Ihr Tag beginnt mit einer bequemen Abholung von Ihrem hotel in Kemer oder nahe gelegenen Gebieten, gefolgt von einem transfer in die marina. Board ein voll ausgestattetes Fischerboot und genie\u00dfen Sie ein k\u00f6stliches Fr\u00fchst\u00fcck, w\u00e4hrend Sie Fahrt \u00fcber das ruhige Mittelmeer.<\/div>\n<div data-start=\"1561\" data-end=\"1815\">Ob Sie sind neue zu Angeln oder haben Erfahrung, freundliche crew bietet alle notwendigen Ger\u00e4te und Anweisungen, um Ihnen helfen, genie\u00dfen Sie die Aktivit\u00e4t. Als das Boot ankert im prime fishing spots, versuchen Sie Ihr Gl\u00fcck, w\u00e4hrend einweichen in der ruhigen See-Atmosph\u00e4re.<\/div>\n<div data-start=\"1817\" data-end=\"2119\">W\u00e4hrend der tour halt an einsamen Buchten zu einem erfrischenden schwimmen im t\u00fcrkisfarbenen Wasser. Zum Mittagessen genie\u00dfen Sie ein frisch zubereitetes Essen an Bord, darunter die Ihren Fang des Tages, wenn gew\u00fcnscht. Nach einem entspannten und angenehmen Erlebnis am Meer, R\u00fcckkehr in die marina und transfer zur\u00fcck zu Ihrem hotel, mit sch\u00f6nen Erinnerungen.<\/div>\n<\/div>\n<div data-start=\"2005\" data-end=\"2145\"><\/div>\n<hr \/>\n<p>&nbsp;<\/p>\n<div class=\"tour-content-what-included\">\n<h4 id=\"whats-included\">Was ist Enthalten<\/h4>\n<ul style=\"column-count: 2;\">\n<li>Abholung von den hotels in Kemer und Umgebung<\/li>\n<li>Ankunft in Kemer marina und boarding<\/li>\n<li>Fr\u00fchst\u00fcck an Bord<\/li>\n<li>Fischfang mit Ausr\u00fcstung und Instruktion<\/li>\n<li>Swimming stops in malerischen Buchten<\/li>\n<li>Mittagessen an Bord (frische Fang optional)<\/li>\n<li>Zur\u00fcck zur marina und hotel<\/li>\n<\/ul>\n<p>&nbsp;<\/p>\n<\/div>\n<hr \/>\n<p>&nbsp;<\/p>\n<div class=\"tour-content-add-information\">\n<h4>Weitere Informationen<\/h4>\n<ul>\n<li>Dauer: ca. 4-6 Stunden (halb-Tages-tour)<\/li>\n<li>Niedrige bis moderate k\u00f6rperliche Aktivit\u00e4t<\/li>\n<li>Kinder unter 5 Jahren Reisen kostenlos (kein eigener Sitzplatz)<\/li>\n<li>Vegetarische Speisen auf Anfrage verf\u00fcgbar<\/li>\n<li>Die Tour ist vom Wetter abh\u00e4ngig<\/li>\n<\/ul>\n<p>&nbsp;<\/p>\n<\/div>\n<hr \/>\n<p>&nbsp;<\/p>\n<div class=\"tour-content-cancell-policy\">\n<p><strong>Was Sie Mitbringen<\/strong><\/p>\n<ul style=\"column-count: 2;\">\n<li>Bequeme Kleidung\ud83d\udc55<\/li>\n<li>Sonnencreme und Hut \ud83e\uddf4<\/li>\n<li>Badebekleidung und Handtuch <img decoding=\"async\" class=\"emoji\" role=\"img\" draggable=\"false\" src=\"https:\/\/s.w.org\/images\/core\/emoji\/17.0.2\/svg\/1fa71.svg\" alt=\"\ud83e\ude71\" \/><\/li>\n<li>Kamera oder smartphone \ud83d\udcf1<\/li>\n<li>Bargeld f\u00fcr pers\u00f6nliche Ausgaben <img decoding=\"async\" class=\"emoji\" role=\"img\" draggable=\"false\" src=\"https:\/\/s.w.org\/images\/core\/emoji\/17.0.2\/svg\/1f4b3.svg\" alt=\"\ud83d\udcb3\" \/><\/li>\n<\/ul>\n<\/div>","protected":false},"excerpt":{"rendered":"<p>Genie\u00dfen Sie Meer-Angeln-tour von Kemer mit Fr\u00fchst\u00fcck, Mittagessen, schwimmen h\u00e4lt-und Fangger\u00e4te,. Entspannen am Mittelmeer mit hotel-transfer inklusive.<\/p>","protected":false},"featured_media":13821,"comment_status":"open","ping_status":"closed","template":"","meta":[],"product_brand":[],"product_cat":[15],"product_tag":[],"class_list":{"0":"post-13832","1":"product","2":"type-product","3":"status-publish","4":"has-post-thumbnail","6":"tour_phys-tours","7":"product_cat-non-classe","8":"pa_destination-kemer","10":"first","11":"instock","12":"sale","13":"shipping-taxable","14":"purchasable","15":"product-type-tour_phys"},"_links":{"self":[{"href":"https:\/\/vetatourism.com\/de\/wp-json\/wp\/v2\/product\/13832","targetHints":{"allow":["GET"]}}],"collection":[{"href":"https:\/\/vetatourism.com\/de\/wp-json\/wp\/v2\/product"}],"about":[{"href":"https:\/\/vetatourism.com\/de\/wp-json\/wp\/v2\/types\/product"}],"replies":[{"embeddable":true,"href":"https:\/\/vetatourism.com\/de\/wp-json\/wp\/v2\/comments?post=13832"}],"wp:featuredmedia":[{"embeddable":true,"href":"https:\/\/vetatourism.com\/de\/wp-json\/wp\/v2\/media\/13821"}],"wp:attachment":[{"href":"https:\/\/vetatourism.com\/de\/wp-json\/wp\/v2\/media?parent=13832"}],"wp:term":[{"taxonomy":"product_brand","embeddable":true,"href":"https:\/\/vetatourism.com\/de\/wp-json\/wp\/v2\/product_brand?post=13832"},{"taxonomy":"product_cat","embeddable":true,"href":"https:\/\/vetatourism.com\/de\/wp-json\/wp\/v2\/product_cat?post=13832"},{"taxonomy":"product_tag","embeddable":true,"href":"https:\/\/vetatourism.com\/de\/wp-json\/wp\/v2\/product_tag?post=13832"}],"curies":[{"name":"wp","href":"https:\/\/api.w.org\/{rel}","templated":true}]}}