{"id":13831,"date":"2026-01-30T06:41:40","date_gmt":"2026-01-30T06:41:40","guid":{"rendered":"https:\/\/vetatourism.com\/?post_type=product&#038;p=13831"},"modified":"2026-02-27T06:11:13","modified_gmt":"2026-02-27T06:11:13","slug":"antalya-sea-fishing-tour-all-inclusive","status":"publish","type":"product","link":"https:\/\/vetatourism.com\/tours\/antalya-sea-fishing-tour-all-inclusive","title":{"rendered":"Antalya Sea Fishing Tour \u2013 All Inclusive"},"content":{"rendered":"<div data-start=\"2005\" data-end=\"2145\">\n<p data-start=\"1326\" data-end=\"1545\">Ihr Tag beginnt mit einer bequemen Abholung von Ihrem hotel in Antalya, gefolgt von einem transfer in die marina. Nach einer kurzen Sicherheits-und Fischerei-briefing von Ihrem freundlichen Kapit\u00e4n, setzen Sie die Segel in das offene Mittelmeer.<\/p>\n<p data-start=\"1547\" data-end=\"1794\">Fische in der Tiefsee-spots erreichen tiefen von bis zu 60 Meter, mit moderner Ausr\u00fcstung und sonar-Systeme. Egal, ob Sie ein Anf\u00e4nger oder ein erfahrener angler sind, wird Ihr guide unterst\u00fctzt Sie w\u00e4hrend der gesamten Erfahrung, gew\u00e4hrleisten eine lustige und erholsame Zeit auf dem Wasser.<\/p>\n<p data-start=\"1796\" data-end=\"2081\">Sobald die Fischerei-Sitzung beendet ist, genie\u00dfen Sie Ihren frisch Gefangenen Fisch vom Grill an Bord und diente als leckeres Mittagessen w\u00e4hrend der Fahrt entlang der wundersch\u00f6nen K\u00fcste. Nach einiger Zeit, um sich zu entspannen und genie\u00dfen Sie die Brise vom Meer, R\u00fcckkehr zum Hafen und transfer zu Ihrem hotel zur\u00fcck mit unvergesslichen Erinnerungen.<\/p>\n<\/div>\n<div data-start=\"2005\" data-end=\"2145\"><\/div>\n<hr \/>\n<p>&nbsp;<\/p>\n<div class=\"tour-content-what-included\">\n<h4 id=\"whats-included\">Was ist Enthalten<\/h4>\n<ul style=\"column-count: 2;\">\n<li>Abholung von Antalya-hotels (um 07:30)<\/li>\n<li>Willkommen briefing in der marina<\/li>\n<li>3-4 Stunden deep-sea fishing<\/li>\n<li>Grill und genie\u00dfen Sie Ihren Fang f\u00fcr das Mittagessen<\/li>\n<li>Hin-und R\u00fcckfahrt zum Hafen<\/li>\n<li>Hotel drop-off<\/li>\n<\/ul>\n<\/div>\n<hr \/>\n<p>&nbsp;<\/p>\n<div class=\"tour-content-add-information\">\n<h4>Weitere Informationen<\/h4>\n<ul>\n<li>Dauer: ca. 4-6 Stunden (halb-Tages-tour)<\/li>\n<li>Niedrige bis moderate k\u00f6rperliche Aktivit\u00e4t<\/li>\n<li>Kinder unter 5 Jahren Reisen kostenlos (kein eigener Sitzplatz)<\/li>\n<li>Vegetarische Speisen auf Anfrage verf\u00fcgbar<\/li>\n<li>Die Tour ist vom Wetter abh\u00e4ngig<\/li>\n<\/ul>\n<p>&nbsp;<\/p>\n<\/div>\n<hr \/>\n<p>&nbsp;<\/p>\n<div class=\"tour-content-cancell-policy\">\n<p><strong>Was Sie Mitbringen<\/strong><\/p>\n<ul style=\"column-count: 2;\">\n<li>Bequeme Kleidung\ud83d\udc55<\/li>\n<li>Sonnencreme und Hut \ud83e\uddf4<\/li>\n<li>Badebekleidung und Handtuch <img decoding=\"async\" class=\"emoji\" role=\"img\" draggable=\"false\" src=\"https:\/\/s.w.org\/images\/core\/emoji\/17.0.2\/svg\/1fa71.svg\" alt=\"\ud83e\ude71\" \/><\/li>\n<li>Kamera oder smartphone \ud83d\udcf1<\/li>\n<li>Bargeld f\u00fcr pers\u00f6nliche Ausgaben <img decoding=\"async\" class=\"emoji\" role=\"img\" draggable=\"false\" src=\"https:\/\/s.w.org\/images\/core\/emoji\/17.0.2\/svg\/1f4b3.svg\" alt=\"\ud83d\udcb3\" \/><\/li>\n<\/ul>\n<\/div>","protected":false},"excerpt":{"rendered":"<p>Join a deep sea fishing tour von Antalya. Fangen und Grillen Sie Ihre eigenen Fische, genie\u00dfen Sie Fr\u00fchst\u00fcck und Mittagessen an Bord mit hotel-transfers enthalten.<\/p>","protected":false},"featured_media":13821,"comment_status":"open","ping_status":"closed","template":"","meta":[],"product_brand":[],"product_cat":[],"product_tag":[],"class_list":{"0":"post-13831","1":"product","2":"type-product","3":"status-publish","4":"has-post-thumbnail","6":"tour_phys-tours","7":"pa_destination-antalya","9":"first","10":"instock","11":"sale","12":"shipping-taxable","13":"purchasable","14":"product-type-tour_phys"},"_links":{"self":[{"href":"https:\/\/vetatourism.com\/de\/wp-json\/wp\/v2\/product\/13831","targetHints":{"allow":["GET"]}}],"collection":[{"href":"https:\/\/vetatourism.com\/de\/wp-json\/wp\/v2\/product"}],"about":[{"href":"https:\/\/vetatourism.com\/de\/wp-json\/wp\/v2\/types\/product"}],"replies":[{"embeddable":true,"href":"https:\/\/vetatourism.com\/de\/wp-json\/wp\/v2\/comments?post=13831"}],"wp:featuredmedia":[{"embeddable":true,"href":"https:\/\/vetatourism.com\/de\/wp-json\/wp\/v2\/media\/13821"}],"wp:attachment":[{"href":"https:\/\/vetatourism.com\/de\/wp-json\/wp\/v2\/media?parent=13831"}],"wp:term":[{"taxonomy":"product_brand","embeddable":true,"href":"https:\/\/vetatourism.com\/de\/wp-json\/wp\/v2\/product_brand?post=13831"},{"taxonomy":"product_cat","embeddable":true,"href":"https:\/\/vetatourism.com\/de\/wp-json\/wp\/v2\/product_cat?post=13831"},{"taxonomy":"product_tag","embeddable":true,"href":"https:\/\/vetatourism.com\/de\/wp-json\/wp\/v2\/product_tag?post=13831"}],"curies":[{"name":"wp","href":"https:\/\/api.w.org\/{rel}","templated":true}]}}