{"id":13830,"date":"2026-01-30T06:36:21","date_gmt":"2026-01-30T06:36:21","guid":{"rendered":"https:\/\/vetatourism.com\/?post_type=product&#038;p=13830"},"modified":"2026-03-09T05:50:13","modified_gmt":"2026-03-09T05:50:13","slug":"belek-sea-fishing-tour-all-inclusive","status":"publish","type":"product","link":"https:\/\/vetatourism.com\/tours\/belek-sea-fishing-tour-all-inclusive","title":{"rendered":"Belek, Meer-Angeln-Tour \u2013 All Inclusive"},"content":{"rendered":"<div data-start=\"1397\" data-end=\"1583\">Ihr Tag beginnt mit einer Abholung von Ihrem hotel in Belek, gefolgt von einem transfer in die marina. Treffen Sie Ihren freundlichen Kapit\u00e4n und die crew, dann den Kopf aus Meer an Bord eines traditionellen Fischerbootes.<\/div>\n<div data-start=\"1585\" data-end=\"1849\">Der erfahrene Kapit\u00e4n f\u00fchrt Sie zu den besten Angelpl\u00e4tzen, wo Sie Fisch in tiefen zwischen 30 bis 60 Meter mit einer hochwertigen Ausstattung. Egal, ob Sie zum Angeln oder ein erfahrener angler, der crew sorgen f\u00fcr einen erfolgreichen und angenehmen Erfahrung.<\/div>\n<div data-start=\"1851\" data-end=\"2003\">W\u00e4hrend auf dem Meer, genie\u00dfen Sie ein leckeres Fr\u00fchst\u00fcck und Mittagessen werden an Bord serviert. Sie haben auch die M\u00f6glichkeit zum schwimmen und entspannen Sie im herrlichen Wasser des Mittelmeers.<\/div>\n<div data-start=\"2005\" data-end=\"2145\">Nach einem morgen zu Angeln, Kopf zur\u00fcck in die marina und kehren Sie zu Ihrem hotel mit unvergesslichen Erinnerungen und die Zufriedenheit Ihrer zu fangen.<\/div>\n<div data-start=\"2005\" data-end=\"2145\"><\/div>\n<hr \/>\n<p>&nbsp;<\/p>\n<div class=\"tour-content-what-included\">\n<h4 id=\"whats-included\">Was ist Enthalten<\/h4>\n<ul style=\"column-count: 2;\">\n<li>06:45 UHR \u2013 Abholung von den hotels in Belek<\/li>\n<li>Treffen Sie Ihren Kapit\u00e4n und die crew in der marina<\/li>\n<li>Leiter der besten Angelpl\u00e4tze f\u00fcr Tiefe-Meer Angeln<\/li>\n<li>Fr\u00fchst\u00fcck und Mittagessen werden an Bord serviert<\/li>\n<li>Optional schwimmen und Entspannung Pausen<\/li>\n<li>R\u00fcckkehr zum Hafen und hotel-drop-off von Uhr<\/li>\n<\/ul>\n<\/div>\n<hr \/>\n<p>&nbsp;<\/p>\n<div class=\"tour-content-add-information\">\n<h4>Weitere Informationen<\/h4>\n<ul>\n<li>Dauer: ca. 5-5.5 Stunden<\/li>\n<li>T\u00e4glich morgens abreisen<\/li>\n<li>Keine Erfahrung erforderlich<\/li>\n<li>Kleine Gruppe tour f\u00fcr eine komfortable Erfahrung<\/li>\n<\/ul>\n<p>&nbsp;<\/p>\n<\/div>\n<hr \/>\n<p>&nbsp;<\/p>\n<div class=\"tour-content-cancell-policy\">\n<p><strong>Was Sie Mitbringen<\/strong><\/p>\n<ul style=\"column-count: 2;\">\n<li>Bequeme Kleidung\ud83d\udc55<\/li>\n<li>Sonnencreme \ud83e\uddf4<\/li>\n<li>Badebekleidung und Handtuch <img decoding=\"async\" class=\"emoji\" role=\"img\" draggable=\"false\" src=\"https:\/\/s.w.org\/images\/core\/emoji\/17.0.2\/svg\/1fa71.svg\" alt=\"\ud83e\ude71\" \/><\/li>\n<li>Kamera oder smartphone \ud83d\udcf1<\/li>\n<li>Bargeld f\u00fcr pers\u00f6nliche Ausgaben <img decoding=\"async\" class=\"emoji\" role=\"img\" draggable=\"false\" src=\"https:\/\/s.w.org\/images\/core\/emoji\/17.0.2\/svg\/1f4b3.svg\" alt=\"\ud83d\udcb3\" \/><\/li>\n<\/ul>\n<\/div>","protected":false},"excerpt":{"rendered":"<p>Join a deep-sea fishing tour von Belek entfernt. Genie\u00dfen Sie Angeln, schwimmen im Mittelmeer, und genie\u00dfen Sie Fr\u00fchst\u00fcck und Mittagessen an Bord mit hotel-transfers enthalten.<\/p>","protected":false},"featured_media":13821,"comment_status":"open","ping_status":"closed","template":"","meta":[],"product_brand":[],"product_cat":[15],"product_tag":[],"class_list":{"0":"post-13830","1":"product","2":"type-product","3":"status-publish","4":"has-post-thumbnail","6":"tour_phys-tours","7":"product_cat-non-classe","8":"pa_destination-belek","10":"first","11":"instock","12":"sale","13":"shipping-taxable","14":"purchasable","15":"product-type-tour_phys"},"_links":{"self":[{"href":"https:\/\/vetatourism.com\/de\/wp-json\/wp\/v2\/product\/13830","targetHints":{"allow":["GET"]}}],"collection":[{"href":"https:\/\/vetatourism.com\/de\/wp-json\/wp\/v2\/product"}],"about":[{"href":"https:\/\/vetatourism.com\/de\/wp-json\/wp\/v2\/types\/product"}],"replies":[{"embeddable":true,"href":"https:\/\/vetatourism.com\/de\/wp-json\/wp\/v2\/comments?post=13830"}],"wp:featuredmedia":[{"embeddable":true,"href":"https:\/\/vetatourism.com\/de\/wp-json\/wp\/v2\/media\/13821"}],"wp:attachment":[{"href":"https:\/\/vetatourism.com\/de\/wp-json\/wp\/v2\/media?parent=13830"}],"wp:term":[{"taxonomy":"product_brand","embeddable":true,"href":"https:\/\/vetatourism.com\/de\/wp-json\/wp\/v2\/product_brand?post=13830"},{"taxonomy":"product_cat","embeddable":true,"href":"https:\/\/vetatourism.com\/de\/wp-json\/wp\/v2\/product_cat?post=13830"},{"taxonomy":"product_tag","embeddable":true,"href":"https:\/\/vetatourism.com\/de\/wp-json\/wp\/v2\/product_tag?post=13830"}],"curies":[{"name":"wp","href":"https:\/\/api.w.org\/{rel}","templated":true}]}}