{"id":13819,"date":"2026-01-30T06:25:12","date_gmt":"2026-01-30T06:25:12","guid":{"rendered":"https:\/\/vetatourism.com\/?post_type=product&#038;p=13819"},"modified":"2026-04-09T08:54:58","modified_gmt":"2026-04-09T08:54:58","slug":"tazi-canyon-rafting-jeep-safari-tour-from-belek","status":"publish","type":"product","link":"https:\/\/vetatourism.com\/tours\/tazi-canyon-rafting-jeep-safari-tour-from-belek","title":{"rendered":"Taz\u0131 Canyon, Rafting &amp; Jeep Safari Tour von Belek"},"content":{"rendered":"<div data-start=\"1547\" data-end=\"1795\">Ihr Abenteuer beginnt mit einer bequemen Abholung von Ihrem hotel in Belek oder in der N\u00e4he dieser Gebiete, gefolgt von einer spannenden Jeep-Safari-Fahrt durch das Taurus-Gebirge. Genie\u00dfen Sie off-road-Strecken, Berg-Landschaft, die sch\u00f6nen und nat\u00fcrlichen Landschaften entlang des Weges.<\/div>\n<div data-start=\"1797\" data-end=\"2064\">Die tour zuerst erreicht riverside Basis in der K\u00f6pr\u00fcl\u00fc Canyon. Hier k\u00f6nnen Sie w\u00e4hlen, um sich einem optionalen rafting-Erfahrung oder entspannen am Fluss. Wenn Sie teilnehmen, die von erfahrenen Instruktoren, die die Sicherheit von Ger\u00e4ten und die Grundausbildung \u2014 keine Vorherige Erfahrung ist erforderlich.<\/div>\n<div data-start=\"2066\" data-end=\"2390\">Als N\u00e4chstes Reisen Sie von oben offenen safari-jeep <strong data-start=\"2106\" data-end=\"2121\">Taz\u0131 Canyon<\/strong>einer der beeindruckendsten nat\u00fcrlichen Aussichtspunkten der region. Bekannt als the Eagle ' s Nest, diese dramatische Schlucht und bietet einen atemberaubenden Panoramablick. Genie\u00dfen Sie freie Zeit am Aussichtspunkt f\u00fcr Fotos und Entspannung. F\u00fcr Sicherheit Gr\u00fcnden, Eintrag in der canyon ist nicht gestattet.<\/div>\n<div data-start=\"2392\" data-end=\"2667\">Danach R\u00fcckkehr zum K\u00f6pr\u00fcl\u00fc Canyon f\u00fcr die Haupt-rafting-route, wenn Sie ausgew\u00e4hlt werden. Paddeln Sie durch erfrischende rapids, genie\u00dfen Sie Badepausen und bewundern Sie die umliegende Natur. Der Tag endet mit einem leckeren riverside Mittagessen vor der R\u00fcckkehr zu Ihrem hotel voller unvergesslicher Erinnerungen.<\/div>\n<p>&nbsp;<\/p>\n<hr \/>\n<p>&nbsp;<\/p>\n<div class=\"tour-content-what-included\">\n<h4 id=\"whats-included\">Was ist Enthalten<\/h4>\n<ul style=\"column-count: 2;\">\n<li>Abholung von den hotels in Belek &amp; Umland<\/li>\n<li>Jeep-Safari durch das Taurusgebirge<\/li>\n<li>Ankunft am K\u00f6pr\u00fcl\u00fc Canyon riverside base<\/li>\n<li>Optional rafting oder Freizeit durch den Fluss<\/li>\n<li>Jeep Fahrt zu Taz\u0131 Canyon viewpoint<\/li>\n<li>Freie Zeit f\u00fcr Fotos und Besichtigungen<\/li>\n<li>Rafting Erfahrung in der K\u00f6pr\u00fcl\u00fc-Schlucht (falls ausgew\u00e4hlt)<\/li>\n<li>Riverside Mittagessen<\/li>\n<li>R\u00fccktransfer zum hotel<\/li>\n<\/ul>\n<\/div>\n<p>&nbsp;<\/p>\n<hr \/>\n<p>&nbsp;<\/p>\n<div class=\"tour-content-add-information\">\n<h4>Weitere Informationen<\/h4>\n<ul>\n<li>Full-day tour<\/li>\n<li>Keine rafting-Erfahrung erforderlich<\/li>\n<li>Geeignet f\u00fcr Abenteuer-und Naturliebhaber<\/li>\n<li>Canyon Zugang ist beschr\u00e4nkt auf Standpunkte nur<\/li>\n<li>Tour-Programm kann je nach Wetter Bedingungen<\/li>\n<\/ul>\n<p>&nbsp;<\/p>\n<\/div>\n<hr \/>\n<p>&nbsp;<\/p>\n<div class=\"tour-content-cancell-policy\">\n<p><strong>Was Sie Mitbringen<\/strong><\/p>\n<ul style=\"column-count: 2;\">\n<li>Bequeme Kleidung und Schuhe\ud83d\udc55<\/li>\n<li>Sonnencreme und Hut<img decoding=\"async\" class=\"emoji\" role=\"img\" draggable=\"false\" src=\"https:\/\/s.w.org\/images\/core\/emoji\/17.0.2\/svg\/1f9e2.svg\" alt=\"\ud83e\udde2\" \/><\/li>\n<li>Badebekleidung und Handtuch <img decoding=\"async\" class=\"emoji\" role=\"img\" draggable=\"false\" src=\"https:\/\/s.w.org\/images\/core\/emoji\/17.0.2\/svg\/1fa71.svg\" alt=\"\ud83e\ude71\" \/><\/li>\n<li>Kamera oder smartphone \ud83d\udcf1<\/li>\n<li>Geld f\u00fcr extras <img decoding=\"async\" class=\"emoji\" role=\"img\" draggable=\"false\" src=\"https:\/\/s.w.org\/images\/core\/emoji\/17.0.2\/svg\/1f4b3.svg\" alt=\"\ud83d\udcb3\" \/><\/li>\n<\/ul>\n<\/div>","protected":false},"excerpt":{"rendered":"<p>Join-ein full-day adventure von Belek, mit Taz\u0131 Canyon views, Jeep-Safari und optionalen rafting im K\u00f6pr\u00fcl\u00fc Canyon. Natur, Spa\u00df und Transfer zum hotel enthalten.<\/p>","protected":false},"featured_media":13232,"comment_status":"open","ping_status":"closed","template":"","meta":[],"product_brand":[],"product_cat":[],"product_tag":[],"class_list":{"0":"post-13819","1":"product","2":"type-product","3":"status-publish","4":"has-post-thumbnail","6":"tour_phys-tours","7":"pa_destination-belek","9":"first","10":"instock","11":"shipping-taxable","12":"purchasable","13":"product-type-tour_phys"},"_links":{"self":[{"href":"https:\/\/vetatourism.com\/de\/wp-json\/wp\/v2\/product\/13819","targetHints":{"allow":["GET"]}}],"collection":[{"href":"https:\/\/vetatourism.com\/de\/wp-json\/wp\/v2\/product"}],"about":[{"href":"https:\/\/vetatourism.com\/de\/wp-json\/wp\/v2\/types\/product"}],"replies":[{"embeddable":true,"href":"https:\/\/vetatourism.com\/de\/wp-json\/wp\/v2\/comments?post=13819"}],"wp:featuredmedia":[{"embeddable":true,"href":"https:\/\/vetatourism.com\/de\/wp-json\/wp\/v2\/media\/13232"}],"wp:attachment":[{"href":"https:\/\/vetatourism.com\/de\/wp-json\/wp\/v2\/media?parent=13819"}],"wp:term":[{"taxonomy":"product_brand","embeddable":true,"href":"https:\/\/vetatourism.com\/de\/wp-json\/wp\/v2\/product_brand?post=13819"},{"taxonomy":"product_cat","embeddable":true,"href":"https:\/\/vetatourism.com\/de\/wp-json\/wp\/v2\/product_cat?post=13819"},{"taxonomy":"product_tag","embeddable":true,"href":"https:\/\/vetatourism.com\/de\/wp-json\/wp\/v2\/product_tag?post=13819"}],"curies":[{"name":"wp","href":"https:\/\/api.w.org\/{rel}","templated":true}]}}