{"id":13222,"date":"2026-01-29T16:06:40","date_gmt":"2026-01-29T16:06:40","guid":{"rendered":"https:\/\/vetatourism.com\/?post_type=product&#038;p=13222"},"modified":"2026-04-09T08:56:00","modified_gmt":"2026-04-09T08:56:00","slug":"tazi-canyon-rafting-jeep-safari-tour-from-side","status":"publish","type":"product","link":"https:\/\/vetatourism.com\/tours\/tazi-canyon-rafting-jeep-safari-tour-from-side","title":{"rendered":"Taz\u0131 Canyon, Rafting &amp; Jeep Safari Tour Side"},"content":{"rendered":"<div data-start=\"1492\" data-end=\"1747\">\n<div data-start=\"5117\" data-end=\"5338\">Ihr Tag beginnt mit einer Abholung von Ihrem hotel in Side oder in der N\u00e4he von Regionen, gefolgt von einer malerischen und abenteuerlichen Jeep-Safari durch das Taurusgebirge. Genie\u00dfen Sie off-road-fahren und die herrliche Landschaft entlang der route.<\/div>\n<div data-start=\"5340\" data-end=\"5553\">Die tour, die erste kommt am K\u00f6pr\u00fcl\u00fc-Canyon, wo Sie k\u00f6nnen an einer optionalen rafting-Aktivit\u00e4t oder entspannen am Fluss. Professionelle Instruktoren Ausr\u00fcstung und Anleitung, was rafting geeignet, auch f\u00fcr Anf\u00e4nger.<\/div>\n<div data-start=\"5555\" data-end=\"5818\">Als N\u00e4chstes Reisen mit safari-jeep <strong data-start=\"5586\" data-end=\"5601\">Taz\u0131 Canyon<\/strong>eine von der region am meisten beeindruckende Nat\u00fcrliche Aussichtspunkte. Genie\u00dfen Sie die freie Zeit an der Spitze f\u00fcr Fotos und Entspannung, w\u00e4hrend Sie die dramatischen canyon-Landschaften. F\u00fcr Sicherheit Gr\u00fcnden, die Eingabe der canyon selbst ist nicht erlaubt.<\/div>\n<div data-start=\"5820\" data-end=\"6007\">Wenn rafting ausgew\u00e4hlt ist, kehren Sie zu der K\u00f6pr\u00fcl\u00fc Canyon f\u00fcr eine aufregende flussabenteuer mit schwimmen und Foto-Stopps. Beenden Sie den Tag mit einem leckeren riverside Mittagessen, bevor Sie zur\u00fcck zu Ihrem hotel.<\/div>\n<\/div>\n<p>&nbsp;<\/p>\n<hr \/>\n<p>&nbsp;<\/p>\n<div class=\"tour-content-what-included\">\n<h4 id=\"whats-included\">Was ist Enthalten<\/h4>\n<ul style=\"column-count: 2;\">\n<li>Abholung von hotels in Side &amp; Umland<\/li>\n<li>Jeep-Safari durch das Taurusgebirge<\/li>\n<li>Ankunft am K\u00f6pr\u00fcl\u00fc Canyon riverside base<\/li>\n<li>Optional rafting oder Freizeit durch den Fluss<\/li>\n<li>Jeep Fahrt zu Taz\u0131 Canyon viewpoint<\/li>\n<li>Freie Zeit f\u00fcr Fotos und Besichtigungen<\/li>\n<li>Rafting Erfahrung in der K\u00f6pr\u00fcl\u00fc-Schlucht (falls ausgew\u00e4hlt)<\/li>\n<li>Riverside Mittagessen<\/li>\n<li>R\u00fccktransfer zum hotel<\/li>\n<\/ul>\n<\/div>\n<p>&nbsp;<\/p>\n<hr \/>\n<p>&nbsp;<\/p>\n<div class=\"tour-content-add-information\">\n<h4>Weitere Informationen<\/h4>\n<ul>\n<li>Full-day tour<\/li>\n<li>Keine rafting-Erfahrung erforderlich<\/li>\n<li>Geeignet f\u00fcr Abenteuer-und Naturliebhaber<\/li>\n<li>Canyon Zugang ist beschr\u00e4nkt auf Standpunkte nur<\/li>\n<li>Tour-Programm kann je nach Wetter Bedingungen<\/li>\n<\/ul>\n<p>&nbsp;<\/p>\n<\/div>\n<hr \/>\n<p>&nbsp;<\/p>\n<div class=\"tour-content-cancell-policy\">\n<p><strong>Was Sie Mitbringen<\/strong><\/p>\n<ul style=\"column-count: 2;\">\n<li>Bequeme Kleidung und Schuhe\ud83d\udc5f<\/li>\n<li>Sonnencreme\ud83e\uddf4<\/li>\n<li>Badebekleidung und Handtuch<img decoding=\"async\" class=\"emoji\" role=\"img\" draggable=\"false\" src=\"https:\/\/s.w.org\/images\/core\/emoji\/17.0.2\/svg\/1fa71.svg\" alt=\"\ud83e\ude71\" \/><\/li>\n<li>Kamera oder smartphone\ud83d\udcf1<\/li>\n<li>Geld f\u00fcr extras <img decoding=\"async\" class=\"emoji\" role=\"img\" draggable=\"false\" src=\"https:\/\/s.w.org\/images\/core\/emoji\/17.0.2\/svg\/1f4b3.svg\" alt=\"\ud83d\udcb3\" \/><\/li>\n<\/ul>\n<\/div>","protected":false},"excerpt":{"rendered":"<p>Genie\u00dfen Sie einen ganzt\u00e4gigen Abenteuer von Side mit Taz\u0131 Canyon views, Jeep-Safari und optionalen rafting im K\u00f6pr\u00fcl\u00fc Canyon. Natur, Spa\u00df und Transfer zum hotel enthalten.<\/p>","protected":false},"featured_media":13232,"comment_status":"open","ping_status":"closed","template":"","meta":[],"product_brand":[],"product_cat":[],"product_tag":[],"class_list":{"0":"post-13222","1":"product","2":"type-product","3":"status-publish","4":"has-post-thumbnail","6":"tour_phys-tours","7":"pa_destination-side","9":"first","10":"instock","11":"shipping-taxable","12":"purchasable","13":"product-type-tour_phys"},"_links":{"self":[{"href":"https:\/\/vetatourism.com\/de\/wp-json\/wp\/v2\/product\/13222","targetHints":{"allow":["GET"]}}],"collection":[{"href":"https:\/\/vetatourism.com\/de\/wp-json\/wp\/v2\/product"}],"about":[{"href":"https:\/\/vetatourism.com\/de\/wp-json\/wp\/v2\/types\/product"}],"replies":[{"embeddable":true,"href":"https:\/\/vetatourism.com\/de\/wp-json\/wp\/v2\/comments?post=13222"}],"wp:featuredmedia":[{"embeddable":true,"href":"https:\/\/vetatourism.com\/de\/wp-json\/wp\/v2\/media\/13232"}],"wp:attachment":[{"href":"https:\/\/vetatourism.com\/de\/wp-json\/wp\/v2\/media?parent=13222"}],"wp:term":[{"taxonomy":"product_brand","embeddable":true,"href":"https:\/\/vetatourism.com\/de\/wp-json\/wp\/v2\/product_brand?post=13222"},{"taxonomy":"product_cat","embeddable":true,"href":"https:\/\/vetatourism.com\/de\/wp-json\/wp\/v2\/product_cat?post=13222"},{"taxonomy":"product_tag","embeddable":true,"href":"https:\/\/vetatourism.com\/de\/wp-json\/wp\/v2\/product_tag?post=13222"}],"curies":[{"name":"wp","href":"https:\/\/api.w.org\/{rel}","templated":true}]}}