{"id":13203,"date":"2026-01-29T16:05:23","date_gmt":"2026-01-29T16:05:23","guid":{"rendered":"https:\/\/vetatourism.com\/?post_type=product&#038;p=13203"},"modified":"2026-04-09T08:56:42","modified_gmt":"2026-04-09T08:56:42","slug":"rafting-tour-in-koprulu-canyon-from-belek-with-lunch","status":"publish","type":"product","link":"https:\/\/vetatourism.com\/tours\/rafting-tour-in-koprulu-canyon-from-belek-with-lunch","title":{"rendered":"Rafting-Tour im K\u00f6pr\u00fcl\u00fc Canyon Von Belek \u2014 Mit Mittagessen"},"content":{"rendered":"<div data-start=\"1492\" data-end=\"1747\">Ihr Abenteuer beginnt mit einer bequemen Abholung von Ihrem hotel in Belek oder in der N\u00e4he dieser Gebiete, gefolgt von einer malerischen Fahrt zum K\u00f6pr\u00fcl\u00fc Canyon. Bei der Ankunft im Basislager, erhalten Sie eine Sicherheitseinweisung und der Ausstattung mit Helmen, Rettungswesten und paddeln.<\/div>\n<div data-start=\"1749\" data-end=\"1943\">Legen Sie sich auf eine spannende rafting-Reise entlang einer 14-km-Strecke mit 10 spannenden Stromschnellen. Zwischen den Stromschnellen, genie\u00dfen Sie erfrischenden schwimmen im ruhigen Fluss-pools, umgeben von Bergen und \u00fcppiger Vegetation.<\/div>\n<div data-start=\"1945\" data-end=\"2194\">W\u00e4hrend der tour machen Sie eine Pause f\u00fcr optionale Getr\u00e4nke und Pfannkuchen, und stop bei einem Abenteuer-Bereich mit zipline und Tauchen Aktivit\u00e4ten (zus\u00e4tzliche Kosten). Genie\u00dfen Sie ein leckeres Mittagessen in einem restaurant am Flussufer, bevor Sie fortfahren, die rafting-route auf den Punkt fertig.<\/div>\n<div data-start=\"2196\" data-end=\"2323\">Am Ende der tour, Sie k\u00f6nnen sehen Sie Ihre rafting video, Fotos ansehen und entspannen Sie w\u00e4hrend der R\u00fcckfahrt zu Ihrem hotel zur\u00fcck.<\/div>\n<p>&nbsp;<\/p>\n<hr \/>\n<p>&nbsp;<\/p>\n<div class=\"tour-content-what-included\">\n<h4 id=\"whats-included\">Was ist Enthalten<\/h4>\n<ul style=\"column-count: 2;\">\n<li>Abholung von den hotels in Belek &amp; Umland<\/li>\n<li>Ankunft am K\u00f6pr\u00fcl\u00fc Canyon base camp<\/li>\n<li>Sicherheitseinweisung und Ausr\u00fcstung Verteilung<\/li>\n<li>Rafting auf einem 14-km-Strecke mit Badepausen<\/li>\n<li>Optional zipline und Aktivit\u00e4t zu stoppen<\/li>\n<li>Riverside Mittagessen<\/li>\n<li>Weiterhin rafting bis zum Endpunkt<\/li>\n<li>R\u00fccktransfer zum hotel<\/li>\n<\/ul>\n<\/div>\n<p>&nbsp;<\/p>\n<hr \/>\n<p>&nbsp;<\/p>\n<div class=\"tour-content-add-information\">\n<h4>Weitere Informationen<\/h4>\n<ul>\n<li>Flo\u00df Kapazit\u00e4t: 10-Personen-Fl\u00f6\u00dfe enthalten<\/li>\n<li>2-Personen-Flo\u00df verf\u00fcgbar f\u00fcr eine zus\u00e4tzliche Geb\u00fchr<\/li>\n<li>Keine rafting-Erfahrung erforderlich<\/li>\n<li>Geeignet f\u00fcr Familien und Abenteuerlustige<\/li>\n<li>Tour-Programm k\u00f6nnen variieren aufgrund Wetter Bedingungen<\/li>\n<\/ul>\n<p>&nbsp;<\/p>\n<\/div>\n<hr \/>\n<p>&nbsp;<\/p>\n<div class=\"tour-content-cancell-policy\">\n<p><strong>Was Sie Mitbringen<\/strong><\/p>\n<ul style=\"column-count: 2;\">\n<li>Bequeme Schuhe (die nass werden k\u00f6nnen)\ud83d\udc5f<\/li>\n<li>Sonnencreme\ud83e\uddf4<\/li>\n<li>Badebekleidung und Handtuch <img decoding=\"async\" class=\"emoji\" role=\"img\" draggable=\"false\" src=\"https:\/\/s.w.org\/images\/core\/emoji\/17.0.2\/svg\/1fa71.svg\" alt=\"\ud83e\ude71\" \/><\/li>\n<li>Extra Kleidung\ud83d\udc55<\/li>\n<li>Bargeld f\u00fcr optionale Aktivit\u00e4ten<img decoding=\"async\" class=\"emoji\" role=\"img\" draggable=\"false\" src=\"https:\/\/s.w.org\/images\/core\/emoji\/17.0.2\/svg\/1f4b3.svg\" alt=\"\ud83d\udcb3\" \/><\/li>\n<\/ul>\n<\/div>","protected":false},"excerpt":{"rendered":"<p>Join eine rafting-tour von Belek in der K\u00f6pr\u00fcl\u00fc Canyon. Paddel-10 Stromschnellen auf einen 14 km langen route, schwimmen, genie\u00dfen Sie ein Mittagessen und Hoteltransfers inkludiert.<\/p>","protected":false},"featured_media":13214,"comment_status":"open","ping_status":"closed","template":"","meta":[],"product_brand":[],"product_cat":[],"product_tag":[],"class_list":{"0":"post-13203","1":"product","2":"type-product","3":"status-publish","4":"has-post-thumbnail","6":"tour_phys-tours","7":"pa_destination-belek","9":"first","10":"instock","11":"shipping-taxable","12":"purchasable","13":"product-type-tour_phys"},"_links":{"self":[{"href":"https:\/\/vetatourism.com\/de\/wp-json\/wp\/v2\/product\/13203","targetHints":{"allow":["GET"]}}],"collection":[{"href":"https:\/\/vetatourism.com\/de\/wp-json\/wp\/v2\/product"}],"about":[{"href":"https:\/\/vetatourism.com\/de\/wp-json\/wp\/v2\/types\/product"}],"replies":[{"embeddable":true,"href":"https:\/\/vetatourism.com\/de\/wp-json\/wp\/v2\/comments?post=13203"}],"wp:featuredmedia":[{"embeddable":true,"href":"https:\/\/vetatourism.com\/de\/wp-json\/wp\/v2\/media\/13214"}],"wp:attachment":[{"href":"https:\/\/vetatourism.com\/de\/wp-json\/wp\/v2\/media?parent=13203"}],"wp:term":[{"taxonomy":"product_brand","embeddable":true,"href":"https:\/\/vetatourism.com\/de\/wp-json\/wp\/v2\/product_brand?post=13203"},{"taxonomy":"product_cat","embeddable":true,"href":"https:\/\/vetatourism.com\/de\/wp-json\/wp\/v2\/product_cat?post=13203"},{"taxonomy":"product_tag","embeddable":true,"href":"https:\/\/vetatourism.com\/de\/wp-json\/wp\/v2\/product_tag?post=13203"}],"curies":[{"name":"wp","href":"https:\/\/api.w.org\/{rel}","templated":true}]}}