{"id":13173,"date":"2026-01-29T15:41:54","date_gmt":"2026-01-29T15:41:54","guid":{"rendered":"https:\/\/vetatourism.com\/?post_type=product&#038;p=13173"},"modified":"2026-03-09T05:50:46","modified_gmt":"2026-03-09T05:50:46","slug":"demre-myra-kekova-tour-from-belek","status":"publish","type":"product","link":"https:\/\/vetatourism.com\/tours\/demre-myra-kekova-tour-from-belek","title":{"rendered":"Demre Myra Kekova Tour Von Belek"},"content":{"rendered":"<div data-start=\"1546\" data-end=\"1705\">Ihr Tag beginnt mit einer bequemen Abholung von Ihrem hotel in Belek oder in der N\u00e4he dieser Bereiche. Genie\u00dfen Sie eine malerische Fahrt entlang der K\u00fcste in Richtung der alten L\u00e4nder von Lykien.<\/div>\n<div data-start=\"1707\" data-end=\"1882\">Der erste stop ist <strong data-start=\"1725\" data-end=\"1733\">Myra<\/strong>eine der bedeutendsten Lykischen St\u00e4dte. Hier erkunden Sie die beeindruckende Felsengr\u00e4ber, geschnitzt in den Felsen und die \u00fcberreste einer gro\u00dfen Griechisch-r\u00f6mischen theater.<\/div>\n<div data-start=\"1884\" data-end=\"2088\">Weiter <strong data-start=\"1896\" data-end=\"1905\">Demre<\/strong> besuchen Sie die <strong data-start=\"1919\" data-end=\"1945\">Kirche St. Nikolaus<\/strong>erbaut \u00fcber der Grabst\u00e4tte der 4th-century saint who inspired the legend of Santa Claus. Erfahren Sie mehr \u00fcber sein Leben und seine geschichtliche Bedeutung.<\/div>\n<div data-start=\"2090\" data-end=\"2452\">Nach einem leckeren Mittagsessen, den Kopf zu <strong data-start=\"2129\" data-end=\"2147\">\u00c7aya\u011fz\u0131 Harbor<\/strong> und Vorstand ein eigenes aquarium Stil Glas-Boden-yacht. Kreuzfahrt in Richtung <strong data-start=\"2217\" data-end=\"2234\">Kekova Insel<\/strong> und bewundern Sie die geheimnisvollen Ruinen der <strong data-start=\"2274\" data-end=\"2289\">versunkene Stadt<\/strong>, teilweise unter Wasser nach einem antiken Erdbeben. Beobachten underwater bleibt durch die yacht Glasscheiben und genie\u00dfen Sie die Aussicht <strong data-start=\"2419\" data-end=\"2436\">Simena Burg<\/strong> auf der Bergkuppe.<\/div>\n<div data-start=\"2454\" data-end=\"2631\">Vor der R\u00fcckkehr, nehmen Sie ein erfrischendes Bad in den t\u00fcrkisfarbenen Gew\u00e4ssern des Mittelmeers. Schlie\u00dflich, entspannen Sie sich auf der Fahrt zur\u00fcck zu Ihrem hotel mit unvergesslichen Erinnerungen an Geschichte und Natur.<\/div>\n<p>&nbsp;<\/p>\n<hr \/>\n<p>&nbsp;<\/p>\n<div class=\"tour-content-what-included\">\n<h4 id=\"whats-included\">Was ist Enthalten<\/h4>\n<ul style=\"column-count: 2;\">\n<li>Abholung von den hotels in Belek &amp; Umland<\/li>\n<li>Malerische Fahrt nach Myra<\/li>\n<li>Besuchen Myra Felsengr\u00e4ber und das r\u00f6mische theater<\/li>\n<li>Demre \u2013 Kirche St. Nikolaus<\/li>\n<li>Mittagessen in einem lokalen restaurant<\/li>\n<li>Glas-Boden-yacht-Kreuzfahrt von \u00c7aya\u011fz\u0131<\/li>\n<li>Kekova Sunken City sightseeing<\/li>\n<li>Badepause<\/li>\n<li>R\u00fccktransfer zum hotel<\/li>\n<\/ul>\n<\/div>\n<p>&nbsp;<\/p>\n<hr \/>\n<p>&nbsp;<\/p>\n<div class=\"tour-content-add-information\">\n<h4>Weitere Informationen<\/h4>\n<ul>\n<li>Full-day tour<\/li>\n<li>Yacht-Kreuzfahrt-Dauer: ca. 2,5 Stunden<\/li>\n<li>Schwimmen h\u00e4ngt auf Wetter Bedingungen<\/li>\n<li>Moderate walking beteiligten an historischen St\u00e4tten<\/li>\n<\/ul>\n<p>&nbsp;<\/p>\n<\/div>\n<hr \/>\n<p>&nbsp;<\/p>\n<div class=\"tour-content-cancell-policy\">\n<p><strong>Was Sie Mitbringen<\/strong><\/p>\n<ul style=\"column-count: 2;\">\n<li>Bequeme Schuhe\ud83d\udc5f<\/li>\n<li>Sonnencreme und Hut<img decoding=\"async\" class=\"emoji\" role=\"img\" draggable=\"false\" src=\"https:\/\/s.w.org\/images\/core\/emoji\/17.0.2\/svg\/1f9e2.svg\" alt=\"\ud83e\udde2\" \/><\/li>\n<li>Badebekleidung und Handtuch <img decoding=\"async\" class=\"emoji\" role=\"img\" draggable=\"false\" src=\"https:\/\/s.w.org\/images\/core\/emoji\/17.0.2\/svg\/1fa71.svg\" alt=\"\ud83e\ude71\" \/><\/li>\n<li>Kamera oder smartphone \ud83d\udcf1<\/li>\n<li>Geld f\u00fcr den Eintritt und die Getr\u00e4nke<img decoding=\"async\" class=\"emoji\" role=\"img\" draggable=\"false\" src=\"https:\/\/s.w.org\/images\/core\/emoji\/17.0.2\/svg\/1f4b3.svg\" alt=\"\ud83d\udcb3\" \/><\/li>\n<\/ul>\n<\/div>","protected":false},"excerpt":{"rendered":"<p>Erkunden Kekova Versunkene Stadt, Myra Ruinen und St.-Nikolaus-Kirche auf einem Tagesausflug von Belek. Genie\u00dfen Sie ein Glas-Boden-yacht-Kreuzfahrt, schwimmen und Mittagessen.<\/p>","protected":false},"featured_media":13180,"comment_status":"open","ping_status":"closed","template":"","meta":[],"product_brand":[],"product_cat":[15],"product_tag":[],"class_list":{"0":"post-13173","1":"product","2":"type-product","3":"status-publish","4":"has-post-thumbnail","6":"tour_phys-tours","7":"product_cat-non-classe","8":"pa_destination-belek","10":"first","11":"instock","12":"sale","13":"shipping-taxable","14":"purchasable","15":"product-type-tour_phys"},"_links":{"self":[{"href":"https:\/\/vetatourism.com\/de\/wp-json\/wp\/v2\/product\/13173","targetHints":{"allow":["GET"]}}],"collection":[{"href":"https:\/\/vetatourism.com\/de\/wp-json\/wp\/v2\/product"}],"about":[{"href":"https:\/\/vetatourism.com\/de\/wp-json\/wp\/v2\/types\/product"}],"replies":[{"embeddable":true,"href":"https:\/\/vetatourism.com\/de\/wp-json\/wp\/v2\/comments?post=13173"}],"wp:featuredmedia":[{"embeddable":true,"href":"https:\/\/vetatourism.com\/de\/wp-json\/wp\/v2\/media\/13180"}],"wp:attachment":[{"href":"https:\/\/vetatourism.com\/de\/wp-json\/wp\/v2\/media?parent=13173"}],"wp:term":[{"taxonomy":"product_brand","embeddable":true,"href":"https:\/\/vetatourism.com\/de\/wp-json\/wp\/v2\/product_brand?post=13173"},{"taxonomy":"product_cat","embeddable":true,"href":"https:\/\/vetatourism.com\/de\/wp-json\/wp\/v2\/product_cat?post=13173"},{"taxonomy":"product_tag","embeddable":true,"href":"https:\/\/vetatourism.com\/de\/wp-json\/wp\/v2\/product_tag?post=13173"}],"curies":[{"name":"wp","href":"https:\/\/api.w.org\/{rel}","templated":true}]}}