{"id":13151,"date":"2026-01-29T15:18:25","date_gmt":"2026-01-29T15:18:25","guid":{"rendered":"https:\/\/vetatourism.com\/?post_type=product&#038;p=13151"},"modified":"2026-03-09T05:50:56","modified_gmt":"2026-03-09T05:50:56","slug":"pamukkale-hierapolis-tour-from-belek-side","status":"publish","type":"product","link":"https:\/\/vetatourism.com\/tours\/pamukkale-hierapolis-tour-from-belek-side","title":{"rendered":"Pamukkale &amp; Hierapolis Tour von Belek Side"},"content":{"rendered":"<div data-start=\"4679\" data-end=\"4853\">Beginnen Sie Ihren Tag mit einer fr\u00fchen Abholung von Ihrem hotel in Side oder den umliegenden Regionen. Entspannen Sie w\u00e4hrend der malerischen Fahrt nach Pamukkale, vorbei durch die malerische Landschaft Landschaften.<\/div>\n<div data-start=\"4855\" data-end=\"5065\">Nach dem Genuss ein open-buffet-Mittagessen, Ankunft in <strong data-start=\"4902\" data-end=\"4915\">Pamukkale<\/strong> und erkunden Sie die ber\u00fchmten wei\u00dfen Travertin-Terrassen gebildet, die von flie\u00dfendem Wasser. Barfu\u00df auf dem mineral-Reich pools und nehmen Sie unvergessliche Fotos.<\/div>\n<div data-start=\"5067\" data-end=\"5273\">Weiter zu der antiken Stadt <strong data-start=\"5099\" data-end=\"5113\">Hierapolis<\/strong>sobald ein renommiertes Thermalbad der Stadt. Besuchen Sie die beeindruckenden r\u00f6mischen theater, alte B\u00e4der, Tempel und die agora, w\u00e4hrend Ihr guide teilt Geschichten \u00fcber Ihre reiche Geschichte.<\/div>\n<div data-start=\"5275\" data-end=\"5468\">Genie\u00dfen Sie freie Zeit zum entspannen oder schwimmen in den Thermalbecken. Wenn Sie m\u00f6chten, k\u00f6nnen Sie auch besuchen <strong data-start=\"5362\" data-end=\"5382\">Cleopatra ' s Pool<\/strong> f\u00fcr eine zus\u00e4tzliche Geb\u00fchr. Beenden Sie Ihren Tag mit einem bequemen R\u00fccktransfer zu Ihrem hotel.<\/div>\n<p>&nbsp;<\/p>\n<hr \/>\n<p>&nbsp;<\/p>\n<div class=\"tour-content-what-included\">\n<h4 id=\"whats-included\">Was ist Enthalten<\/h4>\n<ul style=\"column-count: 2;\">\n<li>Abholung von hotels in Side &amp; Umland<\/li>\n<li>Malerische Fahrt nach Pamukkale<\/li>\n<li>Pause zum Mittagessen (offenes buffet)<\/li>\n<li>Besuchen Sie Pamukkale travertine<\/li>\n<li>Gef\u00fchrte Besichtigung von Hierapolis<\/li>\n<li>Freie Zeit zum schwimmen und entspannen<\/li>\n<li>Optional Cleopatra ' s Pool besuchen<\/li>\n<li>R\u00fccktransfer zum hotel<\/li>\n<\/ul>\n<\/div>\n<p>&nbsp;<\/p>\n<hr \/>\n<p>&nbsp;<\/p>\n<div class=\"tour-content-add-information\">\n<h4>Weitere Informationen<\/h4>\n<ul>\n<li>Full-day tour<\/li>\n<li>Moderate walking beteiligten<\/li>\n<li>Bequeme Schuhe empfohlen<\/li>\n<li>Schwimmen h\u00e4ngt auf Wetter Bedingungen<\/li>\n<\/ul>\n<p>&nbsp;<\/p>\n<\/div>\n<hr \/>\n<p>&nbsp;<\/p>\n<div class=\"tour-content-cancell-policy\">\n<p><strong>Was Sie Mitbringen<\/strong><\/p>\n<ul style=\"column-count: 2;\">\n<li>Bequeme Schuhe\ud83d\udc5f<\/li>\n<li>Sonnencreme und Hut<img decoding=\"async\" class=\"emoji\" role=\"img\" draggable=\"false\" src=\"https:\/\/s.w.org\/images\/core\/emoji\/17.0.2\/svg\/1f9e2.svg\" alt=\"\ud83e\udde2\" \/><\/li>\n<li>Badebekleidung und Handtuch <img decoding=\"async\" class=\"emoji\" role=\"img\" draggable=\"false\" src=\"https:\/\/s.w.org\/images\/core\/emoji\/17.0.2\/svg\/1fa71.svg\" alt=\"\ud83e\ude71\" \/><\/li>\n<li>Kamera oder smartphone \ud83d\udcf1<\/li>\n<li>Bargeld f\u00fcr pers\u00f6nliche Ausgaben <img decoding=\"async\" class=\"emoji\" role=\"img\" draggable=\"false\" src=\"https:\/\/s.w.org\/images\/core\/emoji\/17.0.2\/svg\/1f4b3.svg\" alt=\"\ud83d\udcb3\" \/><\/li>\n<\/ul>\n<\/div>","protected":false},"excerpt":{"rendered":"<p>Entdecken Sie Pamukkale und Hierapolis auf einer ganzt\u00e4gigen tour von Side. Gehen wei\u00dfe Travertin, erkunden Sie Antike Ruinen, schwimmen in den Thermalb\u00e4dern und genie\u00dfen Sie ein Mittagessen.<\/p>","protected":false},"featured_media":13153,"comment_status":"open","ping_status":"closed","template":"","meta":[],"product_brand":[],"product_cat":[15],"product_tag":[],"class_list":{"0":"post-13151","1":"product","2":"type-product","3":"status-publish","4":"has-post-thumbnail","6":"tour_phys-tours","7":"product_cat-non-classe","8":"pa_destination-belek","10":"first","11":"instock","12":"sale","13":"shipping-taxable","14":"purchasable","15":"product-type-tour_phys"},"_links":{"self":[{"href":"https:\/\/vetatourism.com\/de\/wp-json\/wp\/v2\/product\/13151","targetHints":{"allow":["GET"]}}],"collection":[{"href":"https:\/\/vetatourism.com\/de\/wp-json\/wp\/v2\/product"}],"about":[{"href":"https:\/\/vetatourism.com\/de\/wp-json\/wp\/v2\/types\/product"}],"replies":[{"embeddable":true,"href":"https:\/\/vetatourism.com\/de\/wp-json\/wp\/v2\/comments?post=13151"}],"wp:featuredmedia":[{"embeddable":true,"href":"https:\/\/vetatourism.com\/de\/wp-json\/wp\/v2\/media\/13153"}],"wp:attachment":[{"href":"https:\/\/vetatourism.com\/de\/wp-json\/wp\/v2\/media?parent=13151"}],"wp:term":[{"taxonomy":"product_brand","embeddable":true,"href":"https:\/\/vetatourism.com\/de\/wp-json\/wp\/v2\/product_brand?post=13151"},{"taxonomy":"product_cat","embeddable":true,"href":"https:\/\/vetatourism.com\/de\/wp-json\/wp\/v2\/product_cat?post=13151"},{"taxonomy":"product_tag","embeddable":true,"href":"https:\/\/vetatourism.com\/de\/wp-json\/wp\/v2\/product_tag?post=13151"}],"curies":[{"name":"wp","href":"https:\/\/api.w.org\/{rel}","templated":true}]}}