{"id":13134,"date":"2026-01-29T15:10:29","date_gmt":"2026-01-29T15:10:29","guid":{"rendered":"https:\/\/vetatourism.com\/?post_type=product&#038;p=13134"},"modified":"2026-03-09T05:51:02","modified_gmt":"2026-03-09T05:51:02","slug":"antalya-city-tour-from-belek-old-town-waterfalls","status":"publish","type":"product","link":"https:\/\/vetatourism.com\/tours\/antalya-city-tour-from-belek-old-town-waterfalls","title":{"rendered":"Antalya Stadt Tour Von Belek \u2013 Altstadt &amp; Wasserf\u00e4lle"},"content":{"rendered":"<div data-start=\"1452\" data-end=\"1785\">Ihr Tag beginnt mit einer bequemen Abholung von Ihrem hotel in Belek oder in der N\u00e4he dieser Bereiche. Reisen in das Stadtzentrum von Antalya zu erkunden <strong data-start=\"1577\" data-end=\"1597\">Kalei\u00e7i Old Town<\/strong>wo Geschichte lebendig wird zwischen r\u00f6mischen, Seldschukischen und osmanischen Sehensw\u00fcrdigkeiten. Spaziergang durch den Hadrian ' s Gate, bewundern Sie die Yivli-Minarett und Uhrturm, und genie\u00dfen Sie freie Zeit zum erkunden Gesch\u00e4ften oder caf\u00e9s.<\/div>\n<div data-start=\"1787\" data-end=\"1976\">Als N\u00e4chstes Kopf auf die historische <strong data-start=\"1814\" data-end=\"1828\">Old Harbor<\/strong> und genie\u00dfen Sie eine entspannende 1-st\u00fcndige sightseeing-Bootsfahrt entlang Antalya die atemberaubenden K\u00fcste, mit herrlicher Aussicht auf die Klippen und das Mittelmeer.<\/div>\n<div data-start=\"1978\" data-end=\"2241\">Nach der Kreuzfahrt genie\u00dfen Sie ein k\u00f6stliches <strong data-start=\"2014\" data-end=\"2043\">traditionelles T\u00fcrkisches Mittagessen<\/strong> in einem lokalen restaurant. Fortsetzung der tour mit der Besichtigung von <strong data-start=\"2100\" data-end=\"2126\">Obere D\u00fcden Wasserf\u00e4lle<\/strong>umgeben von viel gr\u00fcn und H\u00f6hlen, und <strong data-start=\"2166\" data-end=\"2192\">Untere D\u00fcden Wasserf\u00e4lle<\/strong>,, wo das Wasser die Kaskaden dramatisch ins Meer.<\/div>\n<div data-start=\"2243\" data-end=\"2408\">Vor der R\u00fcckkehr, halten an einer lokalen <strong data-start=\"2277\" data-end=\"2301\">Silberschmied Werkstatt<\/strong> um zu sehen, traditionelle Handarbeit Silber Schmuck. Beenden Sie den Tag mit einem bequemen transfer zur\u00fcck zu Ihrem hotel.<\/div>\n<p>&nbsp;<\/p>\n<hr \/>\n<p>&nbsp;<\/p>\n<div class=\"tour-content-what-included\">\n<h4 id=\"whats-included\">Was ist Enthalten<\/h4>\n<ul style=\"column-count: 2;\">\n<li>Abholung von den hotels in Belek &amp; Umland<\/li>\n<li>Kalei\u00e7i Old Town sightseeing und Freizeit<\/li>\n<li>Bootsfahrt von Antalya Alter Hafen (1 Stunde)<\/li>\n<li>Mittagessen in einem lokalen restaurant<\/li>\n<li>Besuchen Oberen D\u00fcden Wasserf\u00e4lle<\/li>\n<li>Besuchen Sie Untere D\u00fcden Wasserf\u00e4lle<\/li>\n<li>Silberschmied besuchen<\/li>\n<li>R\u00fccktransfer zum hotel<\/li>\n<\/ul>\n<\/div>\n<p>&nbsp;<\/p>\n<hr \/>\n<p>&nbsp;<\/p>\n<div class=\"tour-content-add-information\">\n<h4>Weitere Informationen<\/h4>\n<ul>\n<li>Full-day city tour<\/li>\n<li>Moderate walking beteiligten<\/li>\n<li>Bootsfahrt, je nach Wetter Bedingungen<\/li>\n<li>Bequeme Schuhe empfohlen<\/li>\n<\/ul>\n<p>&nbsp;<\/p>\n<\/div>\n<hr \/>\n<p>&nbsp;<\/p>\n<div class=\"tour-content-cancell-policy\">\n<p><strong>Was Sie Mitbringen<\/strong><\/p>\n<ul style=\"column-count: 2;\">\n<li>Bequeme Schuhe \ud83d\udc5f<\/li>\n<li>Sonnencreme und Hut\ud83e\udde2<\/li>\n<li>Kamera oder smartphone \ud83d\udcf1<\/li>\n<li>Bargeld f\u00fcr pers\u00f6nliche Ausgaben <img decoding=\"async\" class=\"emoji\" role=\"img\" draggable=\"false\" src=\"https:\/\/s.w.org\/images\/core\/emoji\/17.0.2\/svg\/1f4b3.svg\" alt=\"\ud83d\udcb3\" \/><\/li>\n<\/ul>\n<\/div>","protected":false},"excerpt":{"rendered":"<p>Erkunden Sie Antalya auf einer ganzt\u00e4gigen tour von Belek, mit Altstadt, Bootsfahrt, Oberen und Unteren D\u00fcden-Wasserf\u00e4llen und Mittagessen inbegriffen. Entdecken Sie Natur und Geschichte.<\/p>","protected":false},"featured_media":13144,"comment_status":"open","ping_status":"closed","template":"","meta":[],"product_brand":[],"product_cat":[15],"product_tag":[],"class_list":{"0":"post-13134","1":"product","2":"type-product","3":"status-publish","4":"has-post-thumbnail","6":"tour_phys-tours","7":"product_cat-non-classe","8":"pa_destination-belek","10":"first","11":"instock","12":"sale","13":"shipping-taxable","14":"purchasable","15":"product-type-tour_phys"},"_links":{"self":[{"href":"https:\/\/vetatourism.com\/de\/wp-json\/wp\/v2\/product\/13134","targetHints":{"allow":["GET"]}}],"collection":[{"href":"https:\/\/vetatourism.com\/de\/wp-json\/wp\/v2\/product"}],"about":[{"href":"https:\/\/vetatourism.com\/de\/wp-json\/wp\/v2\/types\/product"}],"replies":[{"embeddable":true,"href":"https:\/\/vetatourism.com\/de\/wp-json\/wp\/v2\/comments?post=13134"}],"wp:featuredmedia":[{"embeddable":true,"href":"https:\/\/vetatourism.com\/de\/wp-json\/wp\/v2\/media\/13144"}],"wp:attachment":[{"href":"https:\/\/vetatourism.com\/de\/wp-json\/wp\/v2\/media?parent=13134"}],"wp:term":[{"taxonomy":"product_brand","embeddable":true,"href":"https:\/\/vetatourism.com\/de\/wp-json\/wp\/v2\/product_brand?post=13134"},{"taxonomy":"product_cat","embeddable":true,"href":"https:\/\/vetatourism.com\/de\/wp-json\/wp\/v2\/product_cat?post=13134"},{"taxonomy":"product_tag","embeddable":true,"href":"https:\/\/vetatourism.com\/de\/wp-json\/wp\/v2\/product_tag?post=13134"}],"curies":[{"name":"wp","href":"https:\/\/api.w.org\/{rel}","templated":true}]}}