{"id":13125,"date":"2026-01-29T15:00:45","date_gmt":"2026-01-29T15:00:45","guid":{"rendered":"https:\/\/vetatourism.com\/?post_type=product&#038;p=13125"},"modified":"2026-02-04T16:14:29","modified_gmt":"2026-02-04T16:14:29","slug":"antalya-city-tour-from-side-old-town-waterfalls","status":"publish","type":"product","link":"https:\/\/vetatourism.com\/tours\/antalya-city-tour-from-side-old-town-waterfalls","title":{"rendered":"Antalya Tour Von Side \u2013 Altstadt &amp; Wasserf\u00e4lle"},"content":{"rendered":"<div data-start=\"4577\" data-end=\"4859\">Ihr Tag beginnt mit einer Abholung von Ihrem hotel in Side oder den umliegenden Regionen. Ankunft in Antalya und erkunden <strong data-start=\"4680\" data-end=\"4700\">Kalei\u00e7i Old Town<\/strong>zu Fu\u00df durch die historischen Gassen und Sehensw\u00fcrdigkeiten wie dem Hadrianstor, Yivli-Minarett und Uhrturm. Genie\u00dfen Sie freie Zeit zum erkunden Sie Gesch\u00e4fte, Museen oder caf\u00e9s.<\/div>\n<div data-start=\"4861\" data-end=\"5056\">Weiterhin die <strong data-start=\"4877\" data-end=\"4891\">Old Harbor<\/strong> f\u00fcr eine entspannende 1-st\u00fcndige Bootstour mit Panoramablick auf der Antalya K\u00fcste und Klippen. Nach der Kreuzfahrt, genie\u00dfen Sie ein leckeres <strong data-start=\"5016\" data-end=\"5033\">T\u00fcrkisches Mittagessen<\/strong> in einem lokalen restaurant.<\/div>\n<div data-start=\"5058\" data-end=\"5310\">Am Nachmittag besuchen <strong data-start=\"5082\" data-end=\"5108\">Obere D\u00fcden Wasserf\u00e4lle<\/strong>, versteckt zwischen viel gr\u00fcn, gefolgt von <strong data-start=\"5145\" data-end=\"5171\">Untere D\u00fcden Wasserf\u00e4lle<\/strong>,, wo Wasser drastisch das Meer trifft. Vor der R\u00fcckkehr, halten an einer lokalen <strong data-start=\"5247\" data-end=\"5262\">Silberschmied<\/strong> um zu sehen, traditionelle handcrafted Silber-Produkte.<\/div>\n<div data-start=\"5312\" data-end=\"5406\">Beenden Sie den Tag mit einem bequemen transfer zu Ihrem hotel zur\u00fcck, gef\u00fcllt mit unvergesslichen Erlebnissen.<\/div>\n<p>&nbsp;<\/p>\n<hr \/>\n<p>&nbsp;<\/p>\n<div class=\"tour-content-what-included\">\n<h4 id=\"whats-included\">Was ist Enthalten<\/h4>\n<ul style=\"column-count: 2;\">\n<li>Abholung von hotels in Side &amp; Umland<\/li>\n<li>Kalei\u00e7i Old Town sightseeing und Freizeit<\/li>\n<li>Bootsfahrt von Antalya Alter Hafen (1 Stunde)<\/li>\n<li>Mittagessen in einem lokalen restaurant<\/li>\n<li>Besuchen Oberen D\u00fcden Wasserf\u00e4lle<\/li>\n<li>Besuchen Sie Untere D\u00fcden Wasserf\u00e4lle<\/li>\n<li>Silberschmied besuchen<\/li>\n<li>R\u00fccktransfer zum hotel<\/li>\n<\/ul>\n<\/div>\n<p>&nbsp;<\/p>\n<hr \/>\n<p>&nbsp;<\/p>\n<div class=\"tour-content-add-information\">\n<h4>Weitere Informationen<\/h4>\n<ul>\n<li>Full-day city tour<\/li>\n<li>Moderate walking beteiligten<\/li>\n<li>Bootsfahrt, je nach Wetter Bedingungen<\/li>\n<li>Bequeme Schuhe empfohlen<\/li>\n<\/ul>\n<p>&nbsp;<\/p>\n<\/div>\n<hr \/>\n<p>&nbsp;<\/p>\n<div class=\"tour-content-cancell-policy\">\n<p><strong>Was Sie Mitbringen<\/strong><\/p>\n<ul style=\"column-count: 2;\">\n<li>Bequeme Schuhe\ud83d\udc5f<\/li>\n<li>Kamera oder smartphone\ud83d\udcf1<\/li>\n<li>Sonnencreme und Hut\ud83e\uddf4<\/li>\n<li>Bargeld f\u00fcr pers\u00f6nliche Ausgaben <img decoding=\"async\" class=\"emoji\" role=\"img\" draggable=\"false\" src=\"https:\/\/s.w.org\/images\/core\/emoji\/17.0.2\/svg\/1f4b3.svg\" alt=\"\ud83d\udcb3\" \/><\/li>\n<\/ul>\n<\/div>","protected":false},"excerpt":{"rendered":"<p>Entdecken Sie Antalya auf einer ganzt\u00e4gigen tour von Side mit Altstadt, Bootsfahrt, Oberen und Unteren D\u00fcden-Wasserf\u00e4llen und Mittagessen inbegriffen. Geschichte, Meer und Natur.<\/p>","protected":false},"featured_media":13127,"comment_status":"open","ping_status":"closed","template":"","meta":[],"product_brand":[],"product_cat":[129],"product_tag":[],"class_list":{"0":"post-13125","1":"product","2":"type-product","3":"status-publish","4":"has-post-thumbnail","6":"tour_phys-tours","7":"product_cat-uncategorized","8":"pa_destination-side","10":"first","11":"instock","12":"sale","13":"shipping-taxable","14":"purchasable","15":"product-type-tour_phys"},"_links":{"self":[{"href":"https:\/\/vetatourism.com\/de\/wp-json\/wp\/v2\/product\/13125","targetHints":{"allow":["GET"]}}],"collection":[{"href":"https:\/\/vetatourism.com\/de\/wp-json\/wp\/v2\/product"}],"about":[{"href":"https:\/\/vetatourism.com\/de\/wp-json\/wp\/v2\/types\/product"}],"replies":[{"embeddable":true,"href":"https:\/\/vetatourism.com\/de\/wp-json\/wp\/v2\/comments?post=13125"}],"wp:featuredmedia":[{"embeddable":true,"href":"https:\/\/vetatourism.com\/de\/wp-json\/wp\/v2\/media\/13127"}],"wp:attachment":[{"href":"https:\/\/vetatourism.com\/de\/wp-json\/wp\/v2\/media?parent=13125"}],"wp:term":[{"taxonomy":"product_brand","embeddable":true,"href":"https:\/\/vetatourism.com\/de\/wp-json\/wp\/v2\/product_brand?post=13125"},{"taxonomy":"product_cat","embeddable":true,"href":"https:\/\/vetatourism.com\/de\/wp-json\/wp\/v2\/product_cat?post=13125"},{"taxonomy":"product_tag","embeddable":true,"href":"https:\/\/vetatourism.com\/de\/wp-json\/wp\/v2\/product_tag?post=13125"}],"curies":[{"name":"wp","href":"https:\/\/api.w.org\/{rel}","templated":true}]}}