{"id":13108,"date":"2026-01-29T14:48:00","date_gmt":"2026-01-29T14:48:00","guid":{"rendered":"https:\/\/vetatourism.com\/?post_type=product&#038;p=13108"},"modified":"2026-03-09T05:51:10","modified_gmt":"2026-03-09T05:51:10","slug":"relax-vip-yacht-tour-from-belek-small-group","status":"publish","type":"product","link":"https:\/\/vetatourism.com\/tours\/relax-vip-yacht-tour-from-belek-small-group","title":{"rendered":"Entspannen VIP Yacht Tour von Belek \u2013 Kleine Gruppe"},"content":{"rendered":"<div data-start=\"1609\" data-end=\"1828\">Ihre erholsamen Tag beginnt mit einer bequemen Abholung von Ihrem hotel in Belek oder in der N\u00e4he dieser Gebiete, gefolgt von einem transfer nach Kemer Marina. Schritt an Bord der <strong data-start=\"1758\" data-end=\"1777\">Entspannen VIP Yacht<\/strong>speziell f\u00fcr den Frieden, Komfort und Luxus.<\/div>\n<div data-start=\"1830\" data-end=\"2128\">Mit keine \u00fcberf\u00fcllten decks oder laute Unterhaltung, Sie k\u00f6nnen sich wirklich entspannen. Jeder Gast hat ein eigenes Solarium, so dass Sie sich entspannen und genie\u00dfen Sie den Panoramablick von Kemer ist T\u00fcrkis-K\u00fcste. Die yacht Ankern in ruhigen Buchten, wo man schwimmen im kristallklaren Wasser oder genie\u00dfen Sie einfach die sanfte Brise des Meeres.<\/div>\n<div data-start=\"2130\" data-end=\"2353\">W\u00e4hrend der Kreuzfahrt genie\u00dfen Sie ein frisch zubereitetes Mittagessen, gekocht von der onboard-chef mit hochwertigen Zutaten. Leise Musik im hintergrund und eine ruhige Atmosph\u00e4re schaffen die perfekte Einstellung zu aufladen, und entkommen Sie dem allt\u00e4glichen stress.<\/div>\n<div data-start=\"2355\" data-end=\"2487\">Nach einem Tag beim schwimmen, Sonnenbaden und Entspannung pur, zur\u00fcck zu Kemer Marina und genie\u00dfen Sie einen bequemen transfer zur\u00fcck zu Ihrem hotel.<\/div>\n<p>&nbsp;<\/p>\n<hr \/>\n<p>&nbsp;<\/p>\n<div class=\"tour-content-what-included\">\n<h4 id=\"whats-included\">Was ist Enthalten<\/h4>\n<ul style=\"column-count: 2;\">\n<li>Abholung von den hotels in Belek &amp; Umland<\/li>\n<li>Transfer nach Kemer Marina<\/li>\n<li>Entspannen VIP yacht cruise beginnt<\/li>\n<li>Schwimmen h\u00e4lt in einsamen Buchten<\/li>\n<li>Mittagessen werden an Bord serviert<\/li>\n<li>Freizeit zum Sonnenbaden und entspannen<\/li>\n<li>Zur\u00fcck zur marina und hotel<\/li>\n<\/ul>\n<\/div>\n<p>&nbsp;<\/p>\n<hr \/>\n<p>&nbsp;<\/p>\n<div class=\"tour-content-add-information\">\n<h4>Weitere Informationen<\/h4>\n<ul>\n<li>Begrenzte Kapazit\u00e4t: maximal 25 G\u00e4ste<\/li>\n<li>Jeder Gast hat ein eigenes Solarium<\/li>\n<li>Keine laute Musik oder party-Atmosph\u00e4re<\/li>\n<li>Kleinkinder sitzen auf Runden (kein eigener Sitzplatz)<\/li>\n<li>Nicht barrierefrei<\/li>\n<\/ul>\n<p>&nbsp;<\/p>\n<\/div>\n<hr \/>\n<p>&nbsp;<\/p>\n<div class=\"tour-content-cancell-policy\">\n<p><strong>Was Sie Mitbringen<\/strong><\/p>\n<ul style=\"column-count: 2;\">\n<li>Sonnenbrillen<img decoding=\"async\" class=\"emoji\" role=\"img\" draggable=\"false\" src=\"https:\/\/s.w.org\/images\/core\/emoji\/17.0.2\/svg\/1f576.svg\" alt=\"\ud83d\udd76\ufe0f\" \/><\/li>\n<li>Sonnencreme\ud83e\uddf4<\/li>\n<li>Badebekleidung und Handtuch <img decoding=\"async\" class=\"emoji\" role=\"img\" draggable=\"false\" src=\"https:\/\/s.w.org\/images\/core\/emoji\/17.0.2\/svg\/1fa71.svg\" alt=\"\ud83e\ude71\" \/><\/li>\n<li>Bargeld f\u00fcr pers\u00f6nliche Ausgaben <img decoding=\"async\" class=\"emoji\" role=\"img\" draggable=\"false\" src=\"https:\/\/s.w.org\/images\/core\/emoji\/17.0.2\/svg\/1f4b3.svg\" alt=\"\ud83d\udcb3\" \/><\/li>\n<\/ul>\n<\/div>","protected":false},"excerpt":{"rendered":"<p>Genie\u00dfen Sie einen Relax-VIP yacht tour von Belek in Kemer. Baden in versteckten Buchten entspannen Sie auf der privaten Sonnenliegen und genie\u00dfen Sie einen Luxus-Mittagessen mit dem Transfer zum hotel.<\/p>","protected":false},"featured_media":13117,"comment_status":"open","ping_status":"closed","template":"","meta":[],"product_brand":[],"product_cat":[15],"product_tag":[],"class_list":{"0":"post-13108","1":"product","2":"type-product","3":"status-publish","4":"has-post-thumbnail","6":"tour_phys-tours","7":"product_cat-non-classe","8":"pa_destination-belek","10":"first","11":"instock","12":"sale","13":"shipping-taxable","14":"purchasable","15":"product-type-tour_phys"},"_links":{"self":[{"href":"https:\/\/vetatourism.com\/de\/wp-json\/wp\/v2\/product\/13108","targetHints":{"allow":["GET"]}}],"collection":[{"href":"https:\/\/vetatourism.com\/de\/wp-json\/wp\/v2\/product"}],"about":[{"href":"https:\/\/vetatourism.com\/de\/wp-json\/wp\/v2\/types\/product"}],"replies":[{"embeddable":true,"href":"https:\/\/vetatourism.com\/de\/wp-json\/wp\/v2\/comments?post=13108"}],"wp:featuredmedia":[{"embeddable":true,"href":"https:\/\/vetatourism.com\/de\/wp-json\/wp\/v2\/media\/13117"}],"wp:attachment":[{"href":"https:\/\/vetatourism.com\/de\/wp-json\/wp\/v2\/media?parent=13108"}],"wp:term":[{"taxonomy":"product_brand","embeddable":true,"href":"https:\/\/vetatourism.com\/de\/wp-json\/wp\/v2\/product_brand?post=13108"},{"taxonomy":"product_cat","embeddable":true,"href":"https:\/\/vetatourism.com\/de\/wp-json\/wp\/v2\/product_cat?post=13108"},{"taxonomy":"product_tag","embeddable":true,"href":"https:\/\/vetatourism.com\/de\/wp-json\/wp\/v2\/product_tag?post=13108"}],"curies":[{"name":"wp","href":"https:\/\/api.w.org\/{rel}","templated":true}]}}