{"id":13063,"date":"2026-01-29T10:06:54","date_gmt":"2026-01-29T10:06:54","guid":{"rendered":"https:\/\/vetatourism.com\/?post_type=product&#038;p=13063"},"modified":"2026-03-09T05:52:13","modified_gmt":"2026-03-09T05:52:13","slug":"porto-genoese-boat-trip-from-belek-blue-lagoon","status":"publish","type":"product","link":"https:\/\/vetatourism.com\/tours\/porto-genoese-boat-trip-from-belek-blue-lagoon","title":{"rendered":"Porto Genoese Boat Trip from Belek &#038; Blue Lagoo"},"content":{"rendered":"<div data-start=\"1431\" data-end=\"1596\">Ihr Tag beginnt mit einer bequemen Abholung von Ihrem hotel in Belek oder in der N\u00e4he dieser Gebiete, gefolgt von einer malerischen Fahrt um <strong data-start=\"1545\" data-end=\"1561\">Adrasan Port<\/strong>,, wo Ihre boutique yacht erwartet.<\/div>\n<div data-start=\"1598\" data-end=\"1814\">Die ersten badestop ist <strong data-start=\"1625\" data-end=\"1639\">Akseki Bay<\/strong>,, wo Sie genie\u00dfen etwa 30 Minuten zum schwimmen und Schnorcheln Sie im klaren Wasser Reich an Leben im Meer. Der Meeresboden kann geh\u00f6ren Seeigel, so dass Schnorcheln Schuhe werden empfohlen.<\/div>\n<div data-start=\"1816\" data-end=\"2030\">N\u00e4chste Kreuzfahrt zu den atemberaubenden <strong data-start=\"1845\" data-end=\"1866\">Porto Ceneviz Bay<\/strong> f\u00fcr eine l\u00e4ngere Pause von rund 60 Minuten. Schwimmen im leuchtenden, t\u00fcrkisfarbenen Wasser, genie\u00dfen Sie ein Spa\u00df und erfrischenden Schlammbad, und entspannen Sie sich an Bord, w\u00e4hrend Sie ein k\u00f6stliches Mittagessen serviert wird.<\/div>\n<div data-start=\"2032\" data-end=\"2294\">Nach einer kurzen Fahrt, erreichen Sie <strong data-start=\"2064\" data-end=\"2078\">Korsan Bay<\/strong> f\u00fcr etwa 40 Minuten schwimmen und entspannen Sie in diesem ruhigen, einsamen Bucht. Wenn das Wetter und Seegang erm\u00f6glichen, die yacht auch ein Besuch der magischen <strong data-start=\"2235\" data-end=\"2252\">Fosforlu-H\u00f6hle<\/strong>, bekannt f\u00fcr seine einzigartige gl\u00fchenden Atmosph\u00e4re.<\/div>\n<div data-start=\"2296\" data-end=\"2420\">Am Ende dieses erholsamen und malerischen Reise, R\u00fcckkehr nach Adrasan Beach und genie\u00dfen Sie einen bequemen transfer zur\u00fcck zu Ihrem hotel.<\/div>\n<p>&nbsp;<\/p>\n<hr \/>\n<p>&nbsp;<\/p>\n<div class=\"tour-content-what-included\">\n<h4 id=\"whats-included\">Was ist Enthalten<\/h4>\n<ul style=\"column-count: 2;\">\n<li>Abholung von den hotels in Belek &amp; Umland<\/li>\n<li>Transfer nach Adrasan Port<\/li>\n<li>Akseki Bay schwimmen stoppen<\/li>\n<li>Porto Ceneviz Bucht schwimmen, Schlamm-Bad und Mittagessen<\/li>\n<li>Korsan Bay schwimmen stoppen<\/li>\n<li>Fosforlu-H\u00f6hle besuchen (bei sch\u00f6nem Wetter)<\/li>\n<li>R\u00fcckkehr nach Adrasan und transfer zum hotel<\/li>\n<\/ul>\n<\/div>\n<p>&nbsp;<\/p>\n<hr \/>\n<p>&nbsp;<\/p>\n<div class=\"tour-content-add-information\">\n<h4>Weitere Informationen<\/h4>\n<ul>\n<li>Full-day boat tour<\/li>\n<li>Fosforlu-H\u00f6hle besuchen, h\u00e4ngt davon ab, Seegang<\/li>\n<li>Schnorcheln Schuhe empfohlen<\/li>\n<li>Tour route kann aufgrund des Wetters \u00e4ndern<\/li>\n<\/ul>\n<p>&nbsp;<\/p>\n<\/div>\n<hr \/>\n<p>&nbsp;<\/p>\n<div class=\"tour-content-cancell-policy\">\n<p><strong>Was Sie Mitbringen<\/strong><\/p>\n<ul style=\"column-count: 2;\">\n<li>Sonnenbrillen<img decoding=\"async\" class=\"emoji\" role=\"img\" draggable=\"false\" src=\"https:\/\/s.w.org\/images\/core\/emoji\/17.0.2\/svg\/1f576.svg\" alt=\"\ud83d\udd76\ufe0f\" \/><\/li>\n<li>Sonnencreme und Hut<img decoding=\"async\" class=\"emoji\" role=\"img\" draggable=\"false\" src=\"https:\/\/s.w.org\/images\/core\/emoji\/17.0.2\/svg\/1f9e2.svg\" alt=\"\ud83e\udde2\" \/><\/li>\n<li>Badebekleidung und Handtuch <img decoding=\"async\" class=\"emoji\" role=\"img\" draggable=\"false\" src=\"https:\/\/s.w.org\/images\/core\/emoji\/17.0.2\/svg\/1fa71.svg\" alt=\"\ud83e\ude71\" \/><\/li>\n<li>Kamera oder smartphone \ud83d\udcf1<\/li>\n<li>Bargeld f\u00fcr pers\u00f6nliche Ausgaben <img decoding=\"async\" class=\"emoji\" role=\"img\" draggable=\"false\" src=\"https:\/\/s.w.org\/images\/core\/emoji\/17.0.2\/svg\/1f4b3.svg\" alt=\"\ud83d\udcb3\" \/><\/li>\n<\/ul>\n<\/div>","protected":false},"excerpt":{"rendered":"<p>Genie\u00dfen Sie eine yacht-tour von Belek nach Porto Ceneviz, Akseki und Korsan Buchten. Schwimmen, genie\u00dfen Sie ein Schlammbad, ein Mittagessen an Bord und Transfer zum hotel enthalten.<\/p>","protected":false},"featured_media":13109,"comment_status":"open","ping_status":"closed","template":"","meta":[],"product_brand":[],"product_cat":[15],"product_tag":[],"class_list":{"0":"post-13063","1":"product","2":"type-product","3":"status-publish","4":"has-post-thumbnail","6":"tour_phys-tours","7":"product_cat-non-classe","8":"pa_activity-porto-genoese-bay","9":"pa_destination-belek","11":"first","12":"instock","13":"shipping-taxable","14":"purchasable","15":"product-type-tour_phys"},"_links":{"self":[{"href":"https:\/\/vetatourism.com\/de\/wp-json\/wp\/v2\/product\/13063","targetHints":{"allow":["GET"]}}],"collection":[{"href":"https:\/\/vetatourism.com\/de\/wp-json\/wp\/v2\/product"}],"about":[{"href":"https:\/\/vetatourism.com\/de\/wp-json\/wp\/v2\/types\/product"}],"replies":[{"embeddable":true,"href":"https:\/\/vetatourism.com\/de\/wp-json\/wp\/v2\/comments?post=13063"}],"wp:featuredmedia":[{"embeddable":true,"href":"https:\/\/vetatourism.com\/de\/wp-json\/wp\/v2\/media\/13109"}],"wp:attachment":[{"href":"https:\/\/vetatourism.com\/de\/wp-json\/wp\/v2\/media?parent=13063"}],"wp:term":[{"taxonomy":"product_brand","embeddable":true,"href":"https:\/\/vetatourism.com\/de\/wp-json\/wp\/v2\/product_brand?post=13063"},{"taxonomy":"product_cat","embeddable":true,"href":"https:\/\/vetatourism.com\/de\/wp-json\/wp\/v2\/product_cat?post=13063"},{"taxonomy":"product_tag","embeddable":true,"href":"https:\/\/vetatourism.com\/de\/wp-json\/wp\/v2\/product_tag?post=13063"}],"curies":[{"name":"wp","href":"https:\/\/api.w.org\/{rel}","templated":true}]}}